{"id":12229,"date":"2022-11-27T12:07:33","date_gmt":"2022-11-27T11:07:33","guid":{"rendered":"https:\/\/www.dream-x.ch\/product\/svakom-adonis-lila\/"},"modified":"2022-11-27T12:07:33","modified_gmt":"2022-11-27T11:07:33","slug":"svakom-adonis-lila","status":"publish","type":"product","link":"https:\/\/www.dream-x.ch\/de\/product\/svakom-adonis-lila\/","title":{"rendered":"Svakom &#8211; Adonis &#8211; Lila"},"content":{"rendered":"<ul class=\"usp-list\">\n<li class=\"usp-list--element\">Kaninchenvibrator mit gerillter Oberfl\u00e4che<\/li>\n<li class=\"usp-list--element\"><i class=\"icon icon-check usp-list__icon\"><\/i><strong>Heizfunktion bis zu 38\u00b0 C<\/strong> in der Spitze<\/li>\n<li class=\"usp-list--element\"><i class=\"icon icon-check usp-list__icon\"><\/i>Ergonomische Gestaltung<\/li>\n<li class=\"usp-list--element\"><i class=\"icon icon-check usp-list__icon\"><\/i>7 Vibrationsmodi in 5 Intensit\u00e4ten<\/li>\n<li class=\"usp-list--element\"><i class=\"icon icon-check usp-list__icon\"><\/i>Mit SVAKOM Intelligenter Modus<\/li>\n<li class=\"usp-list--element\"><i class=\"icon icon-check usp-list__icon\"><\/i>Wiederaufladbar mit dem USB-Kabel<\/li>\n<\/ul>\n<p>W\u00e4rmende Funktion und raffinierte, stimulierende Rillen!<br \/>\n<strong>Adonis<\/strong> ist ein ergonomisch geformter Kaninchenvibrator, der sich perfekt an die weiblichen Konturen anpasst. Mit intensiv stimulierenden Rillen an der G-Punkt-Spitze und dem Klitoris-Stimulator. <strong>Adonis kann sich auf bis zu 38\u00baC erw\u00e4rmen<\/strong> und bietet ein lebendiges, k\u00f6rperwarmes Gef\u00fchl. Stimuliert mit 7 fl\u00fcsterleisen Vibrationsmodi in 5 verschiedenen Intensit\u00e4ten. Der zus\u00e4tzliche SVAKOM Intelligent Modus imitiert die zunehmenden Frequenzen von echtem Sex zum H\u00f6hepunkt hin. Bequem per Knopfdruck einstellbar. Inklusive einer praktischen Aufbewahrungstasche und einem USB-Kabel zum Aufladen.<\/p>\n<p><strong>Farbe: <\/strong>lila<strong><br \/>\nMa\u00dfe<\/strong>: Gesamtl\u00e4nge 21 cm, Einf\u00fchrtiefe 12,3 cm, \u00d8 2,8-3,9 cm.<br \/>\n<strong>Gewicht<\/strong>: 504 g.<br \/>\n<strong>Materialien<\/strong>: Silikon mit PU-Beschichtung, ABS.<br \/>\n<b>R\u00fcckgabe<\/b>: Dieser Artikel kann aus Gesundheits- und Sicherheitsgr\u00fcnden weder zur\u00fcckgegeben noch umgetauscht werden.<\/p>\n","protected":false},"excerpt":{"rendered":"<p>W\u00e4rmende Funktion und raffinierte, stimulierende Rillen!<br \/>\n<strong>Adonis<\/strong> ist ein ergonomisch geformter Kaninchenvibrator, der sich perfekt an die weiblichen Konturen anpasst. Mit intensiv stimulierenden Rillen an der G-Punkt-Spitze und dem Klitoris-Stimulator. <strong>Adonis kann sich auf bis zu 38\u00baC erw\u00e4rmen<\/strong> und bietet ein lebendiges, k\u00f6rperwarmes Gef\u00fchl.<\/p>\n","protected":false},"featured_media":8633,"comment_status":"open","ping_status":"closed","template":"","meta":{"site-sidebar-layout":"default","site-content-layout":"default","ast-site-content-layout":"default","site-content-style":"default","site-sidebar-style":"default","ast-global-header-display":"","ast-banner-title-visibility":"","ast-main-header-display":"","ast-hfb-above-header-display":"","ast-hfb-below-header-display":"","ast-hfb-mobile-header-display":"","site-post-title":"","ast-breadcrumbs-content":"","ast-featured-img":"","footer-sml-layout":"","ast-disable-related-posts":"","theme-transparent-header-meta":"default","adv-header-id-meta":"","stick-header-meta":"default","header-above-stick-meta":"","header-main-stick-meta":"","header-below-stick-meta":"","astra-migrate-meta-layouts":"default","ast-page-background-enabled":"default","ast-page-background-meta":{"desktop":{"background-color":"","background-image":"","background-repeat":"repeat","background-position":"center center","background-size":"auto","background-attachment":"scroll","background-type":"","background-media":"","overlay-type":"","overlay-color":"","overlay-opacity":"","overlay-gradient":""},"tablet":{"background-color":"","background-image":"","background-repeat":"repeat","background-position":"center center","background-size":"auto","background-attachment":"scroll","background-type":"","background-media":"","overlay-type":"","overlay-color":"","overlay-opacity":"","overlay-gradient":""},"mobile":{"background-color":"","background-image":"","background-repeat":"repeat","background-position":"center center","background-size":"auto","background-attachment":"scroll","background-type":"","background-media":"","overlay-type":"","overlay-color":"","overlay-opacity":"","overlay-gradient":""}},"ast-content-background-meta":{"desktop":{"background-color":"var(--ast-global-color-5)","background-image":"","background-repeat":"repeat","background-position":"center center","background-size":"auto","background-attachment":"scroll","background-type":"","background-media":"","overlay-type":"","overlay-color":"","overlay-opacity":"","overlay-gradient":""},"tablet":{"background-color":"var(--ast-global-color-5)","background-image":"","background-repeat":"repeat","background-position":"center center","background-size":"auto","background-attachment":"scroll","background-type":"","background-media":"","overlay-type":"","overlay-color":"","overlay-opacity":"","overlay-gradient":""},"mobile":{"background-color":"var(--ast-global-color-5)","background-image":"","background-repeat":"repeat","background-position":"center center","background-size":"auto","background-attachment":"scroll","background-type":"","background-media":"","overlay-type":"","overlay-color":"","overlay-opacity":"","overlay-gradient":""}}},"product_brand":[],"product_cat":[398,399,397,394,386,415],"product_tag":[401],"class_list":{"0":"post-12229","1":"product","2":"type-product","3":"status-publish","4":"has-post-thumbnail","6":"product_cat-g-punkt-vibratoren","7":"product_cat-kaninchen-vibratoren","8":"product_cat-klitoris-vibrator","9":"product_cat-sexspielzeug","10":"product_cat-svakom-de","11":"product_cat-vibratoren","12":"product_tag-kaninchen-vibrator-de","13":"product_shipping_class-verfugbar-in-2-3-wochen","14":"desktop-align-center","15":"tablet-align-left","16":"mobile-align-left","17":"ast-product-gallery-layout-horizontal-slider","18":"ast-product-tabs-layout-horizontal","20":"first","21":"instock","22":"taxable","23":"shipping-taxable","24":"purchasable","25":"product-type-simple"},"bundled_by":[],"bundle_stock_status":"instock","bundle_stock_quantity":1,"bundle_virtual":false,"bundle_layout":"","bundle_add_to_cart_form_location":"","bundle_editable_in_cart":false,"bundle_sold_individually_context":"","bundle_item_grouping":"","bundle_min_size":"","bundle_max_size":"","bundle_price":[],"bundled_items":[],"bundle_sell_ids":[],"_links":{"self":[{"href":"https:\/\/www.dream-x.ch\/de\/wp-json\/wp\/v2\/product\/12229","targetHints":{"allow":["GET"]}}],"collection":[{"href":"https:\/\/www.dream-x.ch\/de\/wp-json\/wp\/v2\/product"}],"about":[{"href":"https:\/\/www.dream-x.ch\/de\/wp-json\/wp\/v2\/types\/product"}],"replies":[{"embeddable":true,"href":"https:\/\/www.dream-x.ch\/de\/wp-json\/wp\/v2\/comments?post=12229"}],"version-history":[{"count":0,"href":"https:\/\/www.dream-x.ch\/de\/wp-json\/wp\/v2\/product\/12229\/revisions"}],"wp:featuredmedia":[{"embeddable":true,"href":"https:\/\/www.dream-x.ch\/de\/wp-json\/wp\/v2\/media\/8633"}],"wp:attachment":[{"href":"https:\/\/www.dream-x.ch\/de\/wp-json\/wp\/v2\/media?parent=12229"}],"wp:term":[{"taxonomy":"product_brand","embeddable":true,"href":"https:\/\/www.dream-x.ch\/de\/wp-json\/wp\/v2\/product_brand?post=12229"},{"taxonomy":"product_cat","embeddable":true,"href":"https:\/\/www.dream-x.ch\/de\/wp-json\/wp\/v2\/product_cat?post=12229"},{"taxonomy":"product_tag","embeddable":true,"href":"https:\/\/www.dream-x.ch\/de\/wp-json\/wp\/v2\/product_tag?post=12229"}],"curies":[{"name":"wp","href":"https:\/\/api.w.org\/{rel}","templated":true}]}}