{"id":12228,"date":"2022-11-27T12:07:34","date_gmt":"2022-11-27T11:07:34","guid":{"rendered":"https:\/\/www.dream-x.ch\/product\/svakom-cici-lila\/"},"modified":"2022-11-27T12:07:34","modified_gmt":"2022-11-27T11:07:34","slug":"svakom-cici-lila","status":"publish","type":"product","link":"https:\/\/www.dream-x.ch\/de\/product\/svakom-cici-lila\/","title":{"rendered":"Svakom &#8211; Cici &#8211; Lila"},"content":{"rendered":"<ul class=\"usp-list\">\n<li class=\"usp-list--element\">Intelligenter G\/P-Punkt-Vibrator<\/li>\n<li class=\"usp-list--element\"><i class=\"icon icon-check usp-list__icon\"><\/i>Flexibler R\u00fcttlerkopf<\/li>\n<li class=\"usp-list--element\"><i class=\"icon icon-check usp-list__icon\"><\/i>5 Vibrationsmodi in 5 Intensit\u00e4ten<\/li>\n<li class=\"usp-list--element\"><i class=\"icon icon-check usp-list__icon\"><\/i>Intensiv stimulierende gerillte Textur<\/li>\n<li class=\"usp-list--element\"><i class=\"icon icon-check usp-list__icon\"><\/i>Wasserdicht<\/li>\n<li class=\"usp-list--element\"><i class=\"icon icon-check usp-list__icon\"><\/i>Wiederaufladbar mit dem USB-Kabel<\/li>\n<\/ul>\n<p>Flexibler Allrounder!<br \/>\n<strong>Cici ist ein wiederaufladbarer G\/P-Punkt-Vibrator<\/strong> aus seidigem Soft-Touch-Material. Mit 5 fl\u00fcsterleisen Vibrationsmodi in 5 verschiedenen Intensit\u00e4ten, die f\u00fcr viel Abwechslung sorgen. Der flexible Vibratorkopf l\u00e4sst sich in jede Richtung biegen, so dass jede Stelle des K\u00f6rpers leicht erreicht werden kann. Die sinnliche Rillenstruktur sorgt f\u00fcr eine stimulierende Oberfl\u00e4che. Bequem per Tastendruck steuerbar. Wasserdicht.<\/p>\n<p>Inklusive Aufbewahrungstasche und USB-Kabel.<\/p>\n<p><strong>Farbe: <\/strong>lila<strong><br \/>\n<\/strong><strong>Abmessungen<\/strong>: Gesamtl\u00e4nge 18,2 cm, \u00d8 1,1-2,5 cm<br \/>\n<strong>Gewicht<\/strong>: 339 g.<br \/>\n<strong>Materialien<\/strong>: Silikon mit PU-Beschichtung.<br \/>\n<b>R\u00fcckgabe<\/b>: Dieser Artikel kann aus Gesundheits- und Sicherheitsgr\u00fcnden weder zur\u00fcckgegeben noch umgetauscht werden.<\/p>\n","protected":false},"excerpt":{"rendered":"<p>Flexibler Allrounder!<br \/>\n<strong>Cici ist ein wiederaufladbarer G\/P-Punkt-Vibrator<\/strong> aus seidigem Soft-Touch-Material. Mit 5 fl\u00fcsterleisen Vibrationsmodi in 5 verschiedenen Intensit\u00e4ten, die f\u00fcr viel Abwechslung sorgen. Der flexible Vibratorkopf l\u00e4sst sich in jede Richtung biegen, so dass jede Stelle des K\u00f6rpers leicht erreicht werden kann. Die sinnliche Rillenstruktur sorgt f\u00fcr eine stimulierende Oberfl\u00e4che. Bequem per Tastendruck steuerbar. Wasserdicht.<\/p>\n","protected":false},"featured_media":8503,"comment_status":"open","ping_status":"closed","template":"","meta":{"site-sidebar-layout":"default","site-content-layout":"default","ast-site-content-layout":"default","site-content-style":"default","site-sidebar-style":"default","ast-global-header-display":"","ast-banner-title-visibility":"","ast-main-header-display":"","ast-hfb-above-header-display":"","ast-hfb-below-header-display":"","ast-hfb-mobile-header-display":"","site-post-title":"","ast-breadcrumbs-content":"","ast-featured-img":"","footer-sml-layout":"","ast-disable-related-posts":"","theme-transparent-header-meta":"default","adv-header-id-meta":"","stick-header-meta":"default","header-above-stick-meta":"","header-main-stick-meta":"","header-below-stick-meta":"","astra-migrate-meta-layouts":"default","ast-page-background-enabled":"default","ast-page-background-meta":{"desktop":{"background-color":"","background-image":"","background-repeat":"repeat","background-position":"center center","background-size":"auto","background-attachment":"scroll","background-type":"","background-media":"","overlay-type":"","overlay-color":"","overlay-opacity":"","overlay-gradient":""},"tablet":{"background-color":"","background-image":"","background-repeat":"repeat","background-position":"center center","background-size":"auto","background-attachment":"scroll","background-type":"","background-media":"","overlay-type":"","overlay-color":"","overlay-opacity":"","overlay-gradient":""},"mobile":{"background-color":"","background-image":"","background-repeat":"repeat","background-position":"center center","background-size":"auto","background-attachment":"scroll","background-type":"","background-media":"","overlay-type":"","overlay-color":"","overlay-opacity":"","overlay-gradient":""}},"ast-content-background-meta":{"desktop":{"background-color":"var(--ast-global-color-5)","background-image":"","background-repeat":"repeat","background-position":"center center","background-size":"auto","background-attachment":"scroll","background-type":"","background-media":"","overlay-type":"","overlay-color":"","overlay-opacity":"","overlay-gradient":""},"tablet":{"background-color":"var(--ast-global-color-5)","background-image":"","background-repeat":"repeat","background-position":"center center","background-size":"auto","background-attachment":"scroll","background-type":"","background-media":"","overlay-type":"","overlay-color":"","overlay-opacity":"","overlay-gradient":""},"mobile":{"background-color":"var(--ast-global-color-5)","background-image":"","background-repeat":"repeat","background-position":"center center","background-size":"auto","background-attachment":"scroll","background-type":"","background-media":"","overlay-type":"","overlay-color":"","overlay-opacity":"","overlay-gradient":""}}},"product_brand":[],"product_cat":[398,392,394,386,415],"product_tag":[491],"class_list":{"0":"post-12228","1":"product","2":"type-product","3":"status-publish","4":"has-post-thumbnail","6":"product_cat-g-punkt-vibratoren","7":"product_cat-paare-vibrators","8":"product_cat-sexspielzeug","9":"product_cat-svakom-de","10":"product_cat-vibratoren","11":"product_tag-g-punkt-vibrator","12":"product_shipping_class-verfugbar-in-2-3-wochen","13":"desktop-align-center","14":"tablet-align-left","15":"mobile-align-left","16":"ast-product-gallery-layout-horizontal-slider","17":"ast-product-tabs-layout-horizontal","19":"first","20":"instock","21":"taxable","22":"shipping-taxable","23":"purchasable","24":"product-type-simple"},"bundled_by":[],"bundle_stock_status":"instock","bundle_stock_quantity":100,"bundle_virtual":false,"bundle_layout":"","bundle_add_to_cart_form_location":"","bundle_editable_in_cart":false,"bundle_sold_individually_context":"","bundle_item_grouping":"","bundle_min_size":"","bundle_max_size":"","bundle_price":[],"bundled_items":[],"bundle_sell_ids":[],"_links":{"self":[{"href":"https:\/\/www.dream-x.ch\/de\/wp-json\/wp\/v2\/product\/12228","targetHints":{"allow":["GET"]}}],"collection":[{"href":"https:\/\/www.dream-x.ch\/de\/wp-json\/wp\/v2\/product"}],"about":[{"href":"https:\/\/www.dream-x.ch\/de\/wp-json\/wp\/v2\/types\/product"}],"replies":[{"embeddable":true,"href":"https:\/\/www.dream-x.ch\/de\/wp-json\/wp\/v2\/comments?post=12228"}],"version-history":[{"count":0,"href":"https:\/\/www.dream-x.ch\/de\/wp-json\/wp\/v2\/product\/12228\/revisions"}],"wp:featuredmedia":[{"embeddable":true,"href":"https:\/\/www.dream-x.ch\/de\/wp-json\/wp\/v2\/media\/8503"}],"wp:attachment":[{"href":"https:\/\/www.dream-x.ch\/de\/wp-json\/wp\/v2\/media?parent=12228"}],"wp:term":[{"taxonomy":"product_brand","embeddable":true,"href":"https:\/\/www.dream-x.ch\/de\/wp-json\/wp\/v2\/product_brand?post=12228"},{"taxonomy":"product_cat","embeddable":true,"href":"https:\/\/www.dream-x.ch\/de\/wp-json\/wp\/v2\/product_cat?post=12228"},{"taxonomy":"product_tag","embeddable":true,"href":"https:\/\/www.dream-x.ch\/de\/wp-json\/wp\/v2\/product_tag?post=12228"}],"curies":[{"name":"wp","href":"https:\/\/api.w.org\/{rel}","templated":true}]}}