{"id":12226,"date":"2022-11-27T12:07:39","date_gmt":"2022-11-27T11:07:39","guid":{"rendered":"https:\/\/www.dream-x.ch\/product\/svakom-julie-lila\/"},"modified":"2022-11-27T12:07:39","modified_gmt":"2022-11-27T11:07:39","slug":"svakom-julie-lila","status":"publish","type":"product","link":"https:\/\/www.dream-x.ch\/de\/product\/svakom-julie-lila\/","title":{"rendered":"Svakom &#8211; Julie &#8211; Lila"},"content":{"rendered":"<ul class=\"usp-list\">\n<li class=\"usp-list--element\">Ergonomisches Prostatamassageger\u00e4t<\/li>\n<li class=\"usp-list--element\"><i class=\"icon icon-check usp-list__icon\"><\/i>5 Vibrationsmodi in 5 Intensit\u00e4ten<\/li>\n<li class=\"usp-list--element\"><i class=\"icon icon-check usp-list__icon\"><\/i>Zus\u00e4tzlicher SVAKOM Intelligenter Modus<\/li>\n<li class=\"usp-list--element\"><i class=\"icon icon-check usp-list__icon\"><\/i>Mit Fernsteuerung<\/li>\n<li class=\"usp-list--element\"><i class=\"icon icon-check usp-list__icon\"><\/i>Kann \u00fcber ein USB-Kabel aufgeladen werden<\/li>\n<\/ul>\n<p>F\u00fcr anale Vergn\u00fcgungen!<br \/>\n<strong>Julie ist ein ergonomisch gebogener Butt Plug<\/strong> f\u00fcr eine pr\u00e4zise Prostatamassage. Auch f\u00fcr eine intensive G-Punkt-Stimulation geeignet. Stimuliert mit 5 kraftvollen Vibrationsmodi in 5 verschiedenen Intensit\u00e4ten. Der zus\u00e4tzliche SVAKOM Intelligent Modus imitiert die zunehmenden Frequenzen von echtem Sex zum H\u00f6hepunkt hin. Bequem per Tastendruck einstellbar, entweder am Ger\u00e4t selbst oder an der Fernbedienung. Inklusive einer praktischen Aufbewahrungstasche, einem USB-Kabel zum Aufladen und Batterien f\u00fcr die Fernbedienung.<\/p>\n<p><strong>Farbe: <\/strong>lila<strong><br \/>\nAbmessungen<\/strong>: Gesamtl\u00e4nge 10,2 cm, Einstecktiefe 6,7 cm, \u00d8 1,3-2,8 cm.<br \/>\n<strong>Gewicht<\/strong>: 291 g.<br \/>\n<strong>Materialien<\/strong>: Silikon mit einer PU-Beschichtung, ABS.<br \/>\n<b>R\u00fcckgabe<\/b>: Dieser Artikel kann aus Gesundheits- und Sicherheitsgr\u00fcnden weder zur\u00fcckgegeben noch umgetauscht werden.<\/p>\n","protected":false},"excerpt":{"rendered":"<p>F\u00fcr anale Vergn\u00fcgungen!<br \/>\n<strong>Julie ist ein ergonomisch gebogener Butt Plug<\/strong> f\u00fcr eine pr\u00e4zise Prostatamassage. Auch f\u00fcr eine intensive G-Punkt-Stimulation geeignet. Stimuliert mit 5 kraftvollen Vibrationsmodi in 5 verschiedenen Intensit\u00e4ten. Der zus\u00e4tzliche SVAKOM Intelligent Modus imitiert die zunehmenden Frequenzen von echtem Sex zum H\u00f6hepunkt hin.<\/p>\n","protected":false},"featured_media":8554,"comment_status":"open","ping_status":"closed","template":"","meta":{"site-sidebar-layout":"default","site-content-layout":"default","ast-site-content-layout":"default","site-content-style":"default","site-sidebar-style":"default","ast-global-header-display":"","ast-banner-title-visibility":"","ast-main-header-display":"","ast-hfb-above-header-display":"","ast-hfb-below-header-display":"","ast-hfb-mobile-header-display":"","site-post-title":"","ast-breadcrumbs-content":"","ast-featured-img":"","footer-sml-layout":"","ast-disable-related-posts":"","theme-transparent-header-meta":"default","adv-header-id-meta":"","stick-header-meta":"default","header-above-stick-meta":"","header-main-stick-meta":"","header-below-stick-meta":"","astra-migrate-meta-layouts":"default","ast-page-background-enabled":"default","ast-page-background-meta":{"desktop":{"background-color":"","background-image":"","background-repeat":"repeat","background-position":"center center","background-size":"auto","background-attachment":"scroll","background-type":"","background-media":"","overlay-type":"","overlay-color":"","overlay-opacity":"","overlay-gradient":""},"tablet":{"background-color":"","background-image":"","background-repeat":"repeat","background-position":"center center","background-size":"auto","background-attachment":"scroll","background-type":"","background-media":"","overlay-type":"","overlay-color":"","overlay-opacity":"","overlay-gradient":""},"mobile":{"background-color":"","background-image":"","background-repeat":"repeat","background-position":"center center","background-size":"auto","background-attachment":"scroll","background-type":"","background-media":"","overlay-type":"","overlay-color":"","overlay-opacity":"","overlay-gradient":""}},"ast-content-background-meta":{"desktop":{"background-color":"var(--ast-global-color-5)","background-image":"","background-repeat":"repeat","background-position":"center center","background-size":"auto","background-attachment":"scroll","background-type":"","background-media":"","overlay-type":"","overlay-color":"","overlay-opacity":"","overlay-gradient":""},"tablet":{"background-color":"var(--ast-global-color-5)","background-image":"","background-repeat":"repeat","background-position":"center center","background-size":"auto","background-attachment":"scroll","background-type":"","background-media":"","overlay-type":"","overlay-color":"","overlay-opacity":"","overlay-gradient":""},"mobile":{"background-color":"var(--ast-global-color-5)","background-image":"","background-repeat":"repeat","background-position":"center center","background-size":"auto","background-attachment":"scroll","background-type":"","background-media":"","overlay-type":"","overlay-color":"","overlay-opacity":"","overlay-gradient":""}}},"product_brand":[],"product_cat":[431,432,430,444,392,394,395,446,386,415],"product_tag":[499],"class_list":{"0":"post-12226","1":"product","2":"type-product","3":"status-publish","4":"has-post-thumbnail","6":"product_cat-anal-plug-de","7":"product_cat-anal-vibratoren","8":"product_cat-analspielzeug","9":"product_cat-manner-vibratoren","10":"product_cat-paare-vibrators","11":"product_cat-sexspielzeug","12":"product_cat-sexspielzeug-fur-manner","13":"product_cat-sexspielzeug-fur-paare","14":"product_cat-svakom-de","15":"product_cat-vibratoren","16":"product_tag-analvibrator","17":"product_shipping_class-verfugbar-in-2-3-wochen","18":"desktop-align-center","19":"tablet-align-left","20":"mobile-align-left","21":"ast-product-gallery-layout-horizontal-slider","22":"ast-product-tabs-layout-horizontal","24":"first","25":"instock","26":"taxable","27":"shipping-taxable","28":"purchasable","29":"product-type-simple"},"bundled_by":[],"bundle_stock_status":"instock","bundle_stock_quantity":100,"bundle_virtual":false,"bundle_layout":"","bundle_add_to_cart_form_location":"","bundle_editable_in_cart":false,"bundle_sold_individually_context":"","bundle_item_grouping":"","bundle_min_size":"","bundle_max_size":"","bundle_price":[],"bundled_items":[],"bundle_sell_ids":[],"_links":{"self":[{"href":"https:\/\/www.dream-x.ch\/de\/wp-json\/wp\/v2\/product\/12226","targetHints":{"allow":["GET"]}}],"collection":[{"href":"https:\/\/www.dream-x.ch\/de\/wp-json\/wp\/v2\/product"}],"about":[{"href":"https:\/\/www.dream-x.ch\/de\/wp-json\/wp\/v2\/types\/product"}],"replies":[{"embeddable":true,"href":"https:\/\/www.dream-x.ch\/de\/wp-json\/wp\/v2\/comments?post=12226"}],"version-history":[{"count":0,"href":"https:\/\/www.dream-x.ch\/de\/wp-json\/wp\/v2\/product\/12226\/revisions"}],"wp:featuredmedia":[{"embeddable":true,"href":"https:\/\/www.dream-x.ch\/de\/wp-json\/wp\/v2\/media\/8554"}],"wp:attachment":[{"href":"https:\/\/www.dream-x.ch\/de\/wp-json\/wp\/v2\/media?parent=12226"}],"wp:term":[{"taxonomy":"product_brand","embeddable":true,"href":"https:\/\/www.dream-x.ch\/de\/wp-json\/wp\/v2\/product_brand?post=12226"},{"taxonomy":"product_cat","embeddable":true,"href":"https:\/\/www.dream-x.ch\/de\/wp-json\/wp\/v2\/product_cat?post=12226"},{"taxonomy":"product_tag","embeddable":true,"href":"https:\/\/www.dream-x.ch\/de\/wp-json\/wp\/v2\/product_tag?post=12226"}],"curies":[{"name":"wp","href":"https:\/\/api.w.org\/{rel}","templated":true}]}}