{"id":12225,"date":"2022-11-27T12:07:40","date_gmt":"2022-11-27T11:07:40","guid":{"rendered":"https:\/\/www.dream-x.ch\/product\/svakom-anya-pflaume-rosa\/"},"modified":"2022-11-27T12:07:40","modified_gmt":"2022-11-27T11:07:40","slug":"svakom-anya-pflaume-rosa","status":"publish","type":"product","link":"https:\/\/www.dream-x.ch\/de\/product\/svakom-anya-pflaume-rosa\/","title":{"rendered":"Svakom &#8211; Anya Pflaume &#8211; Rosa"},"content":{"rendered":"<ul class=\"usp-list\">\n<li class=\"usp-list--element\">Der Allrounder f\u00fcr jeden erotischen Anlass<\/li>\n<li class=\"usp-list--element\"><i class=\"icon icon-check usp-list__icon\"><\/i>Heizfunktion bis zu 38\u00b0 C in der Spitze<\/li>\n<li class=\"usp-list--element\"><i class=\"icon icon-check usp-list__icon\"><\/i>5 Vibrationsmodi in 5 Intensit\u00e4ten<\/li>\n<li class=\"usp-list--element\"><i class=\"icon icon-check usp-list__icon\"><\/i>Zus\u00e4tzlicher SVAKOM Intelligenter Modus<\/li>\n<li class=\"usp-list--element\"><i class=\"icon icon-check usp-list__icon\"><\/i>Samtig weiche Oberfl\u00e4che mit stimulierenden Rillen<\/li>\n<li class=\"usp-list--element\"><i class=\"icon icon-check usp-list__icon\"><\/i>Wiederaufladbar mit dem USB-Kabel<\/li>\n<\/ul>\n<p>F\u00fcr hei\u00dfe Stunden!<br \/>\nDer <strong>Anya Plum<\/strong> ist ein hochwertiger Vibrator aus weichem Silikon mit stimulierenden Rillen am Schaft. Mit 6 Vibrationsmodi und 5 Geschwindigkeiten f\u00fcr ein abwechslungsreiches Vergn\u00fcgen. Das Highlight dieses Vibrators ist die W\u00e4rmefunktion, die <strong>den Vibrator auf bis zu 38\u00b0C erw\u00e4rmen kann<\/strong> und ein sch\u00f6nes und sehr lebensechtes Gef\u00fchl vermittelt. Zus\u00e4tzlich gibt es den Svakom-Modus, bei dem alle Modi und Geschwindigkeiten zuf\u00e4llig gemischt werden. Inklusive Aufbewahrungstasche und USB-Kabel.<\/p>\n<p><strong>Farbe: <\/strong>rosa<strong><br \/>\nMa\u00dfe<\/strong>: Gesamtl\u00e4nge 19,5 cm, Einf\u00fchrtiefe 12,5 cm, \u00d8 2,6 &#8211; 3,2 cm.<br \/>\n<strong>Gewicht<\/strong>: 446 g.<br \/>\n<strong>Materialien<\/strong>: Silikon mit PU, ABS.<br \/>\n<b>R\u00fcckgabe<\/b>: Dieser Artikel kann aus Gesundheits- und Sicherheitsgr\u00fcnden weder zur\u00fcckgegeben noch umgetauscht werden.<\/p>\n","protected":false},"excerpt":{"rendered":"<p>F\u00fcr hei\u00dfe Stunden!<br \/>\nDer <strong>Anya Plum<\/strong> ist ein hochwertiger Vibrator aus weichem Silikon mit stimulierenden Rillen am Schaft. Mit 6 Vibrationsmodi und 5 Geschwindigkeiten f\u00fcr ein abwechslungsreiches Vergn\u00fcgen. Das Highlight dieses Vibrators ist die W\u00e4rmefunktion, die <strong>den Vibrator auf bis zu 38\u00b0C erw\u00e4rmen kann<\/strong> und ein sch\u00f6nes und sehr lebensechtes Gef\u00fchl vermittelt. Zus\u00e4tzlich gibt es den Svakom-Modus, bei dem alle Modi und Geschwindigkeiten zuf\u00e4llig gemischt werden.<\/p>\n","protected":false},"featured_media":8328,"comment_status":"open","ping_status":"closed","template":"","meta":{"site-sidebar-layout":"default","site-content-layout":"default","ast-site-content-layout":"default","site-content-style":"default","site-sidebar-style":"default","ast-global-header-display":"","ast-banner-title-visibility":"","ast-main-header-display":"","ast-hfb-above-header-display":"","ast-hfb-below-header-display":"","ast-hfb-mobile-header-display":"","site-post-title":"","ast-breadcrumbs-content":"","ast-featured-img":"","footer-sml-layout":"","ast-disable-related-posts":"","theme-transparent-header-meta":"default","adv-header-id-meta":"","stick-header-meta":"default","header-above-stick-meta":"","header-main-stick-meta":"","header-below-stick-meta":"","astra-migrate-meta-layouts":"default","ast-page-background-enabled":"default","ast-page-background-meta":{"desktop":{"background-color":"","background-image":"","background-repeat":"repeat","background-position":"center center","background-size":"auto","background-attachment":"scroll","background-type":"","background-media":"","overlay-type":"","overlay-color":"","overlay-opacity":"","overlay-gradient":""},"tablet":{"background-color":"","background-image":"","background-repeat":"repeat","background-position":"center center","background-size":"auto","background-attachment":"scroll","background-type":"","background-media":"","overlay-type":"","overlay-color":"","overlay-opacity":"","overlay-gradient":""},"mobile":{"background-color":"","background-image":"","background-repeat":"repeat","background-position":"center center","background-size":"auto","background-attachment":"scroll","background-type":"","background-media":"","overlay-type":"","overlay-color":"","overlay-opacity":"","overlay-gradient":""}},"ast-content-background-meta":{"desktop":{"background-color":"var(--ast-global-color-5)","background-image":"","background-repeat":"repeat","background-position":"center center","background-size":"auto","background-attachment":"scroll","background-type":"","background-media":"","overlay-type":"","overlay-color":"","overlay-opacity":"","overlay-gradient":""},"tablet":{"background-color":"var(--ast-global-color-5)","background-image":"","background-repeat":"repeat","background-position":"center center","background-size":"auto","background-attachment":"scroll","background-type":"","background-media":"","overlay-type":"","overlay-color":"","overlay-opacity":"","overlay-gradient":""},"mobile":{"background-color":"var(--ast-global-color-5)","background-image":"","background-repeat":"repeat","background-position":"center center","background-size":"auto","background-attachment":"scroll","background-type":"","background-media":"","overlay-type":"","overlay-color":"","overlay-opacity":"","overlay-gradient":""}}},"product_brand":[],"product_cat":[391,392,386],"product_tag":[],"class_list":{"0":"post-12225","1":"product","2":"type-product","3":"status-publish","4":"has-post-thumbnail","6":"product_cat-klassische-vibratore","7":"product_cat-paare-vibrators","8":"product_cat-svakom-de","9":"product_shipping_class-verfugbar-in-2-3-wochen","10":"desktop-align-center","11":"tablet-align-left","12":"mobile-align-left","13":"ast-product-gallery-layout-horizontal-slider","14":"ast-product-tabs-layout-horizontal","16":"first","17":"outofstock","18":"taxable","19":"shipping-taxable","20":"purchasable","21":"product-type-simple"},"bundled_by":[],"bundle_stock_status":"outofstock","bundle_stock_quantity":0,"bundle_virtual":false,"bundle_layout":"","bundle_add_to_cart_form_location":"","bundle_editable_in_cart":false,"bundle_sold_individually_context":"","bundle_item_grouping":"","bundle_min_size":"","bundle_max_size":"","bundle_price":[],"bundled_items":[],"bundle_sell_ids":[12174,12200],"_links":{"self":[{"href":"https:\/\/www.dream-x.ch\/de\/wp-json\/wp\/v2\/product\/12225","targetHints":{"allow":["GET"]}}],"collection":[{"href":"https:\/\/www.dream-x.ch\/de\/wp-json\/wp\/v2\/product"}],"about":[{"href":"https:\/\/www.dream-x.ch\/de\/wp-json\/wp\/v2\/types\/product"}],"replies":[{"embeddable":true,"href":"https:\/\/www.dream-x.ch\/de\/wp-json\/wp\/v2\/comments?post=12225"}],"version-history":[{"count":0,"href":"https:\/\/www.dream-x.ch\/de\/wp-json\/wp\/v2\/product\/12225\/revisions"}],"wp:featuredmedia":[{"embeddable":true,"href":"https:\/\/www.dream-x.ch\/de\/wp-json\/wp\/v2\/media\/8328"}],"wp:attachment":[{"href":"https:\/\/www.dream-x.ch\/de\/wp-json\/wp\/v2\/media?parent=12225"}],"wp:term":[{"taxonomy":"product_brand","embeddable":true,"href":"https:\/\/www.dream-x.ch\/de\/wp-json\/wp\/v2\/product_brand?post=12225"},{"taxonomy":"product_cat","embeddable":true,"href":"https:\/\/www.dream-x.ch\/de\/wp-json\/wp\/v2\/product_cat?post=12225"},{"taxonomy":"product_tag","embeddable":true,"href":"https:\/\/www.dream-x.ch\/de\/wp-json\/wp\/v2\/product_tag?post=12225"}],"curies":[{"name":"wp","href":"https:\/\/api.w.org\/{rel}","templated":true}]}}