{"id":12224,"date":"2022-11-27T12:07:40","date_gmt":"2022-11-27T11:07:40","guid":{"rendered":"https:\/\/www.dream-x.ch\/product\/svakom-vick-schwarz\/"},"modified":"2022-11-27T12:07:40","modified_gmt":"2022-11-27T11:07:40","slug":"svakom-vick-schwarz","status":"publish","type":"product","link":"https:\/\/www.dream-x.ch\/de\/product\/svakom-vick-schwarz\/","title":{"rendered":"Svakom &#8211; Vick &#8211; Schwarz"},"content":{"rendered":"<ul class=\"usp-list\">\n<li class=\"usp-list--element\">Stimuliert Prostata und Perineum<\/li>\n<li class=\"usp-list--element\"><i class=\"icon icon-check usp-list__icon\"><\/i>Auch perfekt f\u00fcr G-Punkt und Klitoris<\/li>\n<li class=\"usp-list--element\"><i class=\"icon icon-check usp-list__icon\"><\/i>8 Vibrationsmodi in 5 Intensit\u00e4ten<\/li>\n<li class=\"usp-list--element\"><i class=\"icon icon-check usp-list__icon\"><\/i>Zus\u00e4tzlicher SVAKOM Intelligenter Modus<\/li>\n<li class=\"usp-list--element\"><i class=\"icon icon-check usp-list__icon\"><\/i>Angenehm flexibel<\/li>\n<li class=\"usp-list--element\"><i class=\"icon icon-check usp-list__icon\"><\/i>Mit Fernsteuerung<\/li>\n<li class=\"usp-list--element\"><i class=\"icon icon-check usp-list__icon\"><\/i>Kann \u00fcber ein USB-Kabel aufgeladen werden<\/li>\n<\/ul>\n<p>Angenehm flexibel und extrem vielseitig!<br \/>\n<strong>Der Vick ist ein seidig-weicher Prostata-Vibrator mit integriertem Damm-Stimulator<\/strong>. Er verf\u00fcgt \u00fcber 2 leistungsstarke Motoren und 8 Vibrationsmodi (mit 5 Intensit\u00e4ten). Der zus\u00e4tzliche SVAKOM Intelligent Mode ahmt den echten Geschlechtsverkehr perfekt nach &#8211; er beginnt mit langsamen Vibrationen, die immer intensiver werden, je n\u00e4her Sie dem Orgasmus kommen. Die Benutzung des Vibrators ist sehr angenehm, da er sehr flexibel ist. Auch f\u00fcr die Stimulation des G-Punkts und der Klitoris geeignet. Kann per Knopfdruck oder mit der mitgelieferten Fernbedienung gesteuert werden.<\/p>\n<p>Es kann mit dem mitgelieferten USB-Kabel aufgeladen werden. Im Lieferumfang enthalten sind eine Aufbewahrungstasche und Batterien f\u00fcr die Fernbedienung.<\/p>\n<p><strong>Farbe: <\/strong>schwarz.<strong><br \/>\n<\/strong><strong>Abmessungen<\/strong>: Gesamtl\u00e4nge 9,5 cm, Einf\u00fchrtiefe 6,5 cm, \u00d8 1,3-2,8 cm.<br \/>\n<strong>Gewicht<\/strong>: 311 g.<br \/>\n<strong>Materialien<\/strong>: Silikon mit einer PU-Beschichtung, ABS.<br \/>\n<b>R\u00fcckgabe<\/b>: Dieser Artikel kann aus Gesundheits- und Sicherheitsgr\u00fcnden weder zur\u00fcckgegeben noch umgetauscht werden.<\/p>\n","protected":false},"excerpt":{"rendered":"<p>Angenehm flexibel und extrem vielseitig!<br \/>\n<strong>Der Vick ist ein seidig-weicher Prostata-Vibrator mit integriertem Damm-Stimulator<\/strong>.<\/p>\n","protected":false},"featured_media":8223,"comment_status":"open","ping_status":"closed","template":"","meta":{"site-sidebar-layout":"default","site-content-layout":"default","ast-site-content-layout":"default","site-content-style":"default","site-sidebar-style":"default","ast-global-header-display":"","ast-banner-title-visibility":"","ast-main-header-display":"","ast-hfb-above-header-display":"","ast-hfb-below-header-display":"","ast-hfb-mobile-header-display":"","site-post-title":"","ast-breadcrumbs-content":"","ast-featured-img":"","footer-sml-layout":"","ast-disable-related-posts":"","theme-transparent-header-meta":"default","adv-header-id-meta":"","stick-header-meta":"default","header-above-stick-meta":"","header-main-stick-meta":"","header-below-stick-meta":"","astra-migrate-meta-layouts":"default","ast-page-background-enabled":"default","ast-page-background-meta":{"desktop":{"background-color":"","background-image":"","background-repeat":"repeat","background-position":"center center","background-size":"auto","background-attachment":"scroll","background-type":"","background-media":"","overlay-type":"","overlay-color":"","overlay-opacity":"","overlay-gradient":""},"tablet":{"background-color":"","background-image":"","background-repeat":"repeat","background-position":"center center","background-size":"auto","background-attachment":"scroll","background-type":"","background-media":"","overlay-type":"","overlay-color":"","overlay-opacity":"","overlay-gradient":""},"mobile":{"background-color":"","background-image":"","background-repeat":"repeat","background-position":"center center","background-size":"auto","background-attachment":"scroll","background-type":"","background-media":"","overlay-type":"","overlay-color":"","overlay-opacity":"","overlay-gradient":""}},"ast-content-background-meta":{"desktop":{"background-color":"var(--ast-global-color-5)","background-image":"","background-repeat":"repeat","background-position":"center center","background-size":"auto","background-attachment":"scroll","background-type":"","background-media":"","overlay-type":"","overlay-color":"","overlay-opacity":"","overlay-gradient":""},"tablet":{"background-color":"var(--ast-global-color-5)","background-image":"","background-repeat":"repeat","background-position":"center center","background-size":"auto","background-attachment":"scroll","background-type":"","background-media":"","overlay-type":"","overlay-color":"","overlay-opacity":"","overlay-gradient":""},"mobile":{"background-color":"var(--ast-global-color-5)","background-image":"","background-repeat":"repeat","background-position":"center center","background-size":"auto","background-attachment":"scroll","background-type":"","background-media":"","overlay-type":"","overlay-color":"","overlay-opacity":"","overlay-gradient":""}}},"product_brand":[],"product_cat":[432,416,444,386],"product_tag":[498],"class_list":{"0":"post-12224","1":"product","2":"type-product","3":"status-publish","4":"has-post-thumbnail","6":"product_cat-anal-vibratoren","7":"product_cat-ferngesteuerte-vibratore","8":"product_cat-manner-vibratoren","9":"product_cat-svakom-de","10":"product_tag-dammvibrator","11":"product_shipping_class-verfugbar-in-2-3-wochen","12":"desktop-align-center","13":"tablet-align-left","14":"mobile-align-left","15":"ast-product-gallery-layout-horizontal-slider","16":"ast-product-tabs-layout-horizontal","18":"first","19":"instock","20":"taxable","21":"shipping-taxable","22":"purchasable","23":"product-type-simple"},"bundled_by":[],"bundle_stock_status":"instock","bundle_stock_quantity":3,"bundle_virtual":false,"bundle_layout":"","bundle_add_to_cart_form_location":"","bundle_editable_in_cart":false,"bundle_sold_individually_context":"","bundle_item_grouping":"","bundle_min_size":"","bundle_max_size":"","bundle_price":[],"bundled_items":[],"bundle_sell_ids":[12174,12200],"_links":{"self":[{"href":"https:\/\/www.dream-x.ch\/de\/wp-json\/wp\/v2\/product\/12224","targetHints":{"allow":["GET"]}}],"collection":[{"href":"https:\/\/www.dream-x.ch\/de\/wp-json\/wp\/v2\/product"}],"about":[{"href":"https:\/\/www.dream-x.ch\/de\/wp-json\/wp\/v2\/types\/product"}],"replies":[{"embeddable":true,"href":"https:\/\/www.dream-x.ch\/de\/wp-json\/wp\/v2\/comments?post=12224"}],"version-history":[{"count":0,"href":"https:\/\/www.dream-x.ch\/de\/wp-json\/wp\/v2\/product\/12224\/revisions"}],"wp:featuredmedia":[{"embeddable":true,"href":"https:\/\/www.dream-x.ch\/de\/wp-json\/wp\/v2\/media\/8223"}],"wp:attachment":[{"href":"https:\/\/www.dream-x.ch\/de\/wp-json\/wp\/v2\/media?parent=12224"}],"wp:term":[{"taxonomy":"product_brand","embeddable":true,"href":"https:\/\/www.dream-x.ch\/de\/wp-json\/wp\/v2\/product_brand?post=12224"},{"taxonomy":"product_cat","embeddable":true,"href":"https:\/\/www.dream-x.ch\/de\/wp-json\/wp\/v2\/product_cat?post=12224"},{"taxonomy":"product_tag","embeddable":true,"href":"https:\/\/www.dream-x.ch\/de\/wp-json\/wp\/v2\/product_tag?post=12224"}],"curies":[{"name":"wp","href":"https:\/\/api.w.org\/{rel}","templated":true}]}}