{"id":12222,"date":"2022-11-27T12:07:40","date_gmt":"2022-11-27T11:07:40","guid":{"rendered":"https:\/\/www.dream-x.ch\/product\/svakom-ella-rot\/"},"modified":"2022-11-27T12:07:40","modified_gmt":"2022-11-27T11:07:40","slug":"svakom-ella-rot","status":"publish","type":"product","link":"https:\/\/www.dream-x.ch\/de\/product\/svakom-ella-rot\/","title":{"rendered":"Svakom &#8211; Ella- Rot"},"content":{"rendered":"<ul class=\"usp-list\">\n<li class=\"usp-list--element\">Vibro-Geschoss mit R\u00fcckzugsband<\/li>\n<li class=\"usp-list--element\"><i class=\"icon icon-check usp-list__icon\"><\/i>Kann vaginal und anal verwendet werden<\/li>\n<li class=\"usp-list--element\"><i class=\"icon icon-check usp-list__icon\"><\/i>11 fl\u00fcsterleise Modi<\/li>\n<li class=\"usp-list--element\"><i class=\"icon icon-check usp-list__icon\"><\/i>Gesteuert \u00fcber die Svakom-App<\/li>\n<li class=\"usp-list--element\"><i class=\"icon icon-check usp-list__icon\"><\/i>Wasserdicht<\/li>\n<li class=\"usp-list--element\"><i class=\"icon icon-check usp-list__icon\"><\/i>Wiederaufladbar mit dem USB-Kabel<\/li>\n<\/ul>\n<p>Vibrierendes Vergn\u00fcgen mit App!<br \/>\n<strong>Ella<\/strong> ist eine wiederaufladbare Vibrokugel mit R\u00fcckholriemen, sanften Stimulationswellen und einem goldenen Zierelement. Das ergonomische Design ist perfekt, um die Vagina oder den Anus zu verw\u00f6hnen. Ella hat 11 fl\u00fcsterleise Vibrationsmodi zu bieten, die f\u00fcr viel Abwechslung beim Liebesspiel sorgen. Es wird mit 2 verschiedenen Kn\u00f6pfen bedient: einer am Vibro-Bullet und der andere am Ende des R\u00fcckholbands. Zus\u00e4tzlich kann Ella \u00fcber eine App auf Ihrem Smartphone gesteuert werden, so dass Sie sogar die Intensit\u00e4t der verschiedenen Vibrationsmodi einstellen k\u00f6nnen. Im freien Touch-Modus k\u00f6nnen Sie die Vibrationen intuitiv durch einfache Wischbewegungen auf dem Display steuern.<\/p>\n<p>Inklusive USB-Kabel und Aufbewahrungstasche. . Silikon mit PU-Beschichtung, ABS.<\/p>\n<p><strong>Farbe: <\/strong>blau<strong><br \/>\nMa\u00dfe<\/strong>: Gesamtl\u00e4nge 21 cm, Einstecktiefe 8,3 cm, \u00d8 3,3 cm.<br \/>\n<strong>Gewicht<\/strong>: 267 g.<br \/>\n<strong>Materialien<\/strong>: Silikon mit PU-Beschichtung, ABS.<br \/>\n<b>R\u00fcckgabe<\/b>: Dieser Artikel kann aus Gesundheits- und Sicherheitsgr\u00fcnden weder zur\u00fcckgegeben noch umgetauscht werden.<\/p>\n","protected":false},"excerpt":{"rendered":"<p>Vibrierendes Vergn\u00fcgen mit App!<br \/>\n<strong>Ella<\/strong> ist eine wiederaufladbare Vibrokugel mit R\u00fcckholriemen, sanften Stimulationswellen und einem goldenen Zierelement. Das ergonomische Design ist perfekt, um die Vagina oder den Anus zu verw\u00f6hnen.<\/p>\n","protected":false},"featured_media":8375,"comment_status":"open","ping_status":"closed","template":"","meta":{"site-sidebar-layout":"default","site-content-layout":"default","ast-site-content-layout":"default","site-content-style":"default","site-sidebar-style":"default","ast-global-header-display":"","ast-banner-title-visibility":"","ast-main-header-display":"","ast-hfb-above-header-display":"","ast-hfb-below-header-display":"","ast-hfb-mobile-header-display":"","site-post-title":"","ast-breadcrumbs-content":"","ast-featured-img":"","footer-sml-layout":"","ast-disable-related-posts":"","theme-transparent-header-meta":"default","adv-header-id-meta":"","stick-header-meta":"default","header-above-stick-meta":"","header-main-stick-meta":"","header-below-stick-meta":"","astra-migrate-meta-layouts":"default","ast-page-background-enabled":"default","ast-page-background-meta":{"desktop":{"background-color":"","background-image":"","background-repeat":"repeat","background-position":"center center","background-size":"auto","background-attachment":"scroll","background-type":"","background-media":"","overlay-type":"","overlay-color":"","overlay-opacity":"","overlay-gradient":""},"tablet":{"background-color":"","background-image":"","background-repeat":"repeat","background-position":"center center","background-size":"auto","background-attachment":"scroll","background-type":"","background-media":"","overlay-type":"","overlay-color":"","overlay-opacity":"","overlay-gradient":""},"mobile":{"background-color":"","background-image":"","background-repeat":"repeat","background-position":"center center","background-size":"auto","background-attachment":"scroll","background-type":"","background-media":"","overlay-type":"","overlay-color":"","overlay-opacity":"","overlay-gradient":""}},"ast-content-background-meta":{"desktop":{"background-color":"var(--ast-global-color-5)","background-image":"","background-repeat":"repeat","background-position":"center center","background-size":"auto","background-attachment":"scroll","background-type":"","background-media":"","overlay-type":"","overlay-color":"","overlay-opacity":"","overlay-gradient":""},"tablet":{"background-color":"var(--ast-global-color-5)","background-image":"","background-repeat":"repeat","background-position":"center center","background-size":"auto","background-attachment":"scroll","background-type":"","background-media":"","overlay-type":"","overlay-color":"","overlay-opacity":"","overlay-gradient":""},"mobile":{"background-color":"var(--ast-global-color-5)","background-image":"","background-repeat":"repeat","background-position":"center center","background-size":"auto","background-attachment":"scroll","background-type":"","background-media":"","overlay-type":"","overlay-color":"","overlay-opacity":"","overlay-gradient":""}}},"product_brand":[],"product_cat":[416,451,436,392,386],"product_tag":[497],"class_list":{"0":"post-12222","1":"product","2":"type-product","3":"status-publish","4":"has-post-thumbnail","6":"product_cat-ferngesteuerte-vibratore","7":"product_cat-kugel-vibratoren","8":"product_cat-liebeskugeln","9":"product_cat-paare-vibrators","10":"product_cat-svakom-de","11":"product_tag-kugelvibrator","12":"product_shipping_class-verfugbar-in-2-3-wochen","13":"desktop-align-center","14":"tablet-align-left","15":"mobile-align-left","16":"ast-product-gallery-layout-horizontal-slider","17":"ast-product-gallery-with-no-image","18":"ast-product-tabs-layout-horizontal","20":"first","21":"instock","22":"taxable","23":"shipping-taxable","24":"purchasable","25":"product-type-simple"},"bundled_by":[],"bundle_stock_status":"instock","bundle_stock_quantity":100,"bundle_virtual":false,"bundle_layout":"","bundle_add_to_cart_form_location":"","bundle_editable_in_cart":false,"bundle_sold_individually_context":"","bundle_item_grouping":"","bundle_min_size":"","bundle_max_size":"","bundle_price":[],"bundled_items":[],"bundle_sell_ids":[12174,12200],"_links":{"self":[{"href":"https:\/\/www.dream-x.ch\/de\/wp-json\/wp\/v2\/product\/12222","targetHints":{"allow":["GET"]}}],"collection":[{"href":"https:\/\/www.dream-x.ch\/de\/wp-json\/wp\/v2\/product"}],"about":[{"href":"https:\/\/www.dream-x.ch\/de\/wp-json\/wp\/v2\/types\/product"}],"replies":[{"embeddable":true,"href":"https:\/\/www.dream-x.ch\/de\/wp-json\/wp\/v2\/comments?post=12222"}],"version-history":[{"count":0,"href":"https:\/\/www.dream-x.ch\/de\/wp-json\/wp\/v2\/product\/12222\/revisions"}],"wp:featuredmedia":[{"embeddable":true,"href":"https:\/\/www.dream-x.ch\/de\/wp-json\/wp\/v2\/media\/8375"}],"wp:attachment":[{"href":"https:\/\/www.dream-x.ch\/de\/wp-json\/wp\/v2\/media?parent=12222"}],"wp:term":[{"taxonomy":"product_brand","embeddable":true,"href":"https:\/\/www.dream-x.ch\/de\/wp-json\/wp\/v2\/product_brand?post=12222"},{"taxonomy":"product_cat","embeddable":true,"href":"https:\/\/www.dream-x.ch\/de\/wp-json\/wp\/v2\/product_cat?post=12222"},{"taxonomy":"product_tag","embeddable":true,"href":"https:\/\/www.dream-x.ch\/de\/wp-json\/wp\/v2\/product_tag?post=12222"}],"curies":[{"name":"wp","href":"https:\/\/api.w.org\/{rel}","templated":true}]}}