{"id":12220,"date":"2022-11-27T12:07:40","date_gmt":"2022-11-27T11:07:40","guid":{"rendered":"https:\/\/www.dream-x.ch\/product\/svakom-tammy-lila\/"},"modified":"2023-12-16T20:09:07","modified_gmt":"2023-12-16T19:09:07","slug":"svakom-tammy-lila","status":"publish","type":"product","link":"https:\/\/www.dream-x.ch\/de\/product\/svakom-tammy-lila\/","title":{"rendered":"Svakom &#8211; Tammy &#8211; Lila"},"content":{"rendered":"<ul class=\"usp-list\">\n<li class=\"usp-list--element\">Vibro-Hahnring mit Hodenring<\/li>\n<li class=\"usp-list--element\"><i class=\"icon icon-check usp-list__icon\"><\/i>Aufsatz mit Stimulationspunkten<\/li>\n<li class=\"usp-list--element\"><i class=\"icon icon-check usp-list__icon\"><\/i>5 Vibrationsmodi in 5 Intensit\u00e4ten<\/li>\n<li class=\"usp-list--element\"><i class=\"icon icon-check usp-list__icon\"><\/i>Wiederaufladbar mit dem USB-Kabel<\/li>\n<\/ul>\n<p>Stimuliert Sie und Ihn!<br \/>\n<strong>Tammy<\/strong> ist ein samtig-weicher <strong>, vibrierender Cockring mit gepunktetem Klitorisaufsatz und einem zus\u00e4tzlichen Hodenring<\/strong>. Stimuliert mit 5 fl\u00fcsterleisen Vibrationsmodi in 5 verschiedenen Intensit\u00e4ten. Bequem per Knopfdruck einstellbar. Inklusive einer praktischen Aufbewahrungstasche und einem USB-Kabel zum Aufladen.<\/p>\n<p><strong>Farbe: <\/strong>lila<strong><br \/>\nMa\u00dfe<\/strong>: Gesamtl\u00e4nge 9,5 cm, Cockring Innen-\u00d8 3 cm (flexibel), Hodenring Innen-\u00d8 5 cm (flexibel), Materialst\u00e4rke 0,4 cm.<br \/>\n<strong>Gewicht<\/strong>: 267 g.<br \/>\n<strong>Materialien<\/strong>: Silikon mit PU-Beschichtung, ABS.<br \/>\n<b>R\u00fcckgabe<\/b>: Dieser Artikel kann aus Gesundheits- und Sicherheitsgr\u00fcnden weder zur\u00fcckgegeben noch umgetauscht werden.<\/p>\n","protected":false},"excerpt":{"rendered":"<p>Stimuliert Sie und Ihn!<br \/>\n<strong>Tammy<\/strong> ist ein samtig-weicher <strong>, vibrierender Cockring mit gepunktetem Klitorisaufsatz und einem zus\u00e4tzlichen Hodenring<\/strong>. Stimuliert mit 5 fl\u00fcsterleisen Vibrationsmodi in 5 verschiedenen Intensit\u00e4ten. Bequem per Knopfdruck einstellbar.<\/p>\n","protected":false},"featured_media":8391,"comment_status":"open","ping_status":"closed","template":"","meta":{"site-sidebar-layout":"default","site-content-layout":"default","ast-site-content-layout":"default","site-content-style":"default","site-sidebar-style":"default","ast-global-header-display":"","ast-banner-title-visibility":"","ast-main-header-display":"","ast-hfb-above-header-display":"","ast-hfb-below-header-display":"","ast-hfb-mobile-header-display":"","site-post-title":"","ast-breadcrumbs-content":"","ast-featured-img":"","footer-sml-layout":"","ast-disable-related-posts":"","theme-transparent-header-meta":"default","adv-header-id-meta":"","stick-header-meta":"default","header-above-stick-meta":"","header-main-stick-meta":"","header-below-stick-meta":"","astra-migrate-meta-layouts":"default","ast-page-background-enabled":"default","ast-page-background-meta":{"desktop":{"background-color":"","background-image":"","background-repeat":"repeat","background-position":"center center","background-size":"auto","background-attachment":"scroll","background-type":"","background-media":"","overlay-type":"","overlay-color":"","overlay-opacity":"","overlay-gradient":""},"tablet":{"background-color":"","background-image":"","background-repeat":"repeat","background-position":"center center","background-size":"auto","background-attachment":"scroll","background-type":"","background-media":"","overlay-type":"","overlay-color":"","overlay-opacity":"","overlay-gradient":""},"mobile":{"background-color":"","background-image":"","background-repeat":"repeat","background-position":"center center","background-size":"auto","background-attachment":"scroll","background-type":"","background-media":"","overlay-type":"","overlay-color":"","overlay-opacity":"","overlay-gradient":""}},"ast-content-background-meta":{"desktop":{"background-color":"var(--ast-global-color-5)","background-image":"","background-repeat":"repeat","background-position":"center center","background-size":"auto","background-attachment":"scroll","background-type":"","background-media":"","overlay-type":"","overlay-color":"","overlay-opacity":"","overlay-gradient":""},"tablet":{"background-color":"var(--ast-global-color-5)","background-image":"","background-repeat":"repeat","background-position":"center center","background-size":"auto","background-attachment":"scroll","background-type":"","background-media":"","overlay-type":"","overlay-color":"","overlay-opacity":"","overlay-gradient":""},"mobile":{"background-color":"var(--ast-global-color-5)","background-image":"","background-repeat":"repeat","background-position":"center center","background-size":"auto","background-attachment":"scroll","background-type":"","background-media":"","overlay-type":"","overlay-color":"","overlay-opacity":"","overlay-gradient":""}}},"product_brand":[],"product_cat":[392,449,443,394,395,446,386],"product_tag":[],"class_list":{"0":"post-12220","1":"product","2":"type-product","3":"status-publish","4":"has-post-thumbnail","6":"product_cat-paare-vibrators","7":"product_cat-ringe-manschetten","8":"product_cat-schwanz-ringe","9":"product_cat-sexspielzeug","10":"product_cat-sexspielzeug-fur-manner","11":"product_cat-sexspielzeug-fur-paare","12":"product_cat-svakom-de","13":"product_shipping_class-verfugbar-in-2-3-wochen","14":"desktop-align-center","15":"tablet-align-left","16":"mobile-align-left","17":"ast-product-gallery-layout-horizontal-slider","18":"ast-product-tabs-layout-horizontal","20":"first","21":"instock","22":"taxable","23":"shipping-taxable","24":"purchasable","25":"product-type-simple"},"bundled_by":[],"bundle_stock_status":"instock","bundle_stock_quantity":82,"bundle_virtual":false,"bundle_layout":"","bundle_add_to_cart_form_location":"","bundle_editable_in_cart":false,"bundle_sold_individually_context":"","bundle_item_grouping":"","bundle_min_size":"","bundle_max_size":"","bundle_price":[],"bundled_items":[],"bundle_sell_ids":[],"_links":{"self":[{"href":"https:\/\/www.dream-x.ch\/de\/wp-json\/wp\/v2\/product\/12220","targetHints":{"allow":["GET"]}}],"collection":[{"href":"https:\/\/www.dream-x.ch\/de\/wp-json\/wp\/v2\/product"}],"about":[{"href":"https:\/\/www.dream-x.ch\/de\/wp-json\/wp\/v2\/types\/product"}],"replies":[{"embeddable":true,"href":"https:\/\/www.dream-x.ch\/de\/wp-json\/wp\/v2\/comments?post=12220"}],"version-history":[{"count":0,"href":"https:\/\/www.dream-x.ch\/de\/wp-json\/wp\/v2\/product\/12220\/revisions"}],"wp:featuredmedia":[{"embeddable":true,"href":"https:\/\/www.dream-x.ch\/de\/wp-json\/wp\/v2\/media\/8391"}],"wp:attachment":[{"href":"https:\/\/www.dream-x.ch\/de\/wp-json\/wp\/v2\/media?parent=12220"}],"wp:term":[{"taxonomy":"product_brand","embeddable":true,"href":"https:\/\/www.dream-x.ch\/de\/wp-json\/wp\/v2\/product_brand?post=12220"},{"taxonomy":"product_cat","embeddable":true,"href":"https:\/\/www.dream-x.ch\/de\/wp-json\/wp\/v2\/product_cat?post=12220"},{"taxonomy":"product_tag","embeddable":true,"href":"https:\/\/www.dream-x.ch\/de\/wp-json\/wp\/v2\/product_tag?post=12220"}],"curies":[{"name":"wp","href":"https:\/\/api.w.org\/{rel}","templated":true}]}}