{"id":12213,"date":"2022-11-27T12:07:07","date_gmt":"2022-11-27T11:07:07","guid":{"rendered":"https:\/\/www.dream-x.ch\/product\/svakom-nova-rosa\/"},"modified":"2024-10-15T12:04:02","modified_gmt":"2024-10-15T11:04:02","slug":"svakom-nova-rosa","status":"publish","type":"product","link":"https:\/\/www.dream-x.ch\/de\/product\/svakom-nova-rosa\/","title":{"rendered":"Svakom &#8211; Nova &#8211; Rosa"},"content":{"rendered":"<ul class=\"usp-list\">\n<li class=\"usp-list--element\">Soft-Touch-Oberfl\u00e4che<\/li>\n<li class=\"usp-list--element\"><i class=\"icon icon-check usp-list__icon\"><\/i>Mit einem rotierenden Gewicht im Inneren<\/li>\n<li class=\"usp-list--element\"><i class=\"icon icon-check usp-list__icon\"><\/i>Dehnbares R\u00fcckholband mit Ring<\/li>\n<li class=\"usp-list--element\"><i class=\"icon icon-check usp-list__icon\"><\/i>Effizientes Beckenbodentraining in 3 Stufen<\/li>\n<li class=\"usp-list--element\"><i class=\"icon icon-check usp-list__icon\"><\/i>Kann diskret in den Alltag integriert werden<\/li>\n<li class=\"usp-list--element\"><i class=\"icon icon-check usp-list__icon\"><\/i>Erh\u00f6htes Gewicht = verringerter Umfang<\/li>\n<li class=\"usp-list--element\"><i class=\"icon icon-check usp-list__icon\"><\/i>Wasserdicht<\/li>\n<\/ul>\n<p>Effektives Beckenbodentraining!<br \/>\n<strong>Svakom Nova &#8211; Pink, das Liebeskugel-Set bestehend aus 1 Einzelkugel und 2 Doppelkugeln<\/strong>. 3 steigende Gewichtsstufen f\u00fcr ein effektives Training des Beckenbodens. Gleichzeitig werden die Kugeln immer kleiner, was bedeutet, dass die Beckenbodenmuskulatur st\u00e4rker arbeiten muss, um die Kugeln an ihrem Platz zu halten. Zus\u00e4tzlich k\u00f6nnen durch das Drehen der Gewichte auf der Innenseite Schwingungen erzeugt werden, die zu st\u00e4rkeren Muskelkontraktionen f\u00fchren. Ideal nach einer Schwangerschaft und zur Vorbeugung von Inkontinenz. Hautfreundliche Soft-Touch-Textur und ein elastisches R\u00fcckholband mit Ring.<\/p>\n<p><strong>Farbe<\/strong>: rosa<strong><br \/>\n<\/strong><strong>Einzelne Kugel<\/strong>: Gesamtl\u00e4nge 13,5 cm, \u00d8 3,6 cm, Gewicht 49 g.<br \/>\n<strong>Doppelkugeln 1<\/strong>: Gesamtl\u00e4nge 17 cm, \u00d8 3,2 cm, Gewicht 75 g.<br \/>\n<strong>Doppelkugeln 2<\/strong>: Gesamtl\u00e4nge 16,2 cm, \u00d8 2,8 cm, Gewicht 95 g.<br \/>\n<strong>Materialien<\/strong>: Silikon mit einer PU-Beschichtung.<br \/>\n<b>R\u00fcckgabe<\/b>: Dieser Artikel kann aus Gesundheits- und Sicherheitsgr\u00fcnden weder zur\u00fcckgegeben noch umgetauscht werden.<\/p>\n","protected":false},"excerpt":{"rendered":"<p>Effektives Beckenbodentraining!<br \/>\n<strong>Svakom Nova &#8211; Pink, das Liebeskugel-Set bestehend aus 1 Einzelkugel und 2 Doppelkugeln<\/strong>. 3 steigende Gewichtsstufen f\u00fcr ein effektives Training des Beckenbodens.<\/p>\n","protected":false},"featured_media":7091,"comment_status":"open","ping_status":"closed","template":"","meta":{"site-sidebar-layout":"default","site-content-layout":"default","ast-site-content-layout":"default","site-content-style":"default","site-sidebar-style":"default","ast-global-header-display":"","ast-banner-title-visibility":"","ast-main-header-display":"","ast-hfb-above-header-display":"","ast-hfb-below-header-display":"","ast-hfb-mobile-header-display":"","site-post-title":"","ast-breadcrumbs-content":"","ast-featured-img":"","footer-sml-layout":"","ast-disable-related-posts":"","theme-transparent-header-meta":"default","adv-header-id-meta":"","stick-header-meta":"default","header-above-stick-meta":"","header-main-stick-meta":"","header-below-stick-meta":"","astra-migrate-meta-layouts":"default","ast-page-background-enabled":"default","ast-page-background-meta":{"desktop":{"background-color":"","background-image":"","background-repeat":"repeat","background-position":"center center","background-size":"auto","background-attachment":"scroll","background-type":"","background-media":"","overlay-type":"","overlay-color":"","overlay-opacity":"","overlay-gradient":""},"tablet":{"background-color":"","background-image":"","background-repeat":"repeat","background-position":"center center","background-size":"auto","background-attachment":"scroll","background-type":"","background-media":"","overlay-type":"","overlay-color":"","overlay-opacity":"","overlay-gradient":""},"mobile":{"background-color":"","background-image":"","background-repeat":"repeat","background-position":"center center","background-size":"auto","background-attachment":"scroll","background-type":"","background-media":"","overlay-type":"","overlay-color":"","overlay-opacity":"","overlay-gradient":""}},"ast-content-background-meta":{"desktop":{"background-color":"var(--ast-global-color-5)","background-image":"","background-repeat":"repeat","background-position":"center center","background-size":"auto","background-attachment":"scroll","background-type":"","background-media":"","overlay-type":"","overlay-color":"","overlay-opacity":"","overlay-gradient":""},"tablet":{"background-color":"var(--ast-global-color-5)","background-image":"","background-repeat":"repeat","background-position":"center center","background-size":"auto","background-attachment":"scroll","background-type":"","background-media":"","overlay-type":"","overlay-color":"","overlay-opacity":"","overlay-gradient":""},"mobile":{"background-color":"var(--ast-global-color-5)","background-image":"","background-repeat":"repeat","background-position":"center center","background-size":"auto","background-attachment":"scroll","background-type":"","background-media":"","overlay-type":"","overlay-color":"","overlay-opacity":"","overlay-gradient":""}}},"product_brand":[],"product_cat":[436,386],"product_tag":[494],"class_list":{"0":"post-12213","1":"product","2":"type-product","3":"status-publish","4":"has-post-thumbnail","6":"product_cat-liebeskugeln","7":"product_cat-svakom-de","8":"product_tag-liebeskugeln","9":"product_shipping_class-verfugbar-in-2-3-wochen","10":"desktop-align-center","11":"tablet-align-left","12":"mobile-align-left","13":"ast-product-gallery-layout-horizontal-slider","14":"ast-product-tabs-layout-horizontal","16":"first","17":"outofstock","18":"taxable","19":"shipping-taxable","20":"purchasable","21":"product-type-simple"},"bundled_by":[],"bundle_stock_status":"outofstock","bundle_stock_quantity":0,"bundle_virtual":false,"bundle_layout":"","bundle_add_to_cart_form_location":"","bundle_editable_in_cart":false,"bundle_sold_individually_context":"","bundle_item_grouping":"","bundle_min_size":"","bundle_max_size":"","bundle_price":[],"bundled_items":[],"bundle_sell_ids":[],"_links":{"self":[{"href":"https:\/\/www.dream-x.ch\/de\/wp-json\/wp\/v2\/product\/12213","targetHints":{"allow":["GET"]}}],"collection":[{"href":"https:\/\/www.dream-x.ch\/de\/wp-json\/wp\/v2\/product"}],"about":[{"href":"https:\/\/www.dream-x.ch\/de\/wp-json\/wp\/v2\/types\/product"}],"replies":[{"embeddable":true,"href":"https:\/\/www.dream-x.ch\/de\/wp-json\/wp\/v2\/comments?post=12213"}],"version-history":[{"count":0,"href":"https:\/\/www.dream-x.ch\/de\/wp-json\/wp\/v2\/product\/12213\/revisions"}],"wp:featuredmedia":[{"embeddable":true,"href":"https:\/\/www.dream-x.ch\/de\/wp-json\/wp\/v2\/media\/7091"}],"wp:attachment":[{"href":"https:\/\/www.dream-x.ch\/de\/wp-json\/wp\/v2\/media?parent=12213"}],"wp:term":[{"taxonomy":"product_brand","embeddable":true,"href":"https:\/\/www.dream-x.ch\/de\/wp-json\/wp\/v2\/product_brand?post=12213"},{"taxonomy":"product_cat","embeddable":true,"href":"https:\/\/www.dream-x.ch\/de\/wp-json\/wp\/v2\/product_cat?post=12213"},{"taxonomy":"product_tag","embeddable":true,"href":"https:\/\/www.dream-x.ch\/de\/wp-json\/wp\/v2\/product_tag?post=12213"}],"curies":[{"name":"wp","href":"https:\/\/api.w.org\/{rel}","templated":true}]}}