{"id":12211,"date":"2022-11-19T18:15:30","date_gmt":"2022-11-19T17:15:30","guid":{"rendered":"https:\/\/www.dream-x.ch\/product\/dillio-platinum-super-eight-8-orange\/"},"modified":"2024-10-15T12:04:09","modified_gmt":"2024-10-15T11:04:09","slug":"dillio-platinum-super-eight-8-orange","status":"publish","type":"product","link":"https:\/\/www.dream-x.ch\/de\/product\/dillio-platinum-super-eight-8-orange\/","title":{"rendered":"Dillio Platinum &#8211; Super Eight 8&#8243; &#8211; Orange"},"content":{"rendered":"<div class=\"tabbed-content\">\n<div id=\"product-description-consumer-en_GB\" class=\"tab\">\n<div class=\"js-read-more\" data-read-more-max-height=\"460\" data-read-more-open-text=\"Read more\" data-read-more-close-text=\"Read less\">\n<div class=\"js-read-more__content read-more read-more--open\">\n<ul class=\"usp-list\">\n<li class=\"usp-list--element\">Dildo mit starkem Saugnapf<\/li>\n<li class=\"usp-list--element\"><i class=\"icon icon-check usp-list__icon\"><\/i>Wunderbar gebogen, flexibel und biegsam<\/li>\n<li class=\"usp-list--element\"><i class=\"icon icon-check usp-list__icon\"><\/i>Ausgepr\u00e4gte stimulierende Rillen<\/li>\n<li class=\"usp-list--element\"><i class=\"icon icon-check usp-list__icon\"><\/i>Leichte Eichel<\/li>\n<li class=\"usp-list--element\"><i class=\"icon icon-check usp-list__icon\"><\/i>Strap-on kompatibel &#8211; perfekt f\u00fcr das Body Dock SE<\/li>\n<li class=\"usp-list--element\"><i class=\"icon icon-check usp-list__icon\"><\/i>Hochwertiges, platinvernetztes Silikon<\/li>\n<\/ul>\n<p>Weich und sanft f\u00fcr tolle Gef\u00fchle!<br \/>\nDer flexible <strong>Super Eight Dildo<\/strong> von Dillio Platinum hat ein sch\u00f6nes, klassisches und wunderbar geschwungenes Design. Er hat ausgepr\u00e4gte stimulierende Rillen und eine leichte Eichel. Der Dildo kann auch auf jeder glatten Oberfl\u00e4che sicher haften und erm\u00f6glicht so ein handfreies Vergn\u00fcgen. Der Dildo ist auch mit Strap-ons und Geschirren kompatibel.<\/p>\n<p>Er <strong>wird aus platinvernetztem Silikon hergestellt<\/strong>. Dieses reine, lebensmittelechte, geruchs- und geschmacksneutrale Material wird f\u00fcr medizinische Zwecke verwendet und ist perfekt f\u00fcr Allergiker geeignet! Dieses Material macht den Dildo wunderbar steif und hart, ohne dass er seine Flexibilit\u00e4t verliert. Das samtig weiche Silikon f\u00fchlt sich glatt an und l\u00e4sst sich leicht einf\u00fchren.<\/p>\n<p><strong>Farbe: <\/strong>orange<strong><br \/>\nAbmessungen<\/strong>: Gesamtl\u00e4nge 21 cm, Einf\u00fchrl\u00e4nge 19 cm, \u00d8 3,9 cm.<br \/>\n<strong>Gewicht<\/strong>: 190 g.<br \/>\n<strong>Materialien<\/strong>: Silikon.<br \/>\n<b>R\u00fcckgabe<\/b>: Dieser Artikel kann aus Gesundheits- und Sicherheitsgr\u00fcnden weder zur\u00fcckgegeben noch umgetauscht werden.<\/p>\n<\/div>\n<\/div>\n<\/div>\n<\/div>\n","protected":false},"excerpt":{"rendered":"<p>Weich und sanft f\u00fcr tolle Gef\u00fchle!<br \/>\nDer flexible <strong>Super Eight Dildo<\/strong> von Dillio Platinum hat ein sch\u00f6nes, klassisches und wunderbar geschwungenes Design. Er hat ausgepr\u00e4gte stimulierende Rillen und eine leichte Eichel.<\/p>\n","protected":false},"featured_media":5490,"comment_status":"open","ping_status":"closed","template":"","meta":{"site-sidebar-layout":"default","site-content-layout":"default","ast-site-content-layout":"default","site-content-style":"default","site-sidebar-style":"default","ast-global-header-display":"","ast-banner-title-visibility":"","ast-main-header-display":"","ast-hfb-above-header-display":"","ast-hfb-below-header-display":"","ast-hfb-mobile-header-display":"","site-post-title":"","ast-breadcrumbs-content":"","ast-featured-img":"","footer-sml-layout":"","ast-disable-related-posts":"","theme-transparent-header-meta":"default","adv-header-id-meta":"","stick-header-meta":"default","header-above-stick-meta":"","header-main-stick-meta":"","header-below-stick-meta":"","astra-migrate-meta-layouts":"default","ast-page-background-enabled":"default","ast-page-background-meta":{"desktop":{"background-color":"","background-image":"","background-repeat":"repeat","background-position":"center center","background-size":"auto","background-attachment":"scroll","background-type":"","background-media":"","overlay-type":"","overlay-color":"","overlay-opacity":"","overlay-gradient":""},"tablet":{"background-color":"","background-image":"","background-repeat":"repeat","background-position":"center center","background-size":"auto","background-attachment":"scroll","background-type":"","background-media":"","overlay-type":"","overlay-color":"","overlay-opacity":"","overlay-gradient":""},"mobile":{"background-color":"","background-image":"","background-repeat":"repeat","background-position":"center center","background-size":"auto","background-attachment":"scroll","background-type":"","background-media":"","overlay-type":"","overlay-color":"","overlay-opacity":"","overlay-gradient":""}},"ast-content-background-meta":{"desktop":{"background-color":"var(--ast-global-color-5)","background-image":"","background-repeat":"repeat","background-position":"center center","background-size":"auto","background-attachment":"scroll","background-type":"","background-media":"","overlay-type":"","overlay-color":"","overlay-opacity":"","overlay-gradient":""},"tablet":{"background-color":"var(--ast-global-color-5)","background-image":"","background-repeat":"repeat","background-position":"center center","background-size":"auto","background-attachment":"scroll","background-type":"","background-media":"","overlay-type":"","overlay-color":"","overlay-opacity":"","overlay-gradient":""},"mobile":{"background-color":"var(--ast-global-color-5)","background-image":"","background-repeat":"repeat","background-position":"center center","background-size":"auto","background-attachment":"scroll","background-type":"","background-media":"","overlay-type":"","overlay-color":"","overlay-opacity":"","overlay-gradient":""}}},"product_brand":[],"product_cat":[422,424,407,429,394],"product_tag":[492],"class_list":{"0":"post-12211","1":"product","2":"type-product","3":"status-publish","4":"has-post-thumbnail","6":"product_cat-dildos-de","7":"product_cat-dildos-mit-saugnapf","8":"product_cat-dillio-platin","9":"product_cat-fantasie-dildos","10":"product_cat-sexspielzeug","11":"product_tag-dildo-de","12":"product_shipping_class-verfugbar-in-2-3-wochen","13":"desktop-align-center","14":"tablet-align-left","15":"mobile-align-left","16":"ast-product-gallery-layout-horizontal-slider","17":"ast-product-tabs-layout-horizontal","19":"first","20":"instock","21":"sale","22":"featured","23":"taxable","24":"shipping-taxable","25":"purchasable","26":"product-type-simple"},"bundled_by":[],"bundle_stock_status":"instock","bundle_stock_quantity":1,"bundle_virtual":false,"bundle_layout":"","bundle_add_to_cart_form_location":"","bundle_editable_in_cart":false,"bundle_sold_individually_context":"","bundle_item_grouping":"","bundle_min_size":"","bundle_max_size":"","bundle_price":[],"bundled_items":[],"bundle_sell_ids":[12200,12174],"_links":{"self":[{"href":"https:\/\/www.dream-x.ch\/de\/wp-json\/wp\/v2\/product\/12211","targetHints":{"allow":["GET"]}}],"collection":[{"href":"https:\/\/www.dream-x.ch\/de\/wp-json\/wp\/v2\/product"}],"about":[{"href":"https:\/\/www.dream-x.ch\/de\/wp-json\/wp\/v2\/types\/product"}],"replies":[{"embeddable":true,"href":"https:\/\/www.dream-x.ch\/de\/wp-json\/wp\/v2\/comments?post=12211"}],"version-history":[{"count":0,"href":"https:\/\/www.dream-x.ch\/de\/wp-json\/wp\/v2\/product\/12211\/revisions"}],"wp:featuredmedia":[{"embeddable":true,"href":"https:\/\/www.dream-x.ch\/de\/wp-json\/wp\/v2\/media\/5490"}],"wp:attachment":[{"href":"https:\/\/www.dream-x.ch\/de\/wp-json\/wp\/v2\/media?parent=12211"}],"wp:term":[{"taxonomy":"product_brand","embeddable":true,"href":"https:\/\/www.dream-x.ch\/de\/wp-json\/wp\/v2\/product_brand?post=12211"},{"taxonomy":"product_cat","embeddable":true,"href":"https:\/\/www.dream-x.ch\/de\/wp-json\/wp\/v2\/product_cat?post=12211"},{"taxonomy":"product_tag","embeddable":true,"href":"https:\/\/www.dream-x.ch\/de\/wp-json\/wp\/v2\/product_tag?post=12211"}],"curies":[{"name":"wp","href":"https:\/\/api.w.org\/{rel}","templated":true}]}}