{"id":12210,"date":"2022-11-27T12:07:16","date_gmt":"2022-11-27T11:07:16","guid":{"rendered":"https:\/\/www.dream-x.ch\/product\/svakom-edeny-lila\/"},"modified":"2024-10-15T12:03:55","modified_gmt":"2024-10-15T11:03:55","slug":"svakom-edeny-lila","status":"publish","type":"product","link":"https:\/\/www.dream-x.ch\/de\/product\/svakom-edeny-lila\/","title":{"rendered":"Svakom &#8211; Edeny &#8211; Lila"},"content":{"rendered":"<p>Er l\u00e4sst sich einfach \u00fcber die App steuern &#8211; wann und wo auch immer &#8211; auch von einem Partner!<br \/>\n<strong>Edeny<\/strong> ist ein wiederaufladbarer <strong>Auflegevibrator<\/strong>, der f\u00fcr ein leises und diskretes Vergn\u00fcgen in den mitgelieferten Spitzen-Slip gesteckt werden kann. Der Vibrator rutscht nicht im Slip herum. Der kleine, einfach zu bedienende Auflegevibrator hat eine wunderbare, ergonomische Form, die sich perfekt an die Konturen des K\u00f6rpers anpasst. Der Vibrator ist weich und flexibel. Es hat auch anregende Rillen. Die <strong>11 fl\u00fcsterleisen Vibrationsmodi k\u00f6nnen einfach \u00fcber die App oder Bluetooth gesteuert werden<\/strong> &#8211; \u00fcberall auf der Welt, jederzeit und von jedem. Inklusive USB-Kabel und Aufbewahrungstasche.<\/p>\n<p>Der Bund des Slips ist verstellbar &#8211; passend f\u00fcr die Gr\u00f6\u00dfen S-XL. 100% Polyester.<\/p>\n<p><strong>Farbe<\/strong>: lila.<strong><br \/>\n<\/strong><strong>Abmessungen<\/strong>: 9 x 3,9 x 2,5 cm.<br \/>\n<strong>Gewicht<\/strong>: 43,8 g.<br \/>\n<strong>Materialien<\/strong>: Silikon, PU.<br \/>\n<b>R\u00fcckgabe<\/b>: Dieser Artikel kann aus Gesundheits- und Sicherheitsgr\u00fcnden weder zur\u00fcckgegeben noch umgetauscht werden.<\/p>\n","protected":false},"excerpt":{"rendered":"<p>Er l\u00e4sst sich einfach \u00fcber die App steuern &#8211; wann und wo auch immer &#8211; auch von einem Partner!<br \/>\n<strong>Edeny<\/strong> ist ein wiederaufladbarer <strong>Auflegevibrator<\/strong>, der f\u00fcr ein leises und diskretes Vergn\u00fcgen in den mitgelieferten Spitzen-Slip gesteckt werden kann. Der Vibrator rutscht nicht im Slip herum. Der kleine, einfach zu bedienende Auflegevibrator hat eine wunderbare, ergonomische Form, die sich perfekt an die Konturen des K\u00f6rpers anpasst.<\/p>\n","protected":false},"featured_media":7440,"comment_status":"open","ping_status":"closed","template":"","meta":{"site-sidebar-layout":"default","site-content-layout":"default","ast-site-content-layout":"default","site-content-style":"default","site-sidebar-style":"default","ast-global-header-display":"","ast-banner-title-visibility":"","ast-main-header-display":"","ast-hfb-above-header-display":"","ast-hfb-below-header-display":"","ast-hfb-mobile-header-display":"","site-post-title":"","ast-breadcrumbs-content":"","ast-featured-img":"","footer-sml-layout":"","ast-disable-related-posts":"","theme-transparent-header-meta":"default","adv-header-id-meta":"","stick-header-meta":"default","header-above-stick-meta":"","header-main-stick-meta":"","header-below-stick-meta":"","astra-migrate-meta-layouts":"default","ast-page-background-enabled":"default","ast-page-background-meta":{"desktop":{"background-color":"","background-image":"","background-repeat":"repeat","background-position":"center center","background-size":"auto","background-attachment":"scroll","background-type":"","background-media":"","overlay-type":"","overlay-color":"","overlay-opacity":"","overlay-gradient":""},"tablet":{"background-color":"","background-image":"","background-repeat":"repeat","background-position":"center center","background-size":"auto","background-attachment":"scroll","background-type":"","background-media":"","overlay-type":"","overlay-color":"","overlay-opacity":"","overlay-gradient":""},"mobile":{"background-color":"","background-image":"","background-repeat":"repeat","background-position":"center center","background-size":"auto","background-attachment":"scroll","background-type":"","background-media":"","overlay-type":"","overlay-color":"","overlay-opacity":"","overlay-gradient":""}},"ast-content-background-meta":{"desktop":{"background-color":"var(--ast-global-color-5)","background-image":"","background-repeat":"repeat","background-position":"center center","background-size":"auto","background-attachment":"scroll","background-type":"","background-media":"","overlay-type":"","overlay-color":"","overlay-opacity":"","overlay-gradient":""},"tablet":{"background-color":"var(--ast-global-color-5)","background-image":"","background-repeat":"repeat","background-position":"center center","background-size":"auto","background-attachment":"scroll","background-type":"","background-media":"","overlay-type":"","overlay-color":"","overlay-opacity":"","overlay-gradient":""},"mobile":{"background-color":"var(--ast-global-color-5)","background-image":"","background-repeat":"repeat","background-position":"center center","background-size":"auto","background-attachment":"scroll","background-type":"","background-media":"","overlay-type":"","overlay-color":"","overlay-opacity":"","overlay-gradient":""}}},"product_brand":[],"product_cat":[416,392,386],"product_tag":[],"class_list":{"0":"post-12210","1":"product","2":"type-product","3":"status-publish","4":"has-post-thumbnail","6":"product_cat-ferngesteuerte-vibratore","7":"product_cat-paare-vibrators","8":"product_cat-svakom-de","9":"product_shipping_class-verfugbar-in-1-3-arbeitstagen","10":"desktop-align-center","11":"tablet-align-left","12":"mobile-align-left","13":"ast-product-gallery-layout-horizontal-slider","14":"ast-product-tabs-layout-horizontal","16":"first","17":"instock","18":"sale","19":"featured","20":"taxable","21":"shipping-taxable","22":"purchasable","23":"product-type-simple"},"bundled_by":[],"bundle_stock_status":"instock","bundle_stock_quantity":1,"bundle_virtual":false,"bundle_layout":"","bundle_add_to_cart_form_location":"","bundle_editable_in_cart":false,"bundle_sold_individually_context":"","bundle_item_grouping":"","bundle_min_size":"","bundle_max_size":"","bundle_price":[],"bundled_items":[],"bundle_sell_ids":[12174,12200],"_links":{"self":[{"href":"https:\/\/www.dream-x.ch\/de\/wp-json\/wp\/v2\/product\/12210","targetHints":{"allow":["GET"]}}],"collection":[{"href":"https:\/\/www.dream-x.ch\/de\/wp-json\/wp\/v2\/product"}],"about":[{"href":"https:\/\/www.dream-x.ch\/de\/wp-json\/wp\/v2\/types\/product"}],"replies":[{"embeddable":true,"href":"https:\/\/www.dream-x.ch\/de\/wp-json\/wp\/v2\/comments?post=12210"}],"version-history":[{"count":0,"href":"https:\/\/www.dream-x.ch\/de\/wp-json\/wp\/v2\/product\/12210\/revisions"}],"wp:featuredmedia":[{"embeddable":true,"href":"https:\/\/www.dream-x.ch\/de\/wp-json\/wp\/v2\/media\/7440"}],"wp:attachment":[{"href":"https:\/\/www.dream-x.ch\/de\/wp-json\/wp\/v2\/media?parent=12210"}],"wp:term":[{"taxonomy":"product_brand","embeddable":true,"href":"https:\/\/www.dream-x.ch\/de\/wp-json\/wp\/v2\/product_brand?post=12210"},{"taxonomy":"product_cat","embeddable":true,"href":"https:\/\/www.dream-x.ch\/de\/wp-json\/wp\/v2\/product_cat?post=12210"},{"taxonomy":"product_tag","embeddable":true,"href":"https:\/\/www.dream-x.ch\/de\/wp-json\/wp\/v2\/product_tag?post=12210"}],"curies":[{"name":"wp","href":"https:\/\/api.w.org\/{rel}","templated":true}]}}