{"id":12206,"date":"2022-12-08T07:12:02","date_gmt":"2022-12-08T06:12:02","guid":{"rendered":"https:\/\/www.dream-x.ch\/product\/just-glide-bio-200-ml\/"},"modified":"2022-12-08T07:12:02","modified_gmt":"2022-12-08T06:12:02","slug":"just-glide-bio-200-ml","status":"publish","type":"product","link":"https:\/\/www.dream-x.ch\/de\/product\/just-glide-bio-200-ml\/","title":{"rendered":"Just Glide Bio 200 ml"},"content":{"rendered":"<ul class=\"usp-list\">\n<li class=\"usp-list--element\">Organisches Schmiermittel auf Wasser-\/Bioglycerinbasis<\/li>\n<li class=\"usp-list--element\"><i class=\"icon icon-check usp-list__icon\"><\/i>Vegan<\/li>\n<li class=\"usp-list--element\"><i class=\"icon icon-check usp-list__icon\"><\/i>PE-Rohr auf Basis von Zuckerrohr<\/li>\n<li class=\"usp-list--element\"><i class=\"icon icon-check usp-list__icon\"><\/i>Geschmacks- und geruchsneutrale Formel<\/li>\n<\/ul>\n<p>Natur pur!<br \/>\n<strong>Just Glide Bio<\/strong> ist ein nat\u00fcrliches, organisches Gleitmittel auf Wasser-\/Bioglycerinbasis in einer \u00f6kologisch korrekten und &#8220;gr\u00fcnen&#8221; PE-Tube, die aus dem nachwachsenden Rohstoff Zuckerrohr hergestellt wird, der w\u00e4hrend des Wachstums CO2 auf umweltfreundliche Weise bindet. Die geschmacks- und geruchsneutrale Formel ist vegan und kann sicher mit Latexkondomen verwendet werden. Das Gleitmittel ist \u00f6lfrei und nicht fettig, so dass es abgewaschen werden kann, ohne Flecken zu hinterlassen.<\/p>\n<p><strong>Gr\u00f6\u00dfe<\/strong>: 200 ml.<br \/>\n<b>Zutaten: <\/b>Glycerin, Aqua, Natriumlactat, Milchs\u00e4ure, Xanthan Gum, Levulins\u00e4ure, Natrium Levulinat<br \/>\n<b>R\u00fcckgabe<\/b>: Dieser Artikel kann aus Gesundheits- und Sicherheitsgr\u00fcnden weder zur\u00fcckgegeben noch umgetauscht werden.<\/p>\n","protected":false},"excerpt":{"rendered":"<p>Natur pur!<br \/>\n<strong>Just Glide Bio<\/strong> ist ein nat\u00fcrliches, organisches Gleitmittel auf Wasser-\/Bioglycerinbasis in einer \u00f6kologisch korrekten und &#8220;gr\u00fcnen&#8221; PE-Tube, die aus dem nachwachsenden Rohstoff Zuckerrohr hergestellt wird, der w\u00e4hrend des Wachstums CO2 auf umweltfreundliche Weise bindet. Die geschmacks- und geruchsneutrale Formel ist vegan und kann sicher mit Latexkondomen verwendet werden. Das Gleitmittel ist \u00f6lfrei und nicht fettig, so dass es abgewaschen werden kann, ohne Flecken zu hinterlassen.<\/p>\n","protected":false},"featured_media":9893,"comment_status":"open","ping_status":"closed","template":"","meta":{"site-sidebar-layout":"default","site-content-layout":"default","ast-site-content-layout":"default","site-content-style":"default","site-sidebar-style":"default","ast-global-header-display":"","ast-banner-title-visibility":"","ast-main-header-display":"","ast-hfb-above-header-display":"","ast-hfb-below-header-display":"","ast-hfb-mobile-header-display":"","site-post-title":"","ast-breadcrumbs-content":"","ast-featured-img":"","footer-sml-layout":"","ast-disable-related-posts":"","theme-transparent-header-meta":"default","adv-header-id-meta":"","stick-header-meta":"default","header-above-stick-meta":"","header-main-stick-meta":"","header-below-stick-meta":"","astra-migrate-meta-layouts":"default","ast-page-background-enabled":"default","ast-page-background-meta":{"desktop":{"background-color":"","background-image":"","background-repeat":"repeat","background-position":"center center","background-size":"auto","background-attachment":"scroll","background-type":"","background-media":"","overlay-type":"","overlay-color":"","overlay-opacity":"","overlay-gradient":""},"tablet":{"background-color":"","background-image":"","background-repeat":"repeat","background-position":"center center","background-size":"auto","background-attachment":"scroll","background-type":"","background-media":"","overlay-type":"","overlay-color":"","overlay-opacity":"","overlay-gradient":""},"mobile":{"background-color":"","background-image":"","background-repeat":"repeat","background-position":"center center","background-size":"auto","background-attachment":"scroll","background-type":"","background-media":"","overlay-type":"","overlay-color":"","overlay-opacity":"","overlay-gradient":""}},"ast-content-background-meta":{"desktop":{"background-color":"var(--ast-global-color-5)","background-image":"","background-repeat":"repeat","background-position":"center center","background-size":"auto","background-attachment":"scroll","background-type":"","background-media":"","overlay-type":"","overlay-color":"","overlay-opacity":"","overlay-gradient":""},"tablet":{"background-color":"var(--ast-global-color-5)","background-image":"","background-repeat":"repeat","background-position":"center center","background-size":"auto","background-attachment":"scroll","background-type":"","background-media":"","overlay-type":"","overlay-color":"","overlay-opacity":"","overlay-gradient":""},"mobile":{"background-color":"var(--ast-global-color-5)","background-image":"","background-repeat":"repeat","background-position":"center center","background-size":"auto","background-attachment":"scroll","background-type":"","background-media":"","overlay-type":"","overlay-color":"","overlay-opacity":"","overlay-gradient":""}}},"product_brand":[],"product_cat":[462,476],"product_tag":[490],"class_list":{"0":"post-12206","1":"product","2":"type-product","3":"status-publish","4":"has-post-thumbnail","6":"product_cat-bio-gleitmittel","7":"product_cat-einfach-gleiten","8":"product_tag-bio-gleitmittel","9":"product_shipping_class-verfugbar-in-2-3-wochen","10":"desktop-align-center","11":"tablet-align-left","12":"mobile-align-left","13":"ast-product-gallery-layout-horizontal-slider","14":"ast-product-gallery-with-no-image","15":"ast-product-tabs-layout-horizontal","17":"first","18":"instock","19":"taxable","20":"shipping-taxable","21":"purchasable","22":"product-type-simple"},"bundled_by":[],"bundle_stock_status":"instock","bundle_stock_quantity":200,"bundle_virtual":false,"bundle_layout":"","bundle_add_to_cart_form_location":"","bundle_editable_in_cart":false,"bundle_sold_individually_context":"","bundle_item_grouping":"","bundle_min_size":"","bundle_max_size":"","bundle_price":[],"bundled_items":[],"bundle_sell_ids":[],"_links":{"self":[{"href":"https:\/\/www.dream-x.ch\/de\/wp-json\/wp\/v2\/product\/12206","targetHints":{"allow":["GET"]}}],"collection":[{"href":"https:\/\/www.dream-x.ch\/de\/wp-json\/wp\/v2\/product"}],"about":[{"href":"https:\/\/www.dream-x.ch\/de\/wp-json\/wp\/v2\/types\/product"}],"replies":[{"embeddable":true,"href":"https:\/\/www.dream-x.ch\/de\/wp-json\/wp\/v2\/comments?post=12206"}],"version-history":[{"count":0,"href":"https:\/\/www.dream-x.ch\/de\/wp-json\/wp\/v2\/product\/12206\/revisions"}],"wp:featuredmedia":[{"embeddable":true,"href":"https:\/\/www.dream-x.ch\/de\/wp-json\/wp\/v2\/media\/9893"}],"wp:attachment":[{"href":"https:\/\/www.dream-x.ch\/de\/wp-json\/wp\/v2\/media?parent=12206"}],"wp:term":[{"taxonomy":"product_brand","embeddable":true,"href":"https:\/\/www.dream-x.ch\/de\/wp-json\/wp\/v2\/product_brand?post=12206"},{"taxonomy":"product_cat","embeddable":true,"href":"https:\/\/www.dream-x.ch\/de\/wp-json\/wp\/v2\/product_cat?post=12206"},{"taxonomy":"product_tag","embeddable":true,"href":"https:\/\/www.dream-x.ch\/de\/wp-json\/wp\/v2\/product_tag?post=12206"}],"curies":[{"name":"wp","href":"https:\/\/api.w.org\/{rel}","templated":true}]}}