{"id":12201,"date":"2022-12-08T07:12:03","date_gmt":"2022-12-08T06:12:03","guid":{"rendered":"https:\/\/www.dream-x.ch\/product\/just-glide-premium-anal-50-ml\/"},"modified":"2022-12-08T07:12:03","modified_gmt":"2022-12-08T06:12:03","slug":"just-glide-premium-anal-50-ml","status":"publish","type":"product","link":"https:\/\/www.dream-x.ch\/de\/product\/just-glide-premium-anal-50-ml\/","title":{"rendered":"Just Glide Premium Anal 50 ml"},"content":{"rendered":"<ul class=\"usp-list\">\n<li class=\"usp-list--element\">Medizinisches Schmiermittel<\/li>\n<li class=\"usp-list--element\"><i class=\"icon icon-check usp-list__icon\"><\/i>Mit Silikon\u00f6l<\/li>\n<li class=\"usp-list--element\"><i class=\"icon icon-check usp-list__icon\"><\/i>Feuchthaltende Hyalurons\u00e4ure<\/li>\n<li class=\"usp-list--element\"><i class=\"icon icon-check usp-list__icon\"><\/i>Pflegendes Panthenol<\/li>\n<li class=\"usp-list--element\"><i class=\"icon icon-check usp-list__icon\"><\/i>Optimierter pH-Wert f\u00fcr anales Vergn\u00fcgen<\/li>\n<\/ul>\n<p>Pflegt die Haut am Hinterkopf mit Hyalurons\u00e4ure und Panthenol!<br \/>\n<strong>Just Glide Premium Anal<\/strong> hat einen optimierten pH-Wert f\u00fcr das anale Vergn\u00fcgen. 100% vegan und leicht abwaschbar. Es ist sicher in Verbindung mit Latexkondomen zu verwenden. Geruchlos und geschmacklos. Das Panthenol beruhigt die Haut und bildet eine Barriere. Au\u00dferdem hat es eine regenerierende Wirkung. Die Hyalurons\u00e4ure ist feuchtigkeitsspendend und macht das Gel sehr geschmeidig. Das Silikon\u00f6l des Gleitmittels tr\u00e4gt dazu bei, dass es sich extrem geschmeidig anf\u00fchlt und schmiert, was ein mehr als angenehmes Erlebnis beim Vergn\u00fcgen an der Hintert\u00fcr schafft.<\/p>\n<p><strong>Gr\u00f6\u00dfe<\/strong>: 50 ml.<br \/>\n<strong>Zutaten<\/strong>: Aqua, Glycerin, Hydroxyethylcellulose, Dimethicone, Phenoxyethanol, Panthenol, Hydroxypropyl Guar Hydroxypropyltrimonium Chloride, Sodium Hyaluronate, Ethylhexylglycerin, Citric Acid<br \/>\n<b>R\u00fcckgabe<\/b>: Dieser Artikel kann aus Gesundheits- und Sicherheitsgr\u00fcnden weder zur\u00fcckgegeben noch umgetauscht werden.<\/p>\n","protected":false},"excerpt":{"rendered":"<p>Pflegt die Haut am Hinterkopf mit Hyalurons\u00e4ure und Panthenol!<br \/>\n<strong>Just Glide Premium Anal<\/strong> hat einen optimierten pH-Wert f\u00fcr das anale Vergn\u00fcgen. 100% vegan und leicht abwaschbar. Es ist sicher in Verbindung mit Latexkondomen zu verwenden. Geruchlos und geschmacklos. Das Panthenol beruhigt die Haut und bildet eine Barriere. Au\u00dferdem hat es eine regenerierende Wirkung. Die Hyalurons\u00e4ure ist feuchtigkeitsspendend und macht das Gel sehr geschmeidig. Das Silikon\u00f6l des Gleitmittels tr\u00e4gt dazu bei, dass es sich extrem geschmeidig anf\u00fchlt und schmiert, was ein mehr als angenehmes Erlebnis beim Vergn\u00fcgen an der Hintert\u00fcr schafft.<\/p>\n","protected":false},"featured_media":9908,"comment_status":"open","ping_status":"closed","template":"","meta":{"site-sidebar-layout":"default","site-content-layout":"default","ast-site-content-layout":"default","site-content-style":"default","site-sidebar-style":"default","ast-global-header-display":"","ast-banner-title-visibility":"","ast-main-header-display":"","ast-hfb-above-header-display":"","ast-hfb-below-header-display":"","ast-hfb-mobile-header-display":"","site-post-title":"","ast-breadcrumbs-content":"","ast-featured-img":"","footer-sml-layout":"","ast-disable-related-posts":"","theme-transparent-header-meta":"default","adv-header-id-meta":"","stick-header-meta":"default","header-above-stick-meta":"","header-main-stick-meta":"","header-below-stick-meta":"","astra-migrate-meta-layouts":"default","ast-page-background-enabled":"default","ast-page-background-meta":{"desktop":{"background-color":"","background-image":"","background-repeat":"repeat","background-position":"center center","background-size":"auto","background-attachment":"scroll","background-type":"","background-media":"","overlay-type":"","overlay-color":"","overlay-opacity":"","overlay-gradient":""},"tablet":{"background-color":"","background-image":"","background-repeat":"repeat","background-position":"center center","background-size":"auto","background-attachment":"scroll","background-type":"","background-media":"","overlay-type":"","overlay-color":"","overlay-opacity":"","overlay-gradient":""},"mobile":{"background-color":"","background-image":"","background-repeat":"repeat","background-position":"center center","background-size":"auto","background-attachment":"scroll","background-type":"","background-media":"","overlay-type":"","overlay-color":"","overlay-opacity":"","overlay-gradient":""}},"ast-content-background-meta":{"desktop":{"background-color":"var(--ast-global-color-5)","background-image":"","background-repeat":"repeat","background-position":"center center","background-size":"auto","background-attachment":"scroll","background-type":"","background-media":"","overlay-type":"","overlay-color":"","overlay-opacity":"","overlay-gradient":""},"tablet":{"background-color":"var(--ast-global-color-5)","background-image":"","background-repeat":"repeat","background-position":"center center","background-size":"auto","background-attachment":"scroll","background-type":"","background-media":"","overlay-type":"","overlay-color":"","overlay-opacity":"","overlay-gradient":""},"mobile":{"background-color":"var(--ast-global-color-5)","background-image":"","background-repeat":"repeat","background-position":"center center","background-size":"auto","background-attachment":"scroll","background-type":"","background-media":"","overlay-type":"","overlay-color":"","overlay-opacity":"","overlay-gradient":""}}},"product_brand":[],"product_cat":[458,476],"product_tag":[489],"class_list":{"0":"post-12201","1":"product","2":"type-product","3":"status-publish","4":"has-post-thumbnail","6":"product_cat-analgleitmittel","7":"product_cat-einfach-gleiten","8":"product_tag-anal-gleitmittel","9":"product_shipping_class-verfugbar-in-2-3-wochen","10":"desktop-align-center","11":"tablet-align-left","12":"mobile-align-left","13":"ast-product-gallery-layout-horizontal-slider","14":"ast-product-gallery-with-no-image","15":"ast-product-tabs-layout-horizontal","17":"first","18":"instock","19":"taxable","20":"shipping-taxable","21":"purchasable","22":"product-type-simple"},"bundled_by":[],"bundle_stock_status":"instock","bundle_stock_quantity":200,"bundle_virtual":false,"bundle_layout":"","bundle_add_to_cart_form_location":"","bundle_editable_in_cart":false,"bundle_sold_individually_context":"","bundle_item_grouping":"","bundle_min_size":"","bundle_max_size":"","bundle_price":[],"bundled_items":[],"bundle_sell_ids":[],"_links":{"self":[{"href":"https:\/\/www.dream-x.ch\/de\/wp-json\/wp\/v2\/product\/12201","targetHints":{"allow":["GET"]}}],"collection":[{"href":"https:\/\/www.dream-x.ch\/de\/wp-json\/wp\/v2\/product"}],"about":[{"href":"https:\/\/www.dream-x.ch\/de\/wp-json\/wp\/v2\/types\/product"}],"replies":[{"embeddable":true,"href":"https:\/\/www.dream-x.ch\/de\/wp-json\/wp\/v2\/comments?post=12201"}],"version-history":[{"count":0,"href":"https:\/\/www.dream-x.ch\/de\/wp-json\/wp\/v2\/product\/12201\/revisions"}],"wp:featuredmedia":[{"embeddable":true,"href":"https:\/\/www.dream-x.ch\/de\/wp-json\/wp\/v2\/media\/9908"}],"wp:attachment":[{"href":"https:\/\/www.dream-x.ch\/de\/wp-json\/wp\/v2\/media?parent=12201"}],"wp:term":[{"taxonomy":"product_brand","embeddable":true,"href":"https:\/\/www.dream-x.ch\/de\/wp-json\/wp\/v2\/product_brand?post=12201"},{"taxonomy":"product_cat","embeddable":true,"href":"https:\/\/www.dream-x.ch\/de\/wp-json\/wp\/v2\/product_cat?post=12201"},{"taxonomy":"product_tag","embeddable":true,"href":"https:\/\/www.dream-x.ch\/de\/wp-json\/wp\/v2\/product_tag?post=12201"}],"curies":[{"name":"wp","href":"https:\/\/api.w.org\/{rel}","templated":true}]}}