{"id":12199,"date":"2022-12-08T07:11:55","date_gmt":"2022-12-08T06:11:55","guid":{"rendered":"https:\/\/www.dream-x.ch\/product\/just-glide-auf-wasserbasis-50-ml\/"},"modified":"2022-12-08T07:11:55","modified_gmt":"2022-12-08T06:11:55","slug":"just-glide-auf-wasserbasis-50-ml","status":"publish","type":"product","link":"https:\/\/www.dream-x.ch\/de\/product\/just-glide-auf-wasserbasis-50-ml\/","title":{"rendered":"Just Glide auf Wasserbasis 50 ml"},"content":{"rendered":"<p>Genie\u00dfen Sie gleitendes Vergn\u00fcgen mit <strong>Just Glide auf Wasserbasis<\/strong>!<br \/>\nJust Glide Gleitmittel auf Wasserbasis ist 100% vegan und sorgt f\u00fcr lang anhaltende Gleitf\u00e4higkeit. Es ist auch f\u00fcr empfindliche Haut geeignet. Es ist frei von \u00d6l und nicht fettig. L\u00e4sst sich leicht abwaschen. Sicher in Verbindung mit Latexkondomen. Geruchlos und geschmacklos.<\/p>\n<p><strong>Gr\u00f6\u00dfe<\/strong>: 50 ml.<br \/>\n<b>Zutaten: <\/b>Wasser, Glycerin, Phenoxyethanol, Hydroxyethylcellulose, Hydroxypropyl Guar Hydroxypropyltrimonium Chlorid, Ethylhexylglycerin, Zitronens\u00e4ure<span style=\"font-size: 16px;\"><br \/>\n<\/span><b>R\u00fcckgabe<\/b>: Dieser Artikel kann aus Gesundheits- und Sicherheitsgr\u00fcnden weder zur\u00fcckgegeben noch umgetauscht werden.<\/p>\n","protected":false},"excerpt":{"rendered":"<p>Genie\u00dfen Sie gleitendes Vergn\u00fcgen mit <strong>Just Glide auf Wasserbasis<\/strong>!<br \/>\nJust Glide Gleitmittel auf Wasserbasis ist 100% vegan und sorgt f\u00fcr lang anhaltende Gleitf\u00e4higkeit. Es ist auch f\u00fcr empfindliche Haut geeignet. Es ist frei von \u00d6l und nicht fettig.<\/p>\n","protected":false},"featured_media":9398,"comment_status":"open","ping_status":"closed","template":"","meta":{"site-sidebar-layout":"default","site-content-layout":"default","ast-site-content-layout":"default","site-content-style":"default","site-sidebar-style":"default","ast-global-header-display":"","ast-banner-title-visibility":"","ast-main-header-display":"","ast-hfb-above-header-display":"","ast-hfb-below-header-display":"","ast-hfb-mobile-header-display":"","site-post-title":"","ast-breadcrumbs-content":"","ast-featured-img":"","footer-sml-layout":"","ast-disable-related-posts":"","theme-transparent-header-meta":"default","adv-header-id-meta":"","stick-header-meta":"default","header-above-stick-meta":"","header-main-stick-meta":"","header-below-stick-meta":"","astra-migrate-meta-layouts":"default","ast-page-background-enabled":"default","ast-page-background-meta":{"desktop":{"background-color":"","background-image":"","background-repeat":"repeat","background-position":"center center","background-size":"auto","background-attachment":"scroll","background-type":"","background-media":"","overlay-type":"","overlay-color":"","overlay-opacity":"","overlay-gradient":""},"tablet":{"background-color":"","background-image":"","background-repeat":"repeat","background-position":"center center","background-size":"auto","background-attachment":"scroll","background-type":"","background-media":"","overlay-type":"","overlay-color":"","overlay-opacity":"","overlay-gradient":""},"mobile":{"background-color":"","background-image":"","background-repeat":"repeat","background-position":"center center","background-size":"auto","background-attachment":"scroll","background-type":"","background-media":"","overlay-type":"","overlay-color":"","overlay-opacity":"","overlay-gradient":""}},"ast-content-background-meta":{"desktop":{"background-color":"var(--ast-global-color-5)","background-image":"","background-repeat":"repeat","background-position":"center center","background-size":"auto","background-attachment":"scroll","background-type":"","background-media":"","overlay-type":"","overlay-color":"","overlay-opacity":"","overlay-gradient":""},"tablet":{"background-color":"var(--ast-global-color-5)","background-image":"","background-repeat":"repeat","background-position":"center center","background-size":"auto","background-attachment":"scroll","background-type":"","background-media":"","overlay-type":"","overlay-color":"","overlay-opacity":"","overlay-gradient":""},"mobile":{"background-color":"var(--ast-global-color-5)","background-image":"","background-repeat":"repeat","background-position":"center center","background-size":"auto","background-attachment":"scroll","background-type":"","background-media":"","overlay-type":"","overlay-color":"","overlay-opacity":"","overlay-gradient":""}}},"product_brand":[],"product_cat":[476,457],"product_tag":[488,487],"class_list":{"0":"post-12199","1":"product","2":"type-product","3":"status-publish","4":"has-post-thumbnail","6":"product_cat-einfach-gleiten","7":"product_cat-gleitmittel-auf-wasserbasis","8":"product_tag-auf-wasserbasis","9":"product_tag-schmiermittel-de","10":"product_shipping_class-verfugbar-in-2-3-wochen","11":"desktop-align-center","12":"tablet-align-left","13":"mobile-align-left","14":"ast-product-gallery-layout-horizontal-slider","15":"ast-product-gallery-with-no-image","16":"ast-product-tabs-layout-horizontal","18":"first","19":"instock","20":"taxable","21":"shipping-taxable","22":"purchasable","23":"product-type-simple"},"bundled_by":[],"bundle_stock_status":"instock","bundle_stock_quantity":200,"bundle_virtual":false,"bundle_layout":"","bundle_add_to_cart_form_location":"","bundle_editable_in_cart":false,"bundle_sold_individually_context":"","bundle_item_grouping":"","bundle_min_size":"","bundle_max_size":"","bundle_price":[],"bundled_items":[],"bundle_sell_ids":[],"_links":{"self":[{"href":"https:\/\/www.dream-x.ch\/de\/wp-json\/wp\/v2\/product\/12199","targetHints":{"allow":["GET"]}}],"collection":[{"href":"https:\/\/www.dream-x.ch\/de\/wp-json\/wp\/v2\/product"}],"about":[{"href":"https:\/\/www.dream-x.ch\/de\/wp-json\/wp\/v2\/types\/product"}],"replies":[{"embeddable":true,"href":"https:\/\/www.dream-x.ch\/de\/wp-json\/wp\/v2\/comments?post=12199"}],"version-history":[{"count":0,"href":"https:\/\/www.dream-x.ch\/de\/wp-json\/wp\/v2\/product\/12199\/revisions"}],"wp:featuredmedia":[{"embeddable":true,"href":"https:\/\/www.dream-x.ch\/de\/wp-json\/wp\/v2\/media\/9398"}],"wp:attachment":[{"href":"https:\/\/www.dream-x.ch\/de\/wp-json\/wp\/v2\/media?parent=12199"}],"wp:term":[{"taxonomy":"product_brand","embeddable":true,"href":"https:\/\/www.dream-x.ch\/de\/wp-json\/wp\/v2\/product_brand?post=12199"},{"taxonomy":"product_cat","embeddable":true,"href":"https:\/\/www.dream-x.ch\/de\/wp-json\/wp\/v2\/product_cat?post=12199"},{"taxonomy":"product_tag","embeddable":true,"href":"https:\/\/www.dream-x.ch\/de\/wp-json\/wp\/v2\/product_tag?post=12199"}],"curies":[{"name":"wp","href":"https:\/\/api.w.org\/{rel}","templated":true}]}}