{"id":12196,"date":"2022-11-27T12:07:41","date_gmt":"2022-11-27T11:07:41","guid":{"rendered":"https:\/\/www.dream-x.ch\/product\/svakom-iris-pflaume-rosa\/"},"modified":"2022-11-27T12:07:41","modified_gmt":"2022-11-27T11:07:41","slug":"svakom-iris-pflaume-rosa","status":"publish","type":"product","link":"https:\/\/www.dream-x.ch\/de\/product\/svakom-iris-pflaume-rosa\/","title":{"rendered":"Svakom &#8211; Iris Pflaume &#8211; Rosa"},"content":{"rendered":"<ul class=\"usp-list\">\n<li class=\"usp-list--element\">G-Punkt-Vibrator mit ergonomischer Form<\/li>\n<li class=\"usp-list--element\"><i class=\"icon icon-check usp-list__icon\"><\/i>5 Vibrationsmodi &#8211; jeweils 5 Intensit\u00e4ten<\/li>\n<li class=\"usp-list--element\"><i class=\"icon icon-check usp-list__icon\"><\/i>Stimulierende Ringstruktur an der Spitze<\/li>\n<li class=\"usp-list--element\"><i class=\"icon icon-check usp-list__icon\"><\/i>Wasserdicht<\/li>\n<li class=\"usp-list--element\"><i class=\"icon icon-check usp-list__icon\"><\/i>Wiederaufladbar mit dem magnetischen Ladekabel<\/li>\n<\/ul>\n<p>Die Allround-Klimamaschine f\u00fcr G-Punkt und Klitoris!<br \/>\nDer <strong>Iris Plum ist ein G-Punkt-Vibrator<\/strong> mit ergonomischer Form, der mit seinen 5 fl\u00fcsterleisen Vibrationsmodi &#8211; jeweils in 5 verschiedenen Intensit\u00e4ten &#8211; ein abwechslungsreiches Vergn\u00fcgen garantiert. Der Kopf des Vibrators hat eine besonders stimulierende Oberfl\u00e4che mit einer ovalen Ringstruktur, die auch f\u00fcr die Stimulation der Klitoris geeignet ist. Kann einfach per Knopfdruck gesteuert werden. Wasserdicht und wiederaufladbar mit dem mitgelieferten magnetischen Ladekabel.<br \/>\nInklusive einer Aufbewahrungstasche.<\/p>\n<p><strong>Farbe: <\/strong>rosa.<strong><br \/>\n<\/strong><strong>Abmessungen<\/strong>: Gesamtl\u00e4nge 18 cm, \u00d8 3 cm<br \/>\n<strong>Gewicht<\/strong>: 370 g.<br \/>\n<strong>Materialien<\/strong>: Silikon mit einer PU-Beschichtung, ABS.<br \/>\n<b>R\u00fcckgabe<\/b>: Dieser Artikel kann aus Gesundheits- und Sicherheitsgr\u00fcnden weder zur\u00fcckgegeben noch umgetauscht werden.<\/p>\n","protected":false},"excerpt":{"rendered":"<p>Die Allround-Klimamaschine f\u00fcr G-Punkt und Klitoris!<br \/>\nDer <strong>Iris Plum ist ein G-Punkt-Vibrator<\/strong> mit ergonomischer Form, der mit seinen 5 fl\u00fcsterleisen Vibrationsmodi &#8211; jeweils in 5 verschiedenen Intensit\u00e4ten &#8211; ein abwechslungsreiches Vergn\u00fcgen garantiert. Der Kopf des Vibrators hat eine besonders stimulierende Oberfl\u00e4che mit einer ovalen Ringstruktur, die auch f\u00fcr die Stimulation der Klitoris geeignet ist. Kann einfach per Knopfdruck gesteuert werden. Wasserdicht und wiederaufladbar mit dem mitgelieferten magnetischen Ladekabel.<\/p>\n","protected":false},"featured_media":7616,"comment_status":"open","ping_status":"closed","template":"","meta":{"site-sidebar-layout":"default","site-content-layout":"default","ast-site-content-layout":"default","site-content-style":"default","site-sidebar-style":"default","ast-global-header-display":"","ast-banner-title-visibility":"","ast-main-header-display":"","ast-hfb-above-header-display":"","ast-hfb-below-header-display":"","ast-hfb-mobile-header-display":"","site-post-title":"","ast-breadcrumbs-content":"","ast-featured-img":"","footer-sml-layout":"","ast-disable-related-posts":"","theme-transparent-header-meta":"default","adv-header-id-meta":"","stick-header-meta":"default","header-above-stick-meta":"","header-main-stick-meta":"","header-below-stick-meta":"","astra-migrate-meta-layouts":"default","ast-page-background-enabled":"default","ast-page-background-meta":{"desktop":{"background-color":"","background-image":"","background-repeat":"repeat","background-position":"center center","background-size":"auto","background-attachment":"scroll","background-type":"","background-media":"","overlay-type":"","overlay-color":"","overlay-opacity":"","overlay-gradient":""},"tablet":{"background-color":"","background-image":"","background-repeat":"repeat","background-position":"center center","background-size":"auto","background-attachment":"scroll","background-type":"","background-media":"","overlay-type":"","overlay-color":"","overlay-opacity":"","overlay-gradient":""},"mobile":{"background-color":"","background-image":"","background-repeat":"repeat","background-position":"center center","background-size":"auto","background-attachment":"scroll","background-type":"","background-media":"","overlay-type":"","overlay-color":"","overlay-opacity":"","overlay-gradient":""}},"ast-content-background-meta":{"desktop":{"background-color":"var(--ast-global-color-5)","background-image":"","background-repeat":"repeat","background-position":"center center","background-size":"auto","background-attachment":"scroll","background-type":"","background-media":"","overlay-type":"","overlay-color":"","overlay-opacity":"","overlay-gradient":""},"tablet":{"background-color":"var(--ast-global-color-5)","background-image":"","background-repeat":"repeat","background-position":"center center","background-size":"auto","background-attachment":"scroll","background-type":"","background-media":"","overlay-type":"","overlay-color":"","overlay-opacity":"","overlay-gradient":""},"mobile":{"background-color":"var(--ast-global-color-5)","background-image":"","background-repeat":"repeat","background-position":"center center","background-size":"auto","background-attachment":"scroll","background-type":"","background-media":"","overlay-type":"","overlay-color":"","overlay-opacity":"","overlay-gradient":""}}},"product_brand":[],"product_cat":[398,397,386],"product_tag":[],"class_list":{"0":"post-12196","1":"product","2":"type-product","3":"status-publish","4":"has-post-thumbnail","6":"product_cat-g-punkt-vibratoren","7":"product_cat-klitoris-vibrator","8":"product_cat-svakom-de","9":"product_shipping_class-verfugbar-in-2-3-wochen","10":"desktop-align-center","11":"tablet-align-left","12":"mobile-align-left","13":"ast-product-gallery-layout-horizontal-slider","14":"ast-product-tabs-layout-horizontal","16":"first","17":"instock","18":"taxable","19":"shipping-taxable","20":"purchasable","21":"product-type-simple"},"bundled_by":[],"bundle_stock_status":"instock","bundle_stock_quantity":20,"bundle_virtual":false,"bundle_layout":"","bundle_add_to_cart_form_location":"","bundle_editable_in_cart":false,"bundle_sold_individually_context":"","bundle_item_grouping":"","bundle_min_size":"","bundle_max_size":"","bundle_price":[],"bundled_items":[],"bundle_sell_ids":[12174,12200],"_links":{"self":[{"href":"https:\/\/www.dream-x.ch\/de\/wp-json\/wp\/v2\/product\/12196","targetHints":{"allow":["GET"]}}],"collection":[{"href":"https:\/\/www.dream-x.ch\/de\/wp-json\/wp\/v2\/product"}],"about":[{"href":"https:\/\/www.dream-x.ch\/de\/wp-json\/wp\/v2\/types\/product"}],"replies":[{"embeddable":true,"href":"https:\/\/www.dream-x.ch\/de\/wp-json\/wp\/v2\/comments?post=12196"}],"version-history":[{"count":0,"href":"https:\/\/www.dream-x.ch\/de\/wp-json\/wp\/v2\/product\/12196\/revisions"}],"wp:featuredmedia":[{"embeddable":true,"href":"https:\/\/www.dream-x.ch\/de\/wp-json\/wp\/v2\/media\/7616"}],"wp:attachment":[{"href":"https:\/\/www.dream-x.ch\/de\/wp-json\/wp\/v2\/media?parent=12196"}],"wp:term":[{"taxonomy":"product_brand","embeddable":true,"href":"https:\/\/www.dream-x.ch\/de\/wp-json\/wp\/v2\/product_brand?post=12196"},{"taxonomy":"product_cat","embeddable":true,"href":"https:\/\/www.dream-x.ch\/de\/wp-json\/wp\/v2\/product_cat?post=12196"},{"taxonomy":"product_tag","embeddable":true,"href":"https:\/\/www.dream-x.ch\/de\/wp-json\/wp\/v2\/product_tag?post=12196"}],"curies":[{"name":"wp","href":"https:\/\/api.w.org\/{rel}","templated":true}]}}