{"id":12195,"date":"2022-12-19T20:18:31","date_gmt":"2022-12-19T19:18:31","guid":{"rendered":"https:\/\/www.dream-x.ch\/product\/eiszapfen-nr-67\/"},"modified":"2022-12-19T20:18:31","modified_gmt":"2022-12-19T19:18:31","slug":"eiszapfen-nr-67","status":"publish","type":"product","link":"https:\/\/www.dream-x.ch\/de\/product\/eiszapfen-nr-67\/","title":{"rendered":"Eiszapfen Nr. 67"},"content":{"rendered":"<ul>\n<li>Analperlen aus mundgeblasenem Glas<\/li>\n<li><i class=\"icon icon-check usp-list__icon\"><\/i>Mit 7 Perlen und einem R\u00fcckholring<\/li>\n<li><i class=\"icon icon-check usp-list__icon\"><\/i>Geeignet f\u00fcr die Sp\u00fclmaschine<\/li>\n<\/ul>\n<p>Eine sch\u00f6ne Vergn\u00fcgungsspezialistin und ein lebenslanger Liebhaber!<br \/>\n<strong>Icicles Nr. 67 ist eine gebogene Analperle<\/strong> aus mundgeblasenem Glas mit 7 Perlen und einem praktischen R\u00fcckholring. Er ist geruchsneutral, antiallergisch und sehr hygienisch, da er sehr leicht zu reinigen ist &#8211; er kann sogar in die Sp\u00fclmaschine gegeben werden. Tipp: Das Aufw\u00e4rmen in der Badewanne oder das Abk\u00fchlen im K\u00fchlschrank kann den Genuss steigern. Bei richtiger Pflege kann dieses Produkt ewig aufbewahrt und verwendet werden.<\/p>\n<p><strong>Gr\u00f6\u00dfe<\/strong>: Gesamtl\u00e4nge 20,5 cm, Einf\u00fchrtiefe 14 cm, \u00d8 1,4-3,7 cm.<br \/>\n<strong>Materialien<\/strong>: Glas.<br \/>\n<b>R\u00fcckgabe<\/b>: Dieser Artikel kann aus Gesundheits- und Sicherheitsgr\u00fcnden weder zur\u00fcckgegeben noch umgetauscht werden.<\/p>\n","protected":false},"excerpt":{"rendered":"<p>Eine sch\u00f6ne Vergn\u00fcgungsspezialistin und ein lebenslanger Liebhaber!<br \/>\n<strong>Icicles Nr. 67 ist eine gebogene Analperle<\/strong> aus mundgeblasenem Glas mit 7 Perlen und einem praktischen R\u00fcckholring. Er ist geruchsneutral, antiallergisch und sehr hygienisch, da er sehr leicht zu reinigen ist &#8211; er kann sogar in die Sp\u00fclmaschine gegeben werden. Tipp: Das Aufw\u00e4rmen in der Badewanne oder das Abk\u00fchlen im K\u00fchlschrank kann den Genuss steigern. Bei richtiger Pflege kann dieses Produkt ewig aufbewahrt und verwendet werden.<\/p>\n","protected":false},"featured_media":10901,"comment_status":"closed","ping_status":"closed","template":"","meta":{"site-sidebar-layout":"default","site-content-layout":"default","ast-site-content-layout":"default","site-content-style":"default","site-sidebar-style":"default","ast-global-header-display":"","ast-banner-title-visibility":"","ast-main-header-display":"","ast-hfb-above-header-display":"","ast-hfb-below-header-display":"","ast-hfb-mobile-header-display":"","site-post-title":"","ast-breadcrumbs-content":"","ast-featured-img":"","footer-sml-layout":"","ast-disable-related-posts":"","theme-transparent-header-meta":"default","adv-header-id-meta":"","stick-header-meta":"default","header-above-stick-meta":"","header-main-stick-meta":"","header-below-stick-meta":"","astra-migrate-meta-layouts":"default","ast-page-background-enabled":"default","ast-page-background-meta":{"desktop":{"background-color":"","background-image":"","background-repeat":"repeat","background-position":"center center","background-size":"auto","background-attachment":"scroll","background-type":"","background-media":"","overlay-type":"","overlay-color":"","overlay-opacity":"","overlay-gradient":""},"tablet":{"background-color":"","background-image":"","background-repeat":"repeat","background-position":"center center","background-size":"auto","background-attachment":"scroll","background-type":"","background-media":"","overlay-type":"","overlay-color":"","overlay-opacity":"","overlay-gradient":""},"mobile":{"background-color":"","background-image":"","background-repeat":"repeat","background-position":"center center","background-size":"auto","background-attachment":"scroll","background-type":"","background-media":"","overlay-type":"","overlay-color":"","overlay-opacity":"","overlay-gradient":""}},"ast-content-background-meta":{"desktop":{"background-color":"var(--ast-global-color-5)","background-image":"","background-repeat":"repeat","background-position":"center center","background-size":"auto","background-attachment":"scroll","background-type":"","background-media":"","overlay-type":"","overlay-color":"","overlay-opacity":"","overlay-gradient":""},"tablet":{"background-color":"var(--ast-global-color-5)","background-image":"","background-repeat":"repeat","background-position":"center center","background-size":"auto","background-attachment":"scroll","background-type":"","background-media":"","overlay-type":"","overlay-color":"","overlay-opacity":"","overlay-gradient":""},"mobile":{"background-color":"var(--ast-global-color-5)","background-image":"","background-repeat":"repeat","background-position":"center center","background-size":"auto","background-attachment":"scroll","background-type":"","background-media":"","overlay-type":"","overlay-color":"","overlay-opacity":"","overlay-gradient":""}}},"product_brand":[],"product_cat":[435,479],"product_tag":[],"class_list":{"0":"post-12195","1":"product","2":"type-product","3":"status-publish","4":"has-post-thumbnail","6":"product_cat-anal-perlen","7":"product_cat-eiszapfen","8":"product_shipping_class-verfugbar-in-2-3-wochen","9":"desktop-align-center","10":"tablet-align-left","11":"mobile-align-left","12":"ast-product-gallery-layout-horizontal-slider","13":"ast-product-tabs-layout-horizontal","15":"first","16":"instock","17":"taxable","18":"shipping-taxable","19":"purchasable","20":"product-type-simple"},"bundled_by":[],"bundle_stock_status":"instock","bundle_stock_quantity":9,"bundle_virtual":false,"bundle_layout":"","bundle_add_to_cart_form_location":"","bundle_editable_in_cart":false,"bundle_sold_individually_context":"","bundle_item_grouping":"","bundle_min_size":"","bundle_max_size":"","bundle_price":[],"bundled_items":[],"bundle_sell_ids":[],"_links":{"self":[{"href":"https:\/\/www.dream-x.ch\/de\/wp-json\/wp\/v2\/product\/12195","targetHints":{"allow":["GET"]}}],"collection":[{"href":"https:\/\/www.dream-x.ch\/de\/wp-json\/wp\/v2\/product"}],"about":[{"href":"https:\/\/www.dream-x.ch\/de\/wp-json\/wp\/v2\/types\/product"}],"replies":[{"embeddable":true,"href":"https:\/\/www.dream-x.ch\/de\/wp-json\/wp\/v2\/comments?post=12195"}],"version-history":[{"count":0,"href":"https:\/\/www.dream-x.ch\/de\/wp-json\/wp\/v2\/product\/12195\/revisions"}],"wp:featuredmedia":[{"embeddable":true,"href":"https:\/\/www.dream-x.ch\/de\/wp-json\/wp\/v2\/media\/10901"}],"wp:attachment":[{"href":"https:\/\/www.dream-x.ch\/de\/wp-json\/wp\/v2\/media?parent=12195"}],"wp:term":[{"taxonomy":"product_brand","embeddable":true,"href":"https:\/\/www.dream-x.ch\/de\/wp-json\/wp\/v2\/product_brand?post=12195"},{"taxonomy":"product_cat","embeddable":true,"href":"https:\/\/www.dream-x.ch\/de\/wp-json\/wp\/v2\/product_cat?post=12195"},{"taxonomy":"product_tag","embeddable":true,"href":"https:\/\/www.dream-x.ch\/de\/wp-json\/wp\/v2\/product_tag?post=12195"}],"curies":[{"name":"wp","href":"https:\/\/api.w.org\/{rel}","templated":true}]}}