{"id":12191,"date":"2022-12-19T20:18:41","date_gmt":"2022-12-19T19:18:41","guid":{"rendered":"https:\/\/www.dream-x.ch\/product\/eiszapfen-nr-89-blau-glasdildo\/"},"modified":"2022-12-19T20:18:41","modified_gmt":"2022-12-19T19:18:41","slug":"eiszapfen-nr-89-blau-glasdildo","status":"publish","type":"product","link":"https:\/\/www.dream-x.ch\/de\/product\/eiszapfen-nr-89-blau-glasdildo\/","title":{"rendered":"Eiszapfen Nr. 89 blau &#8211; Glasdildo"},"content":{"rendered":"<ul class=\"usp-list\">\n<li class=\"usp-list--element\">Dildo aus mundgeblasenem Glas<\/li>\n<li class=\"usp-list--element\"><i class=\"icon icon-check usp-list__icon\"><\/i>Mit einem abnehmbaren Saugnapf<\/li>\n<li class=\"usp-list--element\"><i class=\"icon icon-check usp-list__icon\"><\/i>Strap-on kompatibel<\/li>\n<li class=\"usp-list--element\"><i class=\"icon icon-check usp-list__icon\"><\/i>40\u00b0-Kurve f\u00fcr die Stimulation von G-Punkt und P-Punkt<\/li>\n<li class=\"usp-list--element\"><i class=\"icon icon-check usp-list__icon\"><\/i>Temperaturspiel ist m\u00f6glich<\/li>\n<li class=\"usp-list--element\"><i class=\"icon icon-check usp-list__icon\"><\/i>Hypoallergen und leicht zu reinigen<\/li>\n<\/ul>\n<p>Hei\u00dfer oder kalter Genuss!<br \/>\nDieser exklusive, mundgeblasene, gebogene Glasdildo mit gro\u00dfem Kopf und einer 40\u00b0-Kurve ist perfekt f\u00fcr die Massage des Intimbereichs und die gezielte Stimulation des G-Punkts oder des P-Punkts. Der <strong>Icicles No. 89 blau &#8211; Glasdildo<\/strong> hat einen (abnehmbaren) Saugnapf und kann somit zur F\u00fchrung des Dildos verwendet werden. Der Saugnapf kann auch verwendet werden, um freih\u00e4ndigen Spa\u00df zu erm\u00f6glichen. Er kann auch mit einem Strap-On verwendet werden (nicht im Lieferumfang enthalten). Der Dildo selbst kann im Wasser aufgew\u00e4rmt oder abgek\u00fchlt werden und erm\u00f6glicht extrem aufregende Momente der Lust. Das Glas ist v\u00f6llig nahtlos und zeichnet sich durch seine hypoallergenen Eigenschaften aus.<\/p>\n<p>&nbsp;<\/p>\n<p><strong>Farbe: <\/strong>blau<strong><br \/>\n<\/strong><strong>Gr\u00f6\u00dfe<\/strong>: Gesamtl\u00e4nge 18 cm, Einf\u00fchrl\u00e4nge 16,5 cm, \u00d8 3,2 cm; Saugnapf 4,4 cm hoch, \u00d8 7 cm.<br \/>\n<strong>Materialien<\/strong>: Glas, Silikon.<br \/>\n<b>R\u00fcckgabe<\/b>: Dieser Artikel kann aus Gesundheits- und Sicherheitsgr\u00fcnden weder zur\u00fcckgegeben noch umgetauscht werden.<\/p>\n","protected":false},"excerpt":{"rendered":"<p>Hei\u00dfer oder kalter Genuss!<br \/>\nDieser exklusive, mundgeblasene, gebogene Glasdildo mit gro\u00dfem Kopf und einer 40\u00b0-Kurve ist perfekt f\u00fcr die Massage des Intimbereichs und die gezielte Stimulation des G-Punkts oder des P-Punkts. Der <strong>Icicles No. 89 blau &#8211; Glasdildo<\/strong> hat einen (abnehmbaren) Saugnapf und kann somit zur F\u00fchrung des Dildos verwendet werden. Der Saugnapf kann auch verwendet werden, um freih\u00e4ndigen Spa\u00df zu erm\u00f6glichen. Er kann auch mit einem Strap-On verwendet werden (nicht im Lieferumfang enthalten). Der Dildo selbst kann im Wasser aufgew\u00e4rmt oder abgek\u00fchlt werden und erm\u00f6glicht extrem aufregende Momente der Lust. Das Glas ist v\u00f6llig nahtlos und zeichnet sich durch seine hypoallergenen Eigenschaften aus.<\/p>\n","protected":false},"featured_media":10439,"comment_status":"closed","ping_status":"closed","template":"","meta":{"site-sidebar-layout":"default","site-content-layout":"default","ast-site-content-layout":"default","site-content-style":"default","site-sidebar-style":"default","ast-global-header-display":"","ast-banner-title-visibility":"","ast-main-header-display":"","ast-hfb-above-header-display":"","ast-hfb-below-header-display":"","ast-hfb-mobile-header-display":"","site-post-title":"","ast-breadcrumbs-content":"","ast-featured-img":"","footer-sml-layout":"","ast-disable-related-posts":"","theme-transparent-header-meta":"default","adv-header-id-meta":"","stick-header-meta":"default","header-above-stick-meta":"","header-main-stick-meta":"","header-below-stick-meta":"","astra-migrate-meta-layouts":"default","ast-page-background-enabled":"default","ast-page-background-meta":{"desktop":{"background-color":"","background-image":"","background-repeat":"repeat","background-position":"center center","background-size":"auto","background-attachment":"scroll","background-type":"","background-media":"","overlay-type":"","overlay-color":"","overlay-opacity":"","overlay-gradient":""},"tablet":{"background-color":"","background-image":"","background-repeat":"repeat","background-position":"center center","background-size":"auto","background-attachment":"scroll","background-type":"","background-media":"","overlay-type":"","overlay-color":"","overlay-opacity":"","overlay-gradient":""},"mobile":{"background-color":"","background-image":"","background-repeat":"repeat","background-position":"center center","background-size":"auto","background-attachment":"scroll","background-type":"","background-media":"","overlay-type":"","overlay-color":"","overlay-opacity":"","overlay-gradient":""}},"ast-content-background-meta":{"desktop":{"background-color":"var(--ast-global-color-5)","background-image":"","background-repeat":"repeat","background-position":"center center","background-size":"auto","background-attachment":"scroll","background-type":"","background-media":"","overlay-type":"","overlay-color":"","overlay-opacity":"","overlay-gradient":""},"tablet":{"background-color":"var(--ast-global-color-5)","background-image":"","background-repeat":"repeat","background-position":"center center","background-size":"auto","background-attachment":"scroll","background-type":"","background-media":"","overlay-type":"","overlay-color":"","overlay-opacity":"","overlay-gradient":""},"mobile":{"background-color":"var(--ast-global-color-5)","background-image":"","background-repeat":"repeat","background-position":"center center","background-size":"auto","background-attachment":"scroll","background-type":"","background-media":"","overlay-type":"","overlay-color":"","overlay-opacity":"","overlay-gradient":""}}},"product_brand":[],"product_cat":[479,428],"product_tag":[485],"class_list":{"0":"post-12191","1":"product","2":"type-product","3":"status-publish","4":"has-post-thumbnail","6":"product_cat-eiszapfen","7":"product_cat-glas-dildos","8":"product_tag-glasdildo","9":"product_shipping_class-verfugbar-in-2-3-wochen","10":"desktop-align-center","11":"tablet-align-left","12":"mobile-align-left","13":"ast-product-gallery-layout-horizontal-slider","14":"ast-product-tabs-layout-horizontal","16":"first","17":"instock","18":"taxable","19":"shipping-taxable","20":"purchasable","21":"product-type-simple"},"bundled_by":[],"bundle_stock_status":"instock","bundle_stock_quantity":35,"bundle_virtual":false,"bundle_layout":"","bundle_add_to_cart_form_location":"","bundle_editable_in_cart":false,"bundle_sold_individually_context":"","bundle_item_grouping":"","bundle_min_size":"","bundle_max_size":"","bundle_price":[],"bundled_items":[],"bundle_sell_ids":[12200,12174],"_links":{"self":[{"href":"https:\/\/www.dream-x.ch\/de\/wp-json\/wp\/v2\/product\/12191","targetHints":{"allow":["GET"]}}],"collection":[{"href":"https:\/\/www.dream-x.ch\/de\/wp-json\/wp\/v2\/product"}],"about":[{"href":"https:\/\/www.dream-x.ch\/de\/wp-json\/wp\/v2\/types\/product"}],"replies":[{"embeddable":true,"href":"https:\/\/www.dream-x.ch\/de\/wp-json\/wp\/v2\/comments?post=12191"}],"version-history":[{"count":0,"href":"https:\/\/www.dream-x.ch\/de\/wp-json\/wp\/v2\/product\/12191\/revisions"}],"wp:featuredmedia":[{"embeddable":true,"href":"https:\/\/www.dream-x.ch\/de\/wp-json\/wp\/v2\/media\/10439"}],"wp:attachment":[{"href":"https:\/\/www.dream-x.ch\/de\/wp-json\/wp\/v2\/media?parent=12191"}],"wp:term":[{"taxonomy":"product_brand","embeddable":true,"href":"https:\/\/www.dream-x.ch\/de\/wp-json\/wp\/v2\/product_brand?post=12191"},{"taxonomy":"product_cat","embeddable":true,"href":"https:\/\/www.dream-x.ch\/de\/wp-json\/wp\/v2\/product_cat?post=12191"},{"taxonomy":"product_tag","embeddable":true,"href":"https:\/\/www.dream-x.ch\/de\/wp-json\/wp\/v2\/product_tag?post=12191"}],"curies":[{"name":"wp","href":"https:\/\/api.w.org\/{rel}","templated":true}]}}