{"id":12176,"date":"2022-11-14T19:41:24","date_gmt":"2022-11-14T18:41:24","guid":{"rendered":"https:\/\/www.dream-x.ch\/product\/joydivision-bioglide-natuerliches-gleitmittel-150-ml\/"},"modified":"2024-10-15T12:04:14","modified_gmt":"2024-10-15T11:04:14","slug":"joydivision-bioglide-natuerliches-gleitmittel-150-ml","status":"publish","type":"product","link":"https:\/\/www.dream-x.ch\/de\/product\/joydivision-bioglide-natuerliches-gleitmittel-150-ml\/","title":{"rendered":"JoyDivision &#8211; BIOglide nat\u00fcrliches Gleitmittel 150 ml"},"content":{"rendered":"<ul>\n<li>Medizinisches Schmiermittel auf Wasserbasis<\/li>\n<li>Vegane, lebensmittelechte Qualit\u00e4t<\/li>\n<li>Geruchlos und geschmacklos<\/li>\n<li>Dermatologisch und klinisch getestet<\/li>\n<li>Nicht fettend und frei von \u00d6l, sicher in der Anwendung mit Latexkondomen<\/li>\n<\/ul>\n<p>F\u00fcr alle, denen nat\u00fcrliche Dinge wichtig sind!<br \/>\n<strong>BIOglide nat\u00fcrliches Gleitmittel<\/strong>, medizinisches, wasserbasiertes Gleitmittel f\u00fcr sanfte Unterst\u00fctzung beim Sex. In Lebensmittelqualit\u00e4t und daher f\u00fcr Oralsex geeignet. V\u00f6llig geruchs- und geschmacksneutral. <strong>100% vegan<\/strong>. Frei von synthetischen Konservierungsmitteln und Duftstoffen. Schon wenige Tropfen gen\u00fcgen f\u00fcr ein lang anhaltendes, rutschiges Vergn\u00fcgen. Nicht fettend und frei von \u00d6l. Dermatologisch und klinisch getestet. Sicher in der Anwendung mit Latexkondomen und pH-optimiert.<br \/>\nQualit\u00e4t Made in Germany.<\/p>\n<p><strong>Menge<\/strong>: 150 ml.<br \/>\n<strong>Zutaten: <\/strong>Pflanzliches Glycerin, Wasser, Natriumlactat, Xanthan Gum, Levulins\u00e4ure, Natrium Levulinat, Milchs\u00e4ure<br \/>\n<b>R\u00fcckgabe<\/b>: Dieser Artikel kann aus Gesundheits- und Sicherheitsgr\u00fcnden weder zur\u00fcckgegeben noch umgetauscht werden.<\/p>\n","protected":false},"excerpt":{"rendered":"<p>BIOglide nat\u00fcrliches Gleitmittel, medizinisches, wasserbasiertes Gleitmittel f\u00fcr sanfte Unterst\u00fctzung beim Sex.<br \/>\n<strong>Menge<\/strong>: 150 ml<\/p>\n","protected":false},"featured_media":5101,"comment_status":"open","ping_status":"closed","template":"","meta":{"site-sidebar-layout":"default","site-content-layout":"default","ast-site-content-layout":"default","site-content-style":"default","site-sidebar-style":"default","ast-global-header-display":"","ast-banner-title-visibility":"","ast-main-header-display":"","ast-hfb-above-header-display":"","ast-hfb-below-header-display":"","ast-hfb-mobile-header-display":"","site-post-title":"","ast-breadcrumbs-content":"","ast-featured-img":"","footer-sml-layout":"","ast-disable-related-posts":"","theme-transparent-header-meta":"default","adv-header-id-meta":"","stick-header-meta":"default","header-above-stick-meta":"","header-main-stick-meta":"","header-below-stick-meta":"","astra-migrate-meta-layouts":"default","ast-page-background-enabled":"default","ast-page-background-meta":{"desktop":{"background-color":"","background-image":"","background-repeat":"repeat","background-position":"center center","background-size":"auto","background-attachment":"scroll","background-type":"","background-media":"","overlay-type":"","overlay-color":"","overlay-opacity":"","overlay-gradient":""},"tablet":{"background-color":"","background-image":"","background-repeat":"repeat","background-position":"center center","background-size":"auto","background-attachment":"scroll","background-type":"","background-media":"","overlay-type":"","overlay-color":"","overlay-opacity":"","overlay-gradient":""},"mobile":{"background-color":"","background-image":"","background-repeat":"repeat","background-position":"center center","background-size":"auto","background-attachment":"scroll","background-type":"","background-media":"","overlay-type":"","overlay-color":"","overlay-opacity":"","overlay-gradient":""}},"ast-content-background-meta":{"desktop":{"background-color":"var(--ast-global-color-5)","background-image":"","background-repeat":"repeat","background-position":"center center","background-size":"auto","background-attachment":"scroll","background-type":"","background-media":"","overlay-type":"","overlay-color":"","overlay-opacity":"","overlay-gradient":""},"tablet":{"background-color":"var(--ast-global-color-5)","background-image":"","background-repeat":"repeat","background-position":"center center","background-size":"auto","background-attachment":"scroll","background-type":"","background-media":"","overlay-type":"","overlay-color":"","overlay-opacity":"","overlay-gradient":""},"mobile":{"background-color":"var(--ast-global-color-5)","background-image":"","background-repeat":"repeat","background-position":"center center","background-size":"auto","background-attachment":"scroll","background-type":"","background-media":"","overlay-type":"","overlay-color":"","overlay-opacity":"","overlay-gradient":""}}},"product_brand":[],"product_cat":[414],"product_tag":[483],"class_list":{"0":"post-12176","1":"product","2":"type-product","3":"status-publish","4":"has-post-thumbnail","6":"product_cat-joydivision-de","7":"product_tag-schmiermittel","8":"product_shipping_class-verfugbar-in-2-3-wochen","9":"desktop-align-center","10":"tablet-align-left","11":"mobile-align-left","12":"ast-product-gallery-layout-horizontal-slider","13":"ast-product-gallery-with-no-image","14":"ast-product-tabs-layout-horizontal","16":"first","17":"instock","18":"taxable","19":"shipping-taxable","20":"purchasable","21":"product-type-simple"},"bundled_by":[],"bundle_stock_status":"instock","bundle_stock_quantity":200,"bundle_virtual":false,"bundle_layout":"","bundle_add_to_cart_form_location":"","bundle_editable_in_cart":false,"bundle_sold_individually_context":"","bundle_item_grouping":"","bundle_min_size":"","bundle_max_size":"","bundle_price":[],"bundled_items":[],"bundle_sell_ids":[],"_links":{"self":[{"href":"https:\/\/www.dream-x.ch\/de\/wp-json\/wp\/v2\/product\/12176","targetHints":{"allow":["GET"]}}],"collection":[{"href":"https:\/\/www.dream-x.ch\/de\/wp-json\/wp\/v2\/product"}],"about":[{"href":"https:\/\/www.dream-x.ch\/de\/wp-json\/wp\/v2\/types\/product"}],"replies":[{"embeddable":true,"href":"https:\/\/www.dream-x.ch\/de\/wp-json\/wp\/v2\/comments?post=12176"}],"version-history":[{"count":0,"href":"https:\/\/www.dream-x.ch\/de\/wp-json\/wp\/v2\/product\/12176\/revisions"}],"wp:featuredmedia":[{"embeddable":true,"href":"https:\/\/www.dream-x.ch\/de\/wp-json\/wp\/v2\/media\/5101"}],"wp:attachment":[{"href":"https:\/\/www.dream-x.ch\/de\/wp-json\/wp\/v2\/media?parent=12176"}],"wp:term":[{"taxonomy":"product_brand","embeddable":true,"href":"https:\/\/www.dream-x.ch\/de\/wp-json\/wp\/v2\/product_brand?post=12176"},{"taxonomy":"product_cat","embeddable":true,"href":"https:\/\/www.dream-x.ch\/de\/wp-json\/wp\/v2\/product_cat?post=12176"},{"taxonomy":"product_tag","embeddable":true,"href":"https:\/\/www.dream-x.ch\/de\/wp-json\/wp\/v2\/product_tag?post=12176"}],"curies":[{"name":"wp","href":"https:\/\/api.w.org\/{rel}","templated":true}]}}