{"id":12175,"date":"2022-11-14T20:26:10","date_gmt":"2022-11-14T19:26:10","guid":{"rendered":"https:\/\/www.dream-x.ch\/product\/joydivision-bioglide-anal-gleitmittel-80-ml\/"},"modified":"2024-10-15T12:04:13","modified_gmt":"2024-10-15T11:04:13","slug":"joydivision-bioglide-anal-gleitmittel-80-ml","status":"publish","type":"product","link":"https:\/\/www.dream-x.ch\/de\/product\/joydivision-bioglide-anal-gleitmittel-80-ml\/","title":{"rendered":"JoyDivision &#8211; BIOglide Anal-Gleitmittel 80 ml"},"content":{"rendered":"<p><strong>Beschreibung des Artikels:<\/strong><\/p>\n<ul>\n<li>Medizinisches Schmiermittel auf Wasserbasis<\/li>\n<li>Speziell f\u00fcr die Analregion<\/li>\n<li>Vegane, lebensmittelechte Qualit\u00e4t &#8211; geeignet f\u00fcr Oralsex<\/li>\n<li>Geruchlos und geschmacklos<\/li>\n<li>Dermatologisch und klinisch getestet<\/li>\n<li>\u00d6l- und fettfrei, latexkondomsicher<\/li>\n<li>F\u00fcr alle, die eine nat\u00fcrliche Note sch\u00e4tzen!<\/li>\n<\/ul>\n<p>Medizinisches Gleitmittel auf Wasserbasis speziell f\u00fcr die Analregion. Durch seine Lebensmittelqualit\u00e4t ist er auch f\u00fcr Oralsex geeignet. V\u00f6llig geruchs- und geschmacksneutral. 100% vegan. Frei von synthetischen Konservierungsmitteln und Duftstoffen. Sorgt f\u00fcr lang anhaltendes Gleitvergn\u00fcgen mit nur wenigen Tropfen. \u00d6l- und fettfrei. Dermatologisch und klinisch getestet. Latex-Kondom-sicher und pH-optimiert. Qualit\u00e4t Made in Germany.<\/p>\n<p><strong>Gr\u00f6\u00dfe<\/strong>: 80 ml.<br \/>\n<strong>Zutaten<\/strong>: Pflanzliches Glycerin, Wasser, Natriumlactat, Xanthan Gum, Levulins\u00e4ure, Natrium Levulinat, Milchs\u00e4ure<br \/>\n<b>R\u00fcckgabe<\/b>: Dieser Artikel kann aus Gesundheits- und Sicherheitsgr\u00fcnden weder zur\u00fcckgegeben noch umgetauscht werden.<\/p>\n","protected":false},"excerpt":{"rendered":"<p>BIOglide Analgleitmittel ist ein medizinisches Gleitmittel auf Wasserbasis f\u00fcr eine sanfte Unterst\u00fctzung beim Sex.<\/p>\n","protected":false},"featured_media":5105,"comment_status":"open","ping_status":"closed","template":"","meta":{"site-sidebar-layout":"default","site-content-layout":"default","ast-site-content-layout":"default","site-content-style":"default","site-sidebar-style":"default","ast-global-header-display":"","ast-banner-title-visibility":"","ast-main-header-display":"","ast-hfb-above-header-display":"","ast-hfb-below-header-display":"","ast-hfb-mobile-header-display":"","site-post-title":"","ast-breadcrumbs-content":"","ast-featured-img":"","footer-sml-layout":"","ast-disable-related-posts":"","theme-transparent-header-meta":"default","adv-header-id-meta":"","stick-header-meta":"default","header-above-stick-meta":"","header-main-stick-meta":"","header-below-stick-meta":"","astra-migrate-meta-layouts":"default","ast-page-background-enabled":"default","ast-page-background-meta":{"desktop":{"background-color":"","background-image":"","background-repeat":"repeat","background-position":"center center","background-size":"auto","background-attachment":"scroll","background-type":"","background-media":"","overlay-type":"","overlay-color":"","overlay-opacity":"","overlay-gradient":""},"tablet":{"background-color":"","background-image":"","background-repeat":"repeat","background-position":"center center","background-size":"auto","background-attachment":"scroll","background-type":"","background-media":"","overlay-type":"","overlay-color":"","overlay-opacity":"","overlay-gradient":""},"mobile":{"background-color":"","background-image":"","background-repeat":"repeat","background-position":"center center","background-size":"auto","background-attachment":"scroll","background-type":"","background-media":"","overlay-type":"","overlay-color":"","overlay-opacity":"","overlay-gradient":""}},"ast-content-background-meta":{"desktop":{"background-color":"var(--ast-global-color-5)","background-image":"","background-repeat":"repeat","background-position":"center center","background-size":"auto","background-attachment":"scroll","background-type":"","background-media":"","overlay-type":"","overlay-color":"","overlay-opacity":"","overlay-gradient":""},"tablet":{"background-color":"var(--ast-global-color-5)","background-image":"","background-repeat":"repeat","background-position":"center center","background-size":"auto","background-attachment":"scroll","background-type":"","background-media":"","overlay-type":"","overlay-color":"","overlay-opacity":"","overlay-gradient":""},"mobile":{"background-color":"var(--ast-global-color-5)","background-image":"","background-repeat":"repeat","background-position":"center center","background-size":"auto","background-attachment":"scroll","background-type":"","background-media":"","overlay-type":"","overlay-color":"","overlay-opacity":"","overlay-gradient":""}}},"product_brand":[],"product_cat":[458,462,454,414],"product_tag":[483],"class_list":{"0":"post-12175","1":"product","2":"type-product","3":"status-publish","4":"has-post-thumbnail","6":"product_cat-analgleitmittel","7":"product_cat-bio-gleitmittel","8":"product_cat-gleitmittel","9":"product_cat-joydivision-de","10":"product_tag-schmiermittel","11":"product_shipping_class-verfugbar-in-2-3-wochen","12":"desktop-align-center","13":"tablet-align-left","14":"mobile-align-left","15":"ast-product-gallery-layout-horizontal-slider","16":"ast-product-gallery-with-no-image","17":"ast-product-tabs-layout-horizontal","19":"first","20":"instock","21":"taxable","22":"shipping-taxable","23":"purchasable","24":"product-type-simple"},"bundled_by":[],"bundle_stock_status":"instock","bundle_stock_quantity":122,"bundle_virtual":false,"bundle_layout":"","bundle_add_to_cart_form_location":"","bundle_editable_in_cart":false,"bundle_sold_individually_context":"","bundle_item_grouping":"","bundle_min_size":"","bundle_max_size":"","bundle_price":[],"bundled_items":[],"bundle_sell_ids":[],"_links":{"self":[{"href":"https:\/\/www.dream-x.ch\/de\/wp-json\/wp\/v2\/product\/12175","targetHints":{"allow":["GET"]}}],"collection":[{"href":"https:\/\/www.dream-x.ch\/de\/wp-json\/wp\/v2\/product"}],"about":[{"href":"https:\/\/www.dream-x.ch\/de\/wp-json\/wp\/v2\/types\/product"}],"replies":[{"embeddable":true,"href":"https:\/\/www.dream-x.ch\/de\/wp-json\/wp\/v2\/comments?post=12175"}],"version-history":[{"count":0,"href":"https:\/\/www.dream-x.ch\/de\/wp-json\/wp\/v2\/product\/12175\/revisions"}],"wp:featuredmedia":[{"embeddable":true,"href":"https:\/\/www.dream-x.ch\/de\/wp-json\/wp\/v2\/media\/5105"}],"wp:attachment":[{"href":"https:\/\/www.dream-x.ch\/de\/wp-json\/wp\/v2\/media?parent=12175"}],"wp:term":[{"taxonomy":"product_brand","embeddable":true,"href":"https:\/\/www.dream-x.ch\/de\/wp-json\/wp\/v2\/product_brand?post=12175"},{"taxonomy":"product_cat","embeddable":true,"href":"https:\/\/www.dream-x.ch\/de\/wp-json\/wp\/v2\/product_cat?post=12175"},{"taxonomy":"product_tag","embeddable":true,"href":"https:\/\/www.dream-x.ch\/de\/wp-json\/wp\/v2\/product_tag?post=12175"}],"curies":[{"name":"wp","href":"https:\/\/api.w.org\/{rel}","templated":true}]}}