{"id":12174,"date":"2022-11-18T13:02:12","date_gmt":"2022-11-18T12:02:12","guid":{"rendered":"https:\/\/www.dream-x.ch\/product\/just-play-2in1-clean100-ml\/"},"modified":"2024-10-15T12:04:11","modified_gmt":"2024-10-15T11:04:11","slug":"just-play-2in1-clean100-ml","status":"publish","type":"product","link":"https:\/\/www.dream-x.ch\/de\/product\/just-play-2in1-clean100-ml\/","title":{"rendered":"Just Play &#8211; 2in1 Clean100 ml"},"content":{"rendered":"<ul class=\"usp-list\">\n<li class=\"usp-list--element\">Reinigungsspray f\u00fcr den Intimbereich und Spielzeug<\/li>\n<li class=\"usp-list--element\"><i class=\"icon icon-check usp-list__icon\"><\/i>Vegan, alkoholfrei und frei von Duftstoffen<\/li>\n<li class=\"usp-list--element\"><i class=\"icon icon-check usp-list__icon\"><\/i>Einfach zu bedienen &#8211; sehr reichhaltig<\/li>\n<li class=\"usp-list--element\"><i class=\"icon icon-check usp-list__icon\"><\/i>Sanft und pflegend<\/li>\n<\/ul>\n<p>2in1 Clean von Just Play reinigt schonend den Intimbereich und Sexspielzeug. Die Formel ist frei von Alkohol und Parf\u00fcm. Au\u00dferdem enth\u00e4lt es unter anderem Malven- und Kamillenextrakte sowie pflegende Aloe Vera. Sie ist sehr ergiebig: einfach aufspr\u00fchen, etwas einwirken lassen und dann mit einem sauberen, feuchten Handtuch abwischen. Vegan. 100 ml.<\/p>\n<p>ORIGINAL dermatest VERY GOOD 09\/2021.<\/p>\n<p>Nur zur \u00e4u\u00dferen Anwendung.<br \/>\nVerwenden Sie Reinigungsmittel sicher. Bitte lesen Sie vor der Anwendung das Etikett und die Produktinformationen. Au\u00dferhalb der Reichweite von Kindern aufbewahren.<\/p>\n<p><strong>Menge<\/strong>: 100 ml.<br \/>\n<strong>Zutaten: <\/strong>Pflanzliches Glycerin, Wasser, Natriumlactat, Xanthan Gum, Levulins\u00e4ure, Natrium Levulinat, Milchs\u00e4ure<br \/>\n<b>R\u00fcckgabe<\/b>: Dieser Artikel kann aus Gesundheits- und Sicherheitsgr\u00fcnden weder zur\u00fcckgegeben noch umgetauscht werden.<\/p>\n","protected":false},"excerpt":{"rendered":"<p>2in1 Clean von Just Play reinigt schonend den Intimbereich und Sexspielzeug.<\/p>\n","protected":false},"featured_media":5333,"comment_status":"open","ping_status":"closed","template":"","meta":{"site-sidebar-layout":"default","site-content-layout":"default","ast-site-content-layout":"default","site-content-style":"default","site-sidebar-style":"default","ast-global-header-display":"","ast-banner-title-visibility":"","ast-main-header-display":"","ast-hfb-above-header-display":"","ast-hfb-below-header-display":"","ast-hfb-mobile-header-display":"","site-post-title":"","ast-breadcrumbs-content":"","ast-featured-img":"","footer-sml-layout":"","ast-disable-related-posts":"","theme-transparent-header-meta":"default","adv-header-id-meta":"","stick-header-meta":"default","header-above-stick-meta":"","header-main-stick-meta":"","header-below-stick-meta":"","astra-migrate-meta-layouts":"default","ast-page-background-enabled":"default","ast-page-background-meta":{"desktop":{"background-color":"","background-image":"","background-repeat":"repeat","background-position":"center center","background-size":"auto","background-attachment":"scroll","background-type":"","background-media":"","overlay-type":"","overlay-color":"","overlay-opacity":"","overlay-gradient":""},"tablet":{"background-color":"","background-image":"","background-repeat":"repeat","background-position":"center center","background-size":"auto","background-attachment":"scroll","background-type":"","background-media":"","overlay-type":"","overlay-color":"","overlay-opacity":"","overlay-gradient":""},"mobile":{"background-color":"","background-image":"","background-repeat":"repeat","background-position":"center center","background-size":"auto","background-attachment":"scroll","background-type":"","background-media":"","overlay-type":"","overlay-color":"","overlay-opacity":"","overlay-gradient":""}},"ast-content-background-meta":{"desktop":{"background-color":"var(--ast-global-color-5)","background-image":"","background-repeat":"repeat","background-position":"center center","background-size":"auto","background-attachment":"scroll","background-type":"","background-media":"","overlay-type":"","overlay-color":"","overlay-opacity":"","overlay-gradient":""},"tablet":{"background-color":"var(--ast-global-color-5)","background-image":"","background-repeat":"repeat","background-position":"center center","background-size":"auto","background-attachment":"scroll","background-type":"","background-media":"","overlay-type":"","overlay-color":"","overlay-opacity":"","overlay-gradient":""},"mobile":{"background-color":"var(--ast-global-color-5)","background-image":"","background-repeat":"repeat","background-position":"center center","background-size":"auto","background-attachment":"scroll","background-type":"","background-media":"","overlay-type":"","overlay-color":"","overlay-opacity":"","overlay-gradient":""}}},"product_brand":[],"product_cat":[411,453,455,460],"product_tag":[482],"class_list":{"0":"post-12174","1":"product","2":"type-product","3":"status-publish","4":"has-post-thumbnail","6":"product_cat-einfach-spielen","7":"product_cat-gleitmittel-essentials","8":"product_cat-sexspielzeug-reiniger","9":"product_cat-warmende-prickelnde-lubes","10":"product_tag-desinfektionsmittel","11":"product_shipping_class-verfugbar-in-1-3-arbeitstagen","12":"desktop-align-center","13":"tablet-align-left","14":"mobile-align-left","15":"ast-product-gallery-layout-horizontal-slider","16":"ast-product-tabs-layout-horizontal","18":"first","19":"instock","20":"sale","21":"taxable","22":"shipping-taxable","23":"purchasable","24":"product-type-simple"},"bundled_by":[],"bundle_stock_status":"instock","bundle_stock_quantity":4,"bundle_virtual":false,"bundle_layout":"","bundle_add_to_cart_form_location":"","bundle_editable_in_cart":false,"bundle_sold_individually_context":"","bundle_item_grouping":"","bundle_min_size":"","bundle_max_size":"","bundle_price":[],"bundled_items":[],"bundle_sell_ids":[],"_links":{"self":[{"href":"https:\/\/www.dream-x.ch\/de\/wp-json\/wp\/v2\/product\/12174","targetHints":{"allow":["GET"]}}],"collection":[{"href":"https:\/\/www.dream-x.ch\/de\/wp-json\/wp\/v2\/product"}],"about":[{"href":"https:\/\/www.dream-x.ch\/de\/wp-json\/wp\/v2\/types\/product"}],"replies":[{"embeddable":true,"href":"https:\/\/www.dream-x.ch\/de\/wp-json\/wp\/v2\/comments?post=12174"}],"version-history":[{"count":0,"href":"https:\/\/www.dream-x.ch\/de\/wp-json\/wp\/v2\/product\/12174\/revisions"}],"wp:featuredmedia":[{"embeddable":true,"href":"https:\/\/www.dream-x.ch\/de\/wp-json\/wp\/v2\/media\/5333"}],"wp:attachment":[{"href":"https:\/\/www.dream-x.ch\/de\/wp-json\/wp\/v2\/media?parent=12174"}],"wp:term":[{"taxonomy":"product_brand","embeddable":true,"href":"https:\/\/www.dream-x.ch\/de\/wp-json\/wp\/v2\/product_brand?post=12174"},{"taxonomy":"product_cat","embeddable":true,"href":"https:\/\/www.dream-x.ch\/de\/wp-json\/wp\/v2\/product_cat?post=12174"},{"taxonomy":"product_tag","embeddable":true,"href":"https:\/\/www.dream-x.ch\/de\/wp-json\/wp\/v2\/product_tag?post=12174"}],"curies":[{"name":"wp","href":"https:\/\/api.w.org\/{rel}","templated":true}]}}