{"id":12107,"date":"2023-01-12T07:59:18","date_gmt":"2023-01-12T06:59:18","guid":{"rendered":"https:\/\/www.dream-x.ch\/product\/bad-kitty-fesselungsset-7-teilig\/"},"modified":"2023-01-12T07:59:18","modified_gmt":"2023-01-12T06:59:18","slug":"bad-kitty-fesselungsset-7-teilig","status":"publish","type":"product","link":"https:\/\/www.dream-x.ch\/de\/product\/bad-kitty-fesselungsset-7-teilig\/","title":{"rendered":"Bad Kitty Fesselungsset 7-teilig"},"content":{"rendered":"<ul>\n<li>7-teiliges Set aus Lederimitat<\/li>\n<li><i class=\"icon icon-check usp-list__icon\"><\/i>Handschellen, Fu\u00dffesseln und Halsband mit Leine<\/li>\n<li><i class=\"icon icon-check usp-list__icon\"><\/i>F\u00e4hnchen, Paddel, Augenbinde<\/li>\n<\/ul>\n<p>Das gro\u00dfe Fesselungsset f\u00fcr den Einstieg!<br \/>\nMit diesem Set haben Sie alles, was Sie brauchen, um in die Welt des BDSM einzutauchen. Das Halsband mit Leine, die Augenbinde, der Knebel, der Flogger, das Paddel, die Handschellen und die Fu\u00dffesseln sind alle aus Kunstleder gefertigt und f\u00fchlen sich toll auf der Haut an. Alles ist verstellbar und der Knebel hat Ateml\u00f6cher.<\/p>\n<p>&nbsp;<\/p>\n<p><strong>Farbe<\/strong>: schwarz<strong><br \/>\n<\/strong><strong>Gr\u00f6\u00dfe<\/strong>: Leine 1m, Knebel \u00d8 3,5 cm, Flogger 38 cm, Paddel 27 cm.<br \/>\n<strong>Werkstoffe<\/strong>: Polyurethan<br \/>\n<b>R\u00fcckgabe<\/b>: Dieser Artikel kann aus Gesundheits- und Sicherheitsgr\u00fcnden weder zur\u00fcckgegeben noch umgetauscht werden.<\/p>\n","protected":false},"excerpt":{"rendered":"<p>Das gro\u00dfe Fesselungsset f\u00fcr den Einstieg!<br \/>\nMit diesem Set haben Sie alles, was Sie brauchen, um in die Welt des BDSM einzutauchen. Das Halsband mit Leine, die Augenbinde, der Knebel, der Flogger, das Paddel, die Handschellen und die Fu\u00dffesseln sind alle aus Kunstleder gefertigt und f\u00fchlen sich toll auf der Haut an. Alles ist verstellbar und der Knebel hat Ateml\u00f6cher.<\/p>\n","protected":false},"featured_media":11259,"comment_status":"closed","ping_status":"closed","template":"","meta":{"site-sidebar-layout":"default","site-content-layout":"default","ast-site-content-layout":"default","site-content-style":"default","site-sidebar-style":"default","ast-global-header-display":"","ast-banner-title-visibility":"","ast-main-header-display":"","ast-hfb-above-header-display":"","ast-hfb-below-header-display":"","ast-hfb-mobile-header-display":"","site-post-title":"","ast-breadcrumbs-content":"","ast-featured-img":"","footer-sml-layout":"","ast-disable-related-posts":"","theme-transparent-header-meta":"default","adv-header-id-meta":"","stick-header-meta":"default","header-above-stick-meta":"","header-main-stick-meta":"","header-below-stick-meta":"","astra-migrate-meta-layouts":"default","ast-page-background-enabled":"default","ast-page-background-meta":{"desktop":{"background-color":"","background-image":"","background-repeat":"repeat","background-position":"center center","background-size":"auto","background-attachment":"scroll","background-type":"","background-media":"","overlay-type":"","overlay-color":"","overlay-opacity":"","overlay-gradient":""},"tablet":{"background-color":"","background-image":"","background-repeat":"repeat","background-position":"center center","background-size":"auto","background-attachment":"scroll","background-type":"","background-media":"","overlay-type":"","overlay-color":"","overlay-opacity":"","overlay-gradient":""},"mobile":{"background-color":"","background-image":"","background-repeat":"repeat","background-position":"center center","background-size":"auto","background-attachment":"scroll","background-type":"","background-media":"","overlay-type":"","overlay-color":"","overlay-opacity":"","overlay-gradient":""}},"ast-content-background-meta":{"desktop":{"background-color":"var(--ast-global-color-5)","background-image":"","background-repeat":"repeat","background-position":"center center","background-size":"auto","background-attachment":"scroll","background-type":"","background-media":"","overlay-type":"","overlay-color":"","overlay-opacity":"","overlay-gradient":""},"tablet":{"background-color":"var(--ast-global-color-5)","background-image":"","background-repeat":"repeat","background-position":"center center","background-size":"auto","background-attachment":"scroll","background-type":"","background-media":"","overlay-type":"","overlay-color":"","overlay-opacity":"","overlay-gradient":""},"mobile":{"background-color":"var(--ast-global-color-5)","background-image":"","background-repeat":"repeat","background-position":"center center","background-size":"auto","background-attachment":"scroll","background-type":"","background-media":"","overlay-type":"","overlay-color":"","overlay-opacity":"","overlay-gradient":""}}},"product_brand":[],"product_cat":[405,467,480,469],"product_tag":[481],"class_list":{"0":"post-12107","1":"product","2":"type-product","3":"status-publish","4":"has-post-thumbnail","6":"product_cat-augenbinden-masken-und-knebel","7":"product_cat-bondage-sets","8":"product_cat-boses-katzchen","9":"product_cat-halsband-handgelenkfesseln-und-fusfesseln","10":"product_tag-knechtschaft","11":"product_shipping_class-verfugbar-in-2-3-wochen","12":"desktop-align-center","13":"tablet-align-left","14":"mobile-align-left","15":"ast-product-gallery-layout-horizontal-slider","16":"ast-product-tabs-layout-horizontal","18":"first","19":"outofstock","20":"taxable","21":"shipping-taxable","22":"purchasable","23":"product-type-simple"},"bundled_by":[],"bundle_stock_status":"outofstock","bundle_stock_quantity":0,"bundle_virtual":false,"bundle_layout":"","bundle_add_to_cart_form_location":"","bundle_editable_in_cart":false,"bundle_sold_individually_context":"","bundle_item_grouping":"","bundle_min_size":"","bundle_max_size":"","bundle_price":[],"bundled_items":[],"bundle_sell_ids":[],"_links":{"self":[{"href":"https:\/\/www.dream-x.ch\/de\/wp-json\/wp\/v2\/product\/12107","targetHints":{"allow":["GET"]}}],"collection":[{"href":"https:\/\/www.dream-x.ch\/de\/wp-json\/wp\/v2\/product"}],"about":[{"href":"https:\/\/www.dream-x.ch\/de\/wp-json\/wp\/v2\/types\/product"}],"replies":[{"embeddable":true,"href":"https:\/\/www.dream-x.ch\/de\/wp-json\/wp\/v2\/comments?post=12107"}],"version-history":[{"count":0,"href":"https:\/\/www.dream-x.ch\/de\/wp-json\/wp\/v2\/product\/12107\/revisions"}],"wp:featuredmedia":[{"embeddable":true,"href":"https:\/\/www.dream-x.ch\/de\/wp-json\/wp\/v2\/media\/11259"}],"wp:attachment":[{"href":"https:\/\/www.dream-x.ch\/de\/wp-json\/wp\/v2\/media?parent=12107"}],"wp:term":[{"taxonomy":"product_brand","embeddable":true,"href":"https:\/\/www.dream-x.ch\/de\/wp-json\/wp\/v2\/product_brand?post=12107"},{"taxonomy":"product_cat","embeddable":true,"href":"https:\/\/www.dream-x.ch\/de\/wp-json\/wp\/v2\/product_cat?post=12107"},{"taxonomy":"product_tag","embeddable":true,"href":"https:\/\/www.dream-x.ch\/de\/wp-json\/wp\/v2\/product_tag?post=12107"}],"curies":[{"name":"wp","href":"https:\/\/api.w.org\/{rel}","templated":true}]}}