{"id":12078,"date":"2023-04-09T11:32:56","date_gmt":"2023-04-09T10:32:56","guid":{"rendered":"https:\/\/www.dream-x.ch\/product\/svakom-hannes-neo\/"},"modified":"2023-04-09T11:32:56","modified_gmt":"2023-04-09T10:32:56","slug":"svakom-hannes-neo","status":"publish","type":"product","link":"https:\/\/www.dream-x.ch\/de\/product\/svakom-hannes-neo\/","title":{"rendered":"Svakom &#8211; Hannes Neo"},"content":{"rendered":"<p>Interaktives und vollautomatisches Vergn\u00fcgen mit wohliger W\u00e4rme!<br \/>\nVollautomatischer, pulsierender Masturbator <strong>Hannes Neo von Svakom<\/strong> mit abnehmbarer, strukturierter H\u00fclle f\u00fcr eine intensive Penismassage. Mit einer Deep-Throbbing-Funktion in 5 Intensit\u00e4ten und einer zus\u00e4tzlichen Heizfunktion, die zu einem besonders realistischen Erlebnis beitr\u00e4gt. Alles l\u00e4sst sich bequem per Knopfdruck\/Schieberegler (stufenlose Geschwindigkeit) direkt am Spielzeug oder \u00fcber die <strong>FeelConnect 3 App<\/strong> auf Ihrem Smartphone mit 3 Hauptfunktionen steuern: Long Distance Control (jederzeit von \u00fcberall auf der Welt), Verbindung zu interaktiven 2D-Videos und eine interaktive Webcam-Funktion. Wiederaufladbar &#8211; USB-Ladekabel im Lieferumfang enthalten.<\/p>\n<p><strong>Farbe: <\/strong>schwarz.<strong><br \/>\n<\/strong><strong>Abmessungen<\/strong>: 8,6 cm x 28,6 cm; Einstecktiefe 15 cm; H\u00fclsen-\u00d8 2,2 cm (kann auf 5 cm gedehnt werden).<br \/>\n<strong>Gewicht<\/strong>: 865 g.<br \/>\n<strong>Materialien<\/strong>: TPE, ABS, PC.<br \/>\n<b>R\u00fcckgabe<\/b>: Dieser Artikel kann aus Gesundheits- und Sicherheitsgr\u00fcnden weder zur\u00fcckgegeben noch umgetauscht werden.<\/p>\n","protected":false},"excerpt":{"rendered":"<p>Interaktives und vollautomatisches Vergn\u00fcgen mit wohliger W\u00e4rme!<br \/>\nVollautomatischer, pulsierender Masturbator <strong>Hannes Neo von Svakom<\/strong> mit abnehmbarer, strukturierter H\u00fclle f\u00fcr eine intensive Penismassage. Mit einer Deep-Throbbing-Funktion in 5 Intensit\u00e4ten und einer zus\u00e4tzlichen Heizfunktion, die zu einem besonders realistischen Erlebnis beitr\u00e4gt.<\/p>\n","protected":false},"featured_media":11869,"comment_status":"open","ping_status":"closed","template":"","meta":{"site-sidebar-layout":"default","site-content-layout":"default","ast-site-content-layout":"default","site-content-style":"default","site-sidebar-style":"default","ast-global-header-display":"","ast-banner-title-visibility":"","ast-main-header-display":"","ast-hfb-above-header-display":"","ast-hfb-below-header-display":"","ast-hfb-mobile-header-display":"","site-post-title":"","ast-breadcrumbs-content":"","ast-featured-img":"","footer-sml-layout":"","ast-disable-related-posts":"","theme-transparent-header-meta":"default","adv-header-id-meta":"","stick-header-meta":"default","header-above-stick-meta":"","header-main-stick-meta":"","header-below-stick-meta":"","astra-migrate-meta-layouts":"default","ast-page-background-enabled":"default","ast-page-background-meta":{"desktop":{"background-color":"","background-image":"","background-repeat":"repeat","background-position":"center center","background-size":"auto","background-attachment":"scroll","background-type":"","background-media":"","overlay-type":"","overlay-color":"","overlay-opacity":"","overlay-gradient":""},"tablet":{"background-color":"","background-image":"","background-repeat":"repeat","background-position":"center center","background-size":"auto","background-attachment":"scroll","background-type":"","background-media":"","overlay-type":"","overlay-color":"","overlay-opacity":"","overlay-gradient":""},"mobile":{"background-color":"","background-image":"","background-repeat":"repeat","background-position":"center center","background-size":"auto","background-attachment":"scroll","background-type":"","background-media":"","overlay-type":"","overlay-color":"","overlay-opacity":"","overlay-gradient":""}},"ast-content-background-meta":{"desktop":{"background-color":"var(--ast-global-color-5)","background-image":"","background-repeat":"repeat","background-position":"center center","background-size":"auto","background-attachment":"scroll","background-type":"","background-media":"","overlay-type":"","overlay-color":"","overlay-opacity":"","overlay-gradient":""},"tablet":{"background-color":"var(--ast-global-color-5)","background-image":"","background-repeat":"repeat","background-position":"center center","background-size":"auto","background-attachment":"scroll","background-type":"","background-media":"","overlay-type":"","overlay-color":"","overlay-opacity":"","overlay-gradient":""},"mobile":{"background-color":"var(--ast-global-color-5)","background-image":"","background-repeat":"repeat","background-position":"center center","background-size":"auto","background-attachment":"scroll","background-type":"","background-media":"","overlay-type":"","overlay-color":"","overlay-opacity":"","overlay-gradient":""}}},"product_brand":[],"product_cat":[387,396,394,395,386],"product_tag":[],"class_list":{"0":"post-12078","1":"product","2":"type-product","3":"status-publish","4":"has-post-thumbnail","6":"product_cat-ferngesteuerte-app","7":"product_cat-mannliche-masturbatoren","8":"product_cat-sexspielzeug","9":"product_cat-sexspielzeug-fur-manner","10":"product_cat-svakom-de","11":"product_shipping_class-verfugbar-in-2-3-wochen","12":"desktop-align-center","13":"tablet-align-left","14":"mobile-align-left","15":"ast-product-gallery-layout-horizontal-slider","16":"ast-product-tabs-layout-horizontal","18":"first","19":"instock","20":"taxable","21":"shipping-taxable","22":"purchasable","23":"product-type-simple"},"bundled_by":[],"bundle_stock_status":"instock","bundle_stock_quantity":100,"bundle_virtual":false,"bundle_layout":"","bundle_add_to_cart_form_location":"","bundle_editable_in_cart":false,"bundle_sold_individually_context":"","bundle_item_grouping":"","bundle_min_size":"","bundle_max_size":"","bundle_price":[],"bundled_items":[],"bundle_sell_ids":[5329,9153],"_links":{"self":[{"href":"https:\/\/www.dream-x.ch\/de\/wp-json\/wp\/v2\/product\/12078","targetHints":{"allow":["GET"]}}],"collection":[{"href":"https:\/\/www.dream-x.ch\/de\/wp-json\/wp\/v2\/product"}],"about":[{"href":"https:\/\/www.dream-x.ch\/de\/wp-json\/wp\/v2\/types\/product"}],"replies":[{"embeddable":true,"href":"https:\/\/www.dream-x.ch\/de\/wp-json\/wp\/v2\/comments?post=12078"}],"version-history":[{"count":0,"href":"https:\/\/www.dream-x.ch\/de\/wp-json\/wp\/v2\/product\/12078\/revisions"}],"wp:featuredmedia":[{"embeddable":true,"href":"https:\/\/www.dream-x.ch\/de\/wp-json\/wp\/v2\/media\/11869"}],"wp:attachment":[{"href":"https:\/\/www.dream-x.ch\/de\/wp-json\/wp\/v2\/media?parent=12078"}],"wp:term":[{"taxonomy":"product_brand","embeddable":true,"href":"https:\/\/www.dream-x.ch\/de\/wp-json\/wp\/v2\/product_brand?post=12078"},{"taxonomy":"product_cat","embeddable":true,"href":"https:\/\/www.dream-x.ch\/de\/wp-json\/wp\/v2\/product_cat?post=12078"},{"taxonomy":"product_tag","embeddable":true,"href":"https:\/\/www.dream-x.ch\/de\/wp-json\/wp\/v2\/product_tag?post=12078"}],"curies":[{"name":"wp","href":"https:\/\/api.w.org\/{rel}","templated":true}]}}