{"id":12070,"date":"2022-11-27T12:07:24","date_gmt":"2022-11-27T11:07:24","guid":{"rendered":"https:\/\/www.dream-x.ch\/product\/svakom-amy-2-lila\/"},"modified":"2024-10-15T12:03:46","modified_gmt":"2024-10-15T11:03:46","slug":"svakom-amy-2-lila","status":"publish","type":"product","link":"https:\/\/www.dream-x.ch\/de\/product\/svakom-amy-2-lila\/","title":{"rendered":"Svakom &#8211; Amy 2 &#8211; Lila"},"content":{"rendered":"<ul class=\"usp-list\">\n<li class=\"usp-list--element\">G-Punkt &amp; Klitoris-Vibrator<\/li>\n<li class=\"usp-list--element\"><i class=\"icon icon-check usp-list__icon\"><\/i>Mit einer abgeflachten Lustpunktspitze<\/li>\n<li class=\"usp-list--element\"><i class=\"icon icon-check usp-list__icon\"><\/i>5 Vibrationsmodi in 5 Geschwindigkeiten<\/li>\n<li class=\"usp-list--element\"><i class=\"icon icon-check usp-list__icon\"><\/i>In einer wunderbar ergonomisch geschwungenen Form<\/li>\n<li class=\"usp-list--element\"><i class=\"icon icon-check usp-list__icon\"><\/i>Einfach zu bedienen und flexibel<\/li>\n<li class=\"usp-list--element\"><i class=\"icon icon-check usp-list__icon\"><\/i>Wasserdicht<\/li>\n<li class=\"usp-list--element\"><i class=\"icon icon-check usp-list__icon\"><\/i>Samtig weiches Silikon<\/li>\n<li class=\"usp-list--element\"><i class=\"icon icon-check usp-list__icon\"><\/i>Wiederaufladbar &#8211; inkl. ein USB-Kabel<\/li>\n<\/ul>\n<p>Der stilvolle Spezialist f\u00fcr die G-Punkt-Klitoris!<br \/>\nDer <strong>Amy 2 Vibrator<\/strong> von Svakom hat eine wunderbar ergonomische, geschwungene Form und eine abgeflachte Spitze, die perfekt f\u00fcr die punktuelle Stimulation von Lustpunkten im und am K\u00f6rper geeignet ist. Der flexible Silikonvibrator ist samtig weich und liegt dadurch sehr gut in der Hand und gleitet auch fast von alleine \u00fcber die Haut und in intime Tiefen. So l\u00e4sst sich der leichte, aber intensive Vibrator auch problemlos in den Solo- oder Paarspa\u00df integrieren.<\/p>\n<p>Die 5 intensiven Vibrationsmodi in 5 Geschwindigkeiten sorgen f\u00fcr ein vielseitiges inneres und \u00e4u\u00dferes Vergn\u00fcgen und sind somit perfekt f\u00fcr abwechslungsreichen Spa\u00df. Die Funktionen k\u00f6nnen einfach per Knopfdruck gesteuert werden. Amy2 kann auch in der Badewanne oder unter der Dusche verwendet werden, da es wasserdicht ist.<\/p>\n<p>Wiederaufladbar &#8211; mit USB-Kabel und Aufbewahrungstasche.<\/p>\n<p><strong>Farbe: <\/strong>lila<strong><br \/>\nMa\u00dfe<\/strong>: 17,4 cm x 4 cm x 3 cm.<br \/>\n<strong>Gewicht<\/strong>: 123 g.<br \/>\n<strong>Materialien<\/strong>: Silikon, ABS.<br \/>\n<b>R\u00fcckgabe<\/b>: Dieser Artikel kann aus Gesundheits- und Sicherheitsgr\u00fcnden weder zur\u00fcckgegeben noch umgetauscht werden.<\/p>\n","protected":false},"excerpt":{"rendered":"<p>Der stilvolle Spezialist f\u00fcr die G-Punkt-Klitoris!<br \/>\nDer <strong>Amy 2 Vibrator<\/strong> von Svakom hat eine wunderbar ergonomische, geschwungene Form und eine abgeflachte Spitze, die perfekt f\u00fcr die punktuelle Stimulation von Lustpunkten im und am K\u00f6rper geeignet ist. Der flexible Silikonvibrator ist samtig weich und liegt dadurch sehr gut in der Hand und gleitet auch fast von alleine \u00fcber die Haut und in intime Tiefen. So l\u00e4sst sich der leichte, aber intensive Vibrator auch problemlos in den Solo- oder Paarspa\u00df integrieren.<\/p>\n","protected":false},"featured_media":8245,"comment_status":"open","ping_status":"closed","template":"","meta":{"site-sidebar-layout":"default","site-content-layout":"default","ast-site-content-layout":"default","site-content-style":"default","site-sidebar-style":"default","ast-global-header-display":"","ast-banner-title-visibility":"","ast-main-header-display":"","ast-hfb-above-header-display":"","ast-hfb-below-header-display":"","ast-hfb-mobile-header-display":"","site-post-title":"","ast-breadcrumbs-content":"","ast-featured-img":"","footer-sml-layout":"","ast-disable-related-posts":"","theme-transparent-header-meta":"default","adv-header-id-meta":"","stick-header-meta":"default","header-above-stick-meta":"","header-main-stick-meta":"","header-below-stick-meta":"","astra-migrate-meta-layouts":"set","ast-page-background-enabled":"default","ast-page-background-meta":{"desktop":{"background-color":"","background-image":"","background-repeat":"repeat","background-position":"center center","background-size":"auto","background-attachment":"scroll","background-type":"","background-media":"","overlay-type":"","overlay-color":"","overlay-opacity":"","overlay-gradient":""},"tablet":{"background-color":"","background-image":"","background-repeat":"repeat","background-position":"center center","background-size":"auto","background-attachment":"scroll","background-type":"","background-media":"","overlay-type":"","overlay-color":"","overlay-opacity":"","overlay-gradient":""},"mobile":{"background-color":"","background-image":"","background-repeat":"repeat","background-position":"center center","background-size":"auto","background-attachment":"scroll","background-type":"","background-media":"","overlay-type":"","overlay-color":"","overlay-opacity":"","overlay-gradient":""}},"ast-content-background-meta":{"desktop":{"background-color":"var(--ast-global-color-5)","background-image":"","background-repeat":"repeat","background-position":"center center","background-size":"auto","background-attachment":"scroll","background-type":"","background-media":"","overlay-type":"","overlay-color":"","overlay-opacity":"","overlay-gradient":""},"tablet":{"background-color":"var(--ast-global-color-5)","background-image":"","background-repeat":"repeat","background-position":"center center","background-size":"auto","background-attachment":"scroll","background-type":"","background-media":"","overlay-type":"","overlay-color":"","overlay-opacity":"","overlay-gradient":""},"mobile":{"background-color":"var(--ast-global-color-5)","background-image":"","background-repeat":"repeat","background-position":"center center","background-size":"auto","background-attachment":"scroll","background-type":"","background-media":"","overlay-type":"","overlay-color":"","overlay-opacity":"","overlay-gradient":""}}},"product_brand":[],"product_cat":[391,392,386],"product_tag":[393],"class_list":{"0":"post-12070","1":"product","2":"type-product","3":"status-publish","4":"has-post-thumbnail","6":"product_cat-klassische-vibratore","7":"product_cat-paare-vibrators","8":"product_cat-svakom-de","9":"product_tag-vibrator-de","10":"product_shipping_class-verfugbar-in-2-3-wochen","11":"desktop-align-center","12":"tablet-align-left","13":"mobile-align-left","14":"ast-product-gallery-layout-horizontal-slider","15":"ast-product-tabs-layout-horizontal","17":"first","18":"instock","19":"sale","20":"featured","21":"taxable","22":"shipping-taxable","23":"purchasable","24":"product-type-simple"},"bundled_by":[],"bundle_stock_status":"instock","bundle_stock_quantity":1,"bundle_virtual":false,"bundle_layout":"","bundle_add_to_cart_form_location":"","bundle_editable_in_cart":false,"bundle_sold_individually_context":"","bundle_item_grouping":"","bundle_min_size":"","bundle_max_size":"","bundle_price":[],"bundled_items":[],"bundle_sell_ids":[12174,12200],"_links":{"self":[{"href":"https:\/\/www.dream-x.ch\/de\/wp-json\/wp\/v2\/product\/12070","targetHints":{"allow":["GET"]}}],"collection":[{"href":"https:\/\/www.dream-x.ch\/de\/wp-json\/wp\/v2\/product"}],"about":[{"href":"https:\/\/www.dream-x.ch\/de\/wp-json\/wp\/v2\/types\/product"}],"replies":[{"embeddable":true,"href":"https:\/\/www.dream-x.ch\/de\/wp-json\/wp\/v2\/comments?post=12070"}],"version-history":[{"count":0,"href":"https:\/\/www.dream-x.ch\/de\/wp-json\/wp\/v2\/product\/12070\/revisions"}],"wp:featuredmedia":[{"embeddable":true,"href":"https:\/\/www.dream-x.ch\/de\/wp-json\/wp\/v2\/media\/8245"}],"wp:attachment":[{"href":"https:\/\/www.dream-x.ch\/de\/wp-json\/wp\/v2\/media?parent=12070"}],"wp:term":[{"taxonomy":"product_brand","embeddable":true,"href":"https:\/\/www.dream-x.ch\/de\/wp-json\/wp\/v2\/product_brand?post=12070"},{"taxonomy":"product_cat","embeddable":true,"href":"https:\/\/www.dream-x.ch\/de\/wp-json\/wp\/v2\/product_cat?post=12070"},{"taxonomy":"product_tag","embeddable":true,"href":"https:\/\/www.dream-x.ch\/de\/wp-json\/wp\/v2\/product_tag?post=12070"}],"curies":[{"name":"wp","href":"https:\/\/api.w.org\/{rel}","templated":true}]}}