{"id":12038,"date":"2022-11-28T18:53:54","date_gmt":"2022-11-28T17:53:54","guid":{"rendered":"https:\/\/www.dream-x.ch\/geschenkkarten\/"},"modified":"2023-12-07T16:25:50","modified_gmt":"2023-12-07T15:25:50","slug":"geschenkkarten","status":"publish","type":"page","link":"https:\/\/www.dream-x.ch\/de\/geschenkkarten\/","title":{"rendered":"Geschenkkarten"},"content":{"rendered":"\t\t<div data-elementor-type=\"wp-post\" data-elementor-id=\"12038\" class=\"elementor elementor-12038 elementor-7758\" data-elementor-post-type=\"page\">\n\t\t\t\t\t\t<section class=\"elementor-section elementor-top-section elementor-element elementor-element-8c39fce elementor-section-content-middle elementor-section-height-min-height elementor-section-boxed elementor-section-height-default elementor-section-items-middle\" data-id=\"8c39fce\" data-element_type=\"section\" data-e-type=\"section\" data-settings=\"{&quot;background_background&quot;:&quot;classic&quot;}\">\n\t\t\t\t\t\t\t<div class=\"elementor-background-overlay\"><\/div>\n\t\t\t\t\t\t\t<div class=\"elementor-container elementor-column-gap-no\">\n\t\t\t\t\t<div class=\"elementor-column elementor-col-100 elementor-top-column elementor-element elementor-element-b1952b1\" data-id=\"b1952b1\" data-element_type=\"column\" data-e-type=\"column\">\n\t\t\t<div class=\"elementor-widget-wrap\">\n\t\t\t\t\t\t\t<\/div>\n\t\t<\/div>\n\t\t\t\t\t<\/div>\n\t\t<\/section>\n\t\t\t\t<section class=\"elementor-section elementor-top-section elementor-element elementor-element-d28c655 elementor-section-full_width elementor-section-height-default elementor-section-height-default\" data-id=\"d28c655\" data-element_type=\"section\" data-e-type=\"section\" data-settings=\"{&quot;background_background&quot;:&quot;classic&quot;}\">\n\t\t\t\t\t\t<div class=\"elementor-container elementor-column-gap-default\">\n\t\t\t\t\t<div class=\"elementor-column elementor-col-100 elementor-top-column elementor-element elementor-element-997bde8\" data-id=\"997bde8\" data-element_type=\"column\" data-e-type=\"column\">\n\t\t\t<div class=\"elementor-widget-wrap elementor-element-populated\">\n\t\t\t\t\t\t<section class=\"elementor-section elementor-inner-section elementor-element elementor-element-83b3443 elementor-section-full_width elementor-section-content-middle elementor-section-height-default elementor-section-height-default\" data-id=\"83b3443\" data-element_type=\"section\" data-e-type=\"section\">\n\t\t\t\t\t\t<div class=\"elementor-container elementor-column-gap-no\">\n\t\t\t\t\t<div class=\"elementor-column elementor-col-100 elementor-inner-column elementor-element elementor-element-4e01604\" data-id=\"4e01604\" data-element_type=\"column\" data-e-type=\"column\" data-settings=\"{&quot;background_background&quot;:&quot;classic&quot;}\">\n\t\t\t<div class=\"elementor-widget-wrap elementor-element-populated\">\n\t\t\t\t\t\t<div class=\"elementor-element elementor-element-5f3b28f elementor-widget elementor-widget-heading\" data-id=\"5f3b28f\" data-element_type=\"widget\" data-e-type=\"widget\" data-widget_type=\"heading.default\">\n\t\t\t\t<div class=\"elementor-widget-container\">\n\t\t\t\t\t<h2 class=\"elementor-heading-title elementor-size-default\">Geschenkkarten<\/h2>\t\t\t\t<\/div>\n\t\t\t\t<\/div>\n\t\t\t\t<div class=\"elementor-element elementor-element-2a5a40c elementor-widget-divider--view-line elementor-widget elementor-widget-divider\" data-id=\"2a5a40c\" data-element_type=\"widget\" data-e-type=\"widget\" data-widget_type=\"divider.default\">\n\t\t\t\t<div class=\"elementor-widget-container\">\n\t\t\t\t\t\t\t<div class=\"elementor-divider\">\n\t\t\t<span class=\"elementor-divider-separator\">\n\t\t\t\t\t\t<\/span>\n\t\t<\/div>\n\t\t\t\t\t\t<\/div>\n\t\t\t\t<\/div>\n\t\t\t\t<div class=\"elementor-element elementor-element-d1e2be9 elementor-widget elementor-widget-text-editor\" data-id=\"d1e2be9\" data-element_type=\"widget\" data-e-type=\"widget\" data-widget_type=\"text-editor.default\">\n\t\t\t\t<div class=\"elementor-widget-container\">\n\t\t\t\t\t\t\t\t\t<p>Ein Geburtstag, ein Junggesellinnenabschied oder ein anderes Ereignis steht bevor und Sie wissen nicht, was Sie schenken sollen?  <br \/>W\u00e4hlen Sie einen unserer Geschenkgutscheine und lassen Sie den Beschenkten das gew\u00fcnschte Geschenk ausw\u00e4hlen!<\/p>\n\t\t\t\t\t\t\t\t<\/div>\n\t\t\t\t<\/div>\n\t\t\t\t<div class=\"elementor-element elementor-element-97c92ce uael-woo--align-left uael-sale-flash-circle uael-featured-flash-circle elementor-widget elementor-widget-uael-woo-products\" data-id=\"97c92ce\" data-element_type=\"widget\" data-e-type=\"widget\" data-settings=\"{&quot;products_columns&quot;:&quot;4&quot;,&quot;products_columns_tablet&quot;:&quot;3&quot;,&quot;products_columns_mobile&quot;:&quot;1&quot;}\" data-widget_type=\"uael-woo-products.grid-default\">\n\t\t\t\t<div class=\"elementor-widget-container\">\n\t\t\t\t\t<div class=\"uael-woocommerce uael-woo-products-grid uael-woo-skin-grid-default uael-woo-query-custom\" data-page=\"12038\" data-skin=\"grid_default\"><div class=\" columns-4 uael-woo-products-inner uael-woo-product__column-4 uael-woo-product__column-tablet-3 uael-woo-product__column-mobile-1\"><ul class=\"products columns-4\">\n\n\n<li class=\" geschenkkarten post-12066 product first instock virtual taxable purchasable product-type-simple\">\n\t<div class=\"uael-woo-product-wrapper uael-prod-auto-align-disabled\">\n\t\t<div class=\"uael-woo-products-thumbnail-wrap\"><div class=\"uael-flash-container \"><\/div><a href=\"https:\/\/www.dream-x.ch\/de\/product\/geschenkkarte-chf-50\/\" class=\"woocommerce-LoopProduct-link woocommerce-loop-product__link\"><img fetchpriority=\"high\" decoding=\"async\" width=\"600\" height=\"600\" src=\"https:\/\/www.dream-x.ch\/wp-content\/uploads\/2022\/11\/Gift_Card_50-600x600.jpg\" class=\"attachment-woocommerce_thumbnail size-woocommerce_thumbnail\" alt=\"Geschenkkarte 50\" \/><\/a><\/div><div class=\"uael-woo-products-summary-wrap uael-auto-align-disabled\">\t\t\t<span class=\"uael-woo-product-category\">\n\t\t\t\tGeschenkkarten\t\t\t<\/span> \n\t\t\t<a href=\"https:\/\/www.dream-x.ch\/de\/product\/geschenkkarte-chf-50\/\" class=\"uael-loop-product__link\"><h2 class=\"woocommerce-loop-product__title\">Geschenkkarte CHF 50.-<\/h2><\/a>\n\t<span class=\"price\"><span class=\"woocommerce-Price-amount amount\"><bdi><span class=\"woocommerce-Price-currencySymbol\">&#67;&#72;&#70;<\/span>&nbsp;50.00<\/bdi><\/span> <small class=\"woocommerce-price-suffix\">incl. VAT<\/small><\/span>\n<a href=\"\/de\/wp-json\/wp\/v2\/pages\/12038?add-to-cart=12066\" aria-describedby=\"woocommerce_loop_add_to_cart_link_describedby_12066\" data-quantity=\"1\" class=\"button product_type_simple add_to_cart_button ajax_add_to_cart \" data-product_id=\"12066\" data-product_sku=\"GIFT-50\" aria-label=\"In den Warenkorb legen: \u201eGeschenkkarte CHF 50.-\u201c\" rel=\"nofollow\" data-success_message=\"\u201eGeschenkkarte CHF 50.-\u201c wurde deinem Warenkorb hinzugef\u00fcgt\" role=\"button\">In den Warenkorb<\/a>\t<span id=\"woocommerce_loop_add_to_cart_link_describedby_12066\" class=\"screen-reader-text\">\n\t\t\t<\/span>\n<\/div>\t<\/div>\n<\/li>\n\n\n<li class=\" geschenkkarten post-12067 product  instock virtual taxable purchasable product-type-simple\">\n\t<div class=\"uael-woo-product-wrapper uael-prod-auto-align-disabled\">\n\t\t<div class=\"uael-woo-products-thumbnail-wrap\"><div class=\"uael-flash-container \"><\/div><a href=\"https:\/\/www.dream-x.ch\/de\/product\/geschenkkarte-chf-100\/\" class=\"woocommerce-LoopProduct-link woocommerce-loop-product__link\"><img decoding=\"async\" width=\"600\" height=\"600\" src=\"https:\/\/www.dream-x.ch\/wp-content\/uploads\/2022\/11\/Gift_Card_100-600x600.jpg\" class=\"attachment-woocommerce_thumbnail size-woocommerce_thumbnail\" alt=\"Geschenkkarte 100\" \/><\/a><\/div><div class=\"uael-woo-products-summary-wrap uael-auto-align-disabled\">\t\t\t<span class=\"uael-woo-product-category\">\n\t\t\t\tGeschenkkarten\t\t\t<\/span> \n\t\t\t<a href=\"https:\/\/www.dream-x.ch\/de\/product\/geschenkkarte-chf-100\/\" class=\"uael-loop-product__link\"><h2 class=\"woocommerce-loop-product__title\">Geschenkkarte CHF 100.-<\/h2><\/a>\n\t<span class=\"price\"><span class=\"woocommerce-Price-amount amount\"><bdi><span class=\"woocommerce-Price-currencySymbol\">&#67;&#72;&#70;<\/span>&nbsp;100.00<\/bdi><\/span> <small class=\"woocommerce-price-suffix\">incl. VAT<\/small><\/span>\n<a href=\"\/de\/wp-json\/wp\/v2\/pages\/12038?add-to-cart=12067\" aria-describedby=\"woocommerce_loop_add_to_cart_link_describedby_12067\" data-quantity=\"1\" class=\"button product_type_simple add_to_cart_button ajax_add_to_cart \" data-product_id=\"12067\" data-product_sku=\"GIFT-100\" aria-label=\"In den Warenkorb legen: \u201eGeschenkkarte CHF 100.-\u201c\" rel=\"nofollow\" data-success_message=\"\u201eGeschenkkarte CHF 100.-\u201c wurde deinem Warenkorb hinzugef\u00fcgt\" role=\"button\">In den Warenkorb<\/a>\t<span id=\"woocommerce_loop_add_to_cart_link_describedby_12067\" class=\"screen-reader-text\">\n\t\t\t<\/span>\n<\/div>\t<\/div>\n<\/li>\n\n\n<li class=\" geschenkkarten post-12068 product  instock virtual taxable purchasable product-type-simple\">\n\t<div class=\"uael-woo-product-wrapper uael-prod-auto-align-disabled\">\n\t\t<div class=\"uael-woo-products-thumbnail-wrap\"><div class=\"uael-flash-container \"><\/div><a href=\"https:\/\/www.dream-x.ch\/de\/product\/geschenkkarte-chf-200\/\" class=\"woocommerce-LoopProduct-link woocommerce-loop-product__link\"><img decoding=\"async\" width=\"600\" height=\"600\" src=\"https:\/\/www.dream-x.ch\/wp-content\/uploads\/2022\/11\/Gift_Card_200-600x600.jpg\" class=\"attachment-woocommerce_thumbnail size-woocommerce_thumbnail\" alt=\"Geschenkkarte 200\" \/><\/a><\/div><div class=\"uael-woo-products-summary-wrap uael-auto-align-disabled\">\t\t\t<span class=\"uael-woo-product-category\">\n\t\t\t\tGeschenkkarten\t\t\t<\/span> \n\t\t\t<a href=\"https:\/\/www.dream-x.ch\/de\/product\/geschenkkarte-chf-200\/\" class=\"uael-loop-product__link\"><h2 class=\"woocommerce-loop-product__title\">Geschenkkarte CHF 200.-<\/h2><\/a>\n\t<span class=\"price\"><span class=\"woocommerce-Price-amount amount\"><bdi><span class=\"woocommerce-Price-currencySymbol\">&#67;&#72;&#70;<\/span>&nbsp;200.00<\/bdi><\/span> <small class=\"woocommerce-price-suffix\">incl. VAT<\/small><\/span>\n<a href=\"\/de\/wp-json\/wp\/v2\/pages\/12038?add-to-cart=12068\" aria-describedby=\"woocommerce_loop_add_to_cart_link_describedby_12068\" data-quantity=\"1\" class=\"button product_type_simple add_to_cart_button ajax_add_to_cart \" data-product_id=\"12068\" data-product_sku=\"GIFT-200\" aria-label=\"In den Warenkorb legen: \u201eGeschenkkarte CHF 200.-\u201c\" rel=\"nofollow\" data-success_message=\"\u201eGeschenkkarte CHF 200.-\u201c wurde deinem Warenkorb hinzugef\u00fcgt\" role=\"button\">In den Warenkorb<\/a>\t<span id=\"woocommerce_loop_add_to_cart_link_describedby_12068\" class=\"screen-reader-text\">\n\t\t\t<\/span>\n<\/div>\t<\/div>\n<\/li>\n\n\n<li class=\" geschenkkarten post-12069 product last instock virtual taxable purchasable product-type-simple\">\n\t<div class=\"uael-woo-product-wrapper uael-prod-auto-align-disabled\">\n\t\t<div class=\"uael-woo-products-thumbnail-wrap\"><div class=\"uael-flash-container \"><\/div><a href=\"https:\/\/www.dream-x.ch\/de\/product\/geschenkkarte-chf-300\/\" class=\"woocommerce-LoopProduct-link woocommerce-loop-product__link\"><img loading=\"lazy\" decoding=\"async\" width=\"600\" height=\"600\" src=\"https:\/\/www.dream-x.ch\/wp-content\/uploads\/2022\/11\/Gift_Card_300-600x600.jpg\" class=\"attachment-woocommerce_thumbnail size-woocommerce_thumbnail\" alt=\"Geschenkkarte 300\" \/><\/a><\/div><div class=\"uael-woo-products-summary-wrap uael-auto-align-disabled\">\t\t\t<span class=\"uael-woo-product-category\">\n\t\t\t\tGeschenkkarten\t\t\t<\/span> \n\t\t\t<a href=\"https:\/\/www.dream-x.ch\/de\/product\/geschenkkarte-chf-300\/\" class=\"uael-loop-product__link\"><h2 class=\"woocommerce-loop-product__title\">Geschenkkarte CHF 300.-<\/h2><\/a>\n\t<span class=\"price\"><span class=\"woocommerce-Price-amount amount\"><bdi><span class=\"woocommerce-Price-currencySymbol\">&#67;&#72;&#70;<\/span>&nbsp;300.00<\/bdi><\/span> <small class=\"woocommerce-price-suffix\">incl. VAT<\/small><\/span>\n<a href=\"\/de\/wp-json\/wp\/v2\/pages\/12038?add-to-cart=12069\" aria-describedby=\"woocommerce_loop_add_to_cart_link_describedby_12069\" data-quantity=\"1\" class=\"button product_type_simple add_to_cart_button ajax_add_to_cart \" data-product_id=\"12069\" data-product_sku=\"GIFT-300\" aria-label=\"In den Warenkorb legen: \u201eGeschenkkarte CHF 300.-\u201c\" rel=\"nofollow\" data-success_message=\"\u201eGeschenkkarte CHF 300.-\u201c wurde deinem Warenkorb hinzugef\u00fcgt\" role=\"button\">In den Warenkorb<\/a>\t<span id=\"woocommerce_loop_add_to_cart_link_describedby_12069\" class=\"screen-reader-text\">\n\t\t\t<\/span>\n<\/div>\t<\/div>\n<\/li>\n<\/ul>\n<\/div><\/div>\t\t\t\t<\/div>\n\t\t\t\t<\/div>\n\t\t\t\t<div class=\"elementor-element elementor-element-e45b8ce elementor-widget elementor-widget-text-editor\" data-id=\"e45b8ce\" data-element_type=\"widget\" data-e-type=\"widget\" data-widget_type=\"text-editor.default\">\n\t\t\t\t<div class=\"elementor-widget-container\">\n\t\t\t\t\t\t\t\t\t<p>Bedingungen:<\/p>\n<ol>\n<li>Die Geschenkkarte wird in <span style=\"text-decoration: underline;\">Form eines digitalen Codes<\/span> (Gutscheincode) geliefert und kann sofort nach der Bezahlung verwendet werden.<\/li>\n<li>Wird der gesamte Wert beim ersten Kauf nicht verbraucht, bleibt der Restbetrag f\u00fcr den n\u00e4chsten Kauf verf\u00fcgbar.<\/li>\n<li>Die Geschenkkarte ist ab dem Ausstellungsdatum 2 Jahre lang g\u00fcltig.<\/li>\n<li>Es gelten immer die<a href=\"https:\/\/www.dream-x.ch\/de\/allgemeine-bedingungen-und-konditionen\/\"> allgemeinen Bedingungen<\/a> von Dream X.<\/li>\n<\/ol>\n\t\t\t\t\t\t\t\t<\/div>\n\t\t\t\t<\/div>\n\t\t\t\t\t<\/div>\n\t\t<\/div>\n\t\t\t\t\t<\/div>\n\t\t<\/section>\n\t\t\t\t\t<\/div>\n\t\t<\/div>\n\t\t\t\t\t<\/div>\n\t\t<\/section>\n\t\t\t\t<section class=\"elementor-section elementor-top-section elementor-element elementor-element-423a512 elementor-section-boxed elementor-section-height-default elementor-section-height-default\" data-id=\"423a512\" data-element_type=\"section\" data-e-type=\"section\">\n\t\t\t\t\t\t<div class=\"elementor-container elementor-column-gap-default\">\n\t\t\t\t\t<div class=\"elementor-column elementor-col-100 elementor-top-column elementor-element elementor-element-7ebd63f\" data-id=\"7ebd63f\" data-element_type=\"column\" data-e-type=\"column\">\n\t\t\t<div class=\"elementor-widget-wrap elementor-element-populated\">\n\t\t\t\t\t\t<div class=\"elementor-element elementor-element-1b54da1 elementor-widget elementor-widget-template\" data-id=\"1b54da1\" data-element_type=\"widget\" data-e-type=\"widget\" data-widget_type=\"template.default\">\n\t\t\t\t<div class=\"elementor-widget-container\">\n\t\t\t\t\t\t\t<div class=\"elementor-template\">\n\t\t\t\t\t<div data-elementor-type=\"section\" data-elementor-id=\"12053\" class=\"elementor elementor-12053 elementor-5800\" data-elementor-post-type=\"elementor_library\">\n\t\t\t\t\t<section class=\"elementor-section elementor-top-section elementor-element elementor-element-4a96122d elementor-section-full_width elementor-section-height-default elementor-section-height-default\" data-id=\"4a96122d\" data-element_type=\"section\" data-e-type=\"section\">\n\t\t\t\t\t\t<div class=\"elementor-container elementor-column-gap-default\">\n\t\t\t\t\t<div class=\"elementor-column elementor-col-100 elementor-top-column elementor-element elementor-element-1ba1bb9b\" data-id=\"1ba1bb9b\" data-element_type=\"column\" data-e-type=\"column\">\n\t\t\t<div class=\"elementor-widget-wrap elementor-element-populated\">\n\t\t\t\t\t\t<section data-pa-eq-height=\"{&quot;targetType&quot;:&quot;custom&quot;,&quot;target&quot;:[&quot;.elementor-image-box-wrapper&quot;],&quot;trigger&quot;:&quot;load&quot;,&quot;enableOn&quot;:[&quot;desktop&quot;,&quot;tablet&quot;,&quot;mobile&quot;,&quot;widescreen&quot;,&quot;laptop&quot;,&quot;tablet_extra&quot;,&quot;mobile_extra&quot;]}\" class=\"elementor-section elementor-inner-section elementor-element elementor-element-74bd411 premium-equal-height-yes elementor-section-full_width elementor-section-height-default elementor-section-height-default\" data-id=\"74bd411\" data-element_type=\"section\" data-e-type=\"section\" data-settings=\"{&quot;premium_eq_height_switcher&quot;:&quot;yes&quot;}\">\n\t\t\t\t\t\t<div class=\"elementor-container elementor-column-gap-default\">\n\t\t\t\t\t<div class=\"elementor-column elementor-col-33 elementor-inner-column elementor-element elementor-element-6be32e9d\" data-id=\"6be32e9d\" data-element_type=\"column\" data-e-type=\"column\">\n\t\t\t<div class=\"elementor-widget-wrap elementor-element-populated\">\n\t\t\t\t\t\t<div class=\"elementor-element elementor-element-5f9d2ede elementor-position-top elementor-widget elementor-widget-image-box\" data-id=\"5f9d2ede\" data-element_type=\"widget\" data-e-type=\"widget\" box-services=\"\" data-widget_type=\"image-box.default\">\n\t\t\t\t<div class=\"elementor-widget-container\">\n\t\t\t\t\t<div class=\"elementor-image-box-wrapper\"><figure class=\"elementor-image-box-img\"><img loading=\"lazy\" decoding=\"async\" width=\"120\" height=\"120\" src=\"https:\/\/www.dream-x.ch\/wp-content\/uploads\/2018\/12\/globe-free-img.png\" class=\"attachment-full size-full wp-image-586\" alt=\"\" srcset=\"https:\/\/www.dream-x.ch\/wp-content\/uploads\/2018\/12\/globe-free-img.png 120w, https:\/\/www.dream-x.ch\/wp-content\/uploads\/2018\/12\/globe-free-img-100x100.png 100w\" sizes=\"(max-width: 120px) 100vw, 120px\" \/><\/figure><div class=\"elementor-image-box-content\"><h5 class=\"elementor-image-box-title\">Versand in die Schweiz und nach Liechtenstein<\/h5><p class=\"elementor-image-box-description\">Wir bieten die Tracking-Nummer, um Ihr Paket zu verfolgen.<\/p><\/div><\/div>\t\t\t\t<\/div>\n\t\t\t\t<\/div>\n\t\t\t\t\t<\/div>\n\t\t<\/div>\n\t\t\t\t<div class=\"elementor-column elementor-col-33 elementor-inner-column elementor-element elementor-element-3c845c87\" data-id=\"3c845c87\" data-element_type=\"column\" data-e-type=\"column\">\n\t\t\t<div class=\"elementor-widget-wrap elementor-element-populated\">\n\t\t\t\t\t\t<div class=\"elementor-element elementor-element-5234701b elementor-position-top elementor-widget elementor-widget-image-box\" data-id=\"5234701b\" data-element_type=\"widget\" data-e-type=\"widget\" data-widget_type=\"image-box.default\">\n\t\t\t\t<div class=\"elementor-widget-container\">\n\t\t\t\t\t<div class=\"elementor-image-box-wrapper\"><figure class=\"elementor-image-box-img\"><img loading=\"lazy\" decoding=\"async\" width=\"120\" height=\"120\" src=\"https:\/\/www.dream-x.ch\/wp-content\/uploads\/2018\/12\/lock-free-img.png\" class=\"attachment-full size-full wp-image-587\" alt=\"\" srcset=\"https:\/\/www.dream-x.ch\/wp-content\/uploads\/2018\/12\/lock-free-img.png 120w, https:\/\/www.dream-x.ch\/wp-content\/uploads\/2018\/12\/lock-free-img-100x100.png 100w\" sizes=\"(max-width: 120px) 100vw, 120px\" \/><\/figure><div class=\"elementor-image-box-content\"><h5 class=\"elementor-image-box-title\">Sichere Zahlungen<\/h5><p class=\"elementor-image-box-description\">Unsere Website ist SSL-gesichert.<\/p><\/div><\/div>\t\t\t\t<\/div>\n\t\t\t\t<\/div>\n\t\t\t\t\t<\/div>\n\t\t<\/div>\n\t\t\t\t<div class=\"elementor-column elementor-col-33 elementor-inner-column elementor-element elementor-element-278abe53\" data-id=\"278abe53\" data-element_type=\"column\" data-e-type=\"column\">\n\t\t\t<div class=\"elementor-widget-wrap elementor-element-populated\">\n\t\t\t\t\t\t<div class=\"elementor-element elementor-element-6de2fad8 elementor-position-top elementor-widget elementor-widget-image-box\" data-id=\"6de2fad8\" data-element_type=\"widget\" data-e-type=\"widget\" data-widget_type=\"image-box.default\">\n\t\t\t\t<div class=\"elementor-widget-container\">\n\t\t\t\t\t<div class=\"elementor-image-box-wrapper\"><figure class=\"elementor-image-box-img\"><img loading=\"lazy\" decoding=\"async\" width=\"128\" height=\"128\" src=\"https:\/\/www.dream-x.ch\/wp-content\/uploads\/2022\/11\/box_128.png\" class=\"attachment-full size-full wp-image-8083\" alt=\"\" srcset=\"https:\/\/www.dream-x.ch\/wp-content\/uploads\/2022\/11\/box_128.png 128w, https:\/\/www.dream-x.ch\/wp-content\/uploads\/2022\/11\/box_128-100x100.png 100w\" sizes=\"(max-width: 128px) 100vw, 128px\" \/><\/figure><div class=\"elementor-image-box-content\"><h5 class=\"elementor-image-box-title\">Diskrete Verpackung<\/h5><p class=\"elementor-image-box-description\">Ihre Bestellung wird in einem neutralen Karton ohne Logo versandt.<\/p><\/div><\/div>\t\t\t\t<\/div>\n\t\t\t\t<\/div>\n\t\t\t\t\t<\/div>\n\t\t<\/div>\n\t\t\t\t\t<\/div>\n\t\t<\/section>\n\t\t\t\t\t<\/div>\n\t\t<\/div>\n\t\t\t\t\t<\/div>\n\t\t<\/section>\n\t\t\t\t<\/div>\n\t\t\t\t<\/div>\n\t\t\t\t\t\t<\/div>\n\t\t\t\t<\/div>\n\t\t\t\t\t<\/div>\n\t\t<\/div>\n\t\t\t\t\t<\/div>\n\t\t<\/section>\n\t\t\t\t<\/div>\n\t\t","protected":false},"excerpt":{"rendered":"<p>Geschenkkarten Ein Geburtstag, ein Junggesellinnenabschied oder ein anderes Ereignis steht bevor und Sie wissen nicht, was Sie schenken sollen? W\u00e4hlen Sie einen unserer Geschenkgutscheine und lassen Sie den Beschenkten das gew\u00fcnschte Geschenk ausw\u00e4hlen! Gift Cards Gift Card CHF 50.- Rated 0 out of 5 &#67;&#72;&#70;&nbsp;50.00 incl. VAT Add to cart Gift Cards Gift Card CHF [&hellip;]<\/p>\n","protected":false},"author":1,"featured_media":0,"parent":0,"menu_order":0,"comment_status":"closed","ping_status":"closed","template":"","meta":{"site-sidebar-layout":"no-sidebar","site-content-layout":"page-builder","ast-site-content-layout":"default","site-content-style":"default","site-sidebar-style":"default","ast-global-header-display":"","ast-banner-title-visibility":"","ast-main-header-display":"","ast-hfb-above-header-display":"","ast-hfb-below-header-display":"","ast-hfb-mobile-header-display":"","site-post-title":"disabled","ast-breadcrumbs-content":"","ast-featured-img":"disabled","footer-sml-layout":"","ast-disable-related-posts":"","theme-transparent-header-meta":"disabled","adv-header-id-meta":"","stick-header-meta":"","header-above-stick-meta":"","header-main-stick-meta":"","header-below-stick-meta":"","astra-migrate-meta-layouts":"default","ast-page-background-enabled":"default","ast-page-background-meta":{"desktop":{"background-color":"","background-image":"","background-repeat":"repeat","background-position":"center center","background-size":"auto","background-attachment":"scroll","background-type":"","background-media":"","overlay-type":"","overlay-color":"","overlay-opacity":"","overlay-gradient":""},"tablet":{"background-color":"","background-image":"","background-repeat":"repeat","background-position":"center center","background-size":"auto","background-attachment":"scroll","background-type":"","background-media":"","overlay-type":"","overlay-color":"","overlay-opacity":"","overlay-gradient":""},"mobile":{"background-color":"","background-image":"","background-repeat":"repeat","background-position":"center center","background-size":"auto","background-attachment":"scroll","background-type":"","background-media":"","overlay-type":"","overlay-color":"","overlay-opacity":"","overlay-gradient":""}},"ast-content-background-meta":{"desktop":{"background-color":"var(--ast-global-color-5)","background-image":"","background-repeat":"repeat","background-position":"center center","background-size":"auto","background-attachment":"scroll","background-type":"","background-media":"","overlay-type":"","overlay-color":"","overlay-opacity":"","overlay-gradient":""},"tablet":{"background-color":"var(--ast-global-color-5)","background-image":"","background-repeat":"repeat","background-position":"center center","background-size":"auto","background-attachment":"scroll","background-type":"","background-media":"","overlay-type":"","overlay-color":"","overlay-opacity":"","overlay-gradient":""},"mobile":{"background-color":"var(--ast-global-color-5)","background-image":"","background-repeat":"repeat","background-position":"center center","background-size":"auto","background-attachment":"scroll","background-type":"","background-media":"","overlay-type":"","overlay-color":"","overlay-opacity":"","overlay-gradient":""}},"footnotes":""},"class_list":["post-12038","page","type-page","status-publish","hentry","desktop-align-center","tablet-align-left","mobile-align-left","ast-product-gallery-layout-horizontal-slider","ast-product-gallery-with-no-image","ast-product-tabs-layout-horizontal"],"_links":{"self":[{"href":"https:\/\/www.dream-x.ch\/de\/wp-json\/wp\/v2\/pages\/12038","targetHints":{"allow":["GET"]}}],"collection":[{"href":"https:\/\/www.dream-x.ch\/de\/wp-json\/wp\/v2\/pages"}],"about":[{"href":"https:\/\/www.dream-x.ch\/de\/wp-json\/wp\/v2\/types\/page"}],"author":[{"embeddable":true,"href":"https:\/\/www.dream-x.ch\/de\/wp-json\/wp\/v2\/users\/1"}],"replies":[{"embeddable":true,"href":"https:\/\/www.dream-x.ch\/de\/wp-json\/wp\/v2\/comments?post=12038"}],"version-history":[{"count":0,"href":"https:\/\/www.dream-x.ch\/de\/wp-json\/wp\/v2\/pages\/12038\/revisions"}],"wp:attachment":[{"href":"https:\/\/www.dream-x.ch\/de\/wp-json\/wp\/v2\/media?parent=12038"}],"curies":[{"name":"wp","href":"https:\/\/api.w.org\/{rel}","templated":true}]}}